{"id":745257,"date":"2025-08-28T02:15:33","date_gmt":"2025-08-27T23:15:33","guid":{"rendered":"https:\/\/roveyayinevi.com.tr\/index.php\/urun\/yaldizli-kemikler-taci\/"},"modified":"2026-04-16T02:57:36","modified_gmt":"2026-04-15T23:57:36","slug":"yaldizli-kemikler-taci","status":"publish","type":"product","link":"https:\/\/roveyayinevi.com.tr\/index.php\/urun\/yaldizli-kemikler-taci\/","title":{"rendered":"Yald\u0131zl\u0131 Kemikler Tac\u0131"},"content":{"rendered":"<p>Jennifer L. Armentrout\u2019tan nefes kesici bir vampir destan\u0131!   Kurban ve kurtulan\u2026 Poppy hayal bile edemeyece\u011fi a\u015fk\u0131, Prens Casteel\u2019de buldu. \u015eimdi mutlulu\u011fun tad\u0131n\u0131 \u00e7\u0131karmak istiyor ama \u00f6nce kurtar\u0131lmay\u0131 bekleyenlerle ilgilenmeli. Bu tehlikeli g\u00f6revin, ikisinin de tahmin edemeyece\u011fi sonu\u00e7lar\u0131 olacak. \u00c7\u00fcnk\u00fc Poppy Se\u00e7ilmi\u015f olan, Kutsanm\u0131\u015f olan. Atlantia\u2019n\u0131n ger\u00e7ek krali\u00e7esi. Damarlar\u0131nda Tanr\u0131lar\u0131n Kral\u0131\u2019n\u0131n kan\u0131n\u0131 ta\u015f\u0131yor. Ta\u00e7 ve taht onun hakk\u0131.   D\u00fc\u015fman ve sava\u015f\u00e7\u0131\u2026 Poppy\u2019nin tek istedi\u011fi kendi hayat\u0131n\u0131 kontrol etmekti, ama \u015fimdi bir se\u00e7im yapmas\u0131 gerekiyor, ya do\u011fu\u015ftan sahip oldu\u011fu haktan vazge\u00e7ecek ya da yald\u0131zl\u0131 tac\u0131 tak\u0131p Ten ve Ate\u015f Krali\u00e7esi olacak. Krall\u0131klar\u0131n karanl\u0131k g\u00fcnahlar\u0131 ve kanl\u0131 s\u0131rlar\u0131 a\u00e7\u0131\u011fa \u00e7\u0131karken, \u00e7oktan unutulmu\u015f bir g\u00fc\u00e7 herkesi tehdit ediyor. Poppy\u2019nin tac\u0131 giymesini engellemek i\u00e7in hi\u00e7bir s\u0131n\u0131r tan\u0131mayacaklar.   Sevgili ve kalp e\u015fi\u2026 Atlantia i\u00e7in en b\u00fcy\u00fck tehdit bat\u0131da bekliyor, Kan ve K\u00fcl Krali\u00e7esi\u2019nin y\u00fczy\u0131llard\u0131r ger\u00e7ekle\u015ftirmeyi tasarlad\u0131\u011f\u0131 planlar\u0131 var. Poppy ve Casteel imk\u00e2ns\u0131z\u0131 d\u00fc\u015f\u00fcnmek zorunda\u2026 Tanr\u0131lar Diyar\u0131\u2019na gidip Kral\u2019\u0131 uyand\u0131rmal\u0131lar. \u015eoke edici s\u0131rlar ve en b\u00fcy\u00fck ihanetler ortaya d\u00f6k\u00fcld\u00fck\u00e7e, u\u011fruna sava\u015ft\u0131klar\u0131 her \u015feyi tehdit eden d\u00fc\u015fmanlar meydana \u00e7\u0131kt\u0131k\u00e7a Poppy ve Casteel halklar\u0131 ve birbirleri u\u011fruna neler yapabileceklerini ke\u015ffedecekler. Ya krali\u00e7eni selamla ya da \u00f6lmeye haz\u0131r ol\u2026 <\/p>\n","protected":false},"excerpt":{"rendered":"<p>Jennifer L. Armentrout\u2019tan nefes kesici bir vampir destan\u0131! Kurban ve kurtulan\u2026 Poppy hayal bile edemeyece\u011fi a\u015fk\u0131, Prens Casteel\u2019de buldu. \u015eimdi mutlulu\u011fun tad\u0131n\u0131 \u00e7\u0131karmak istiyor ama \u00f6nce<span class=\"excerpt-hellip\"> [\u2026]<\/span><\/p>\n","protected":false},"featured_media":0,"template":"","meta":{"_monsterinsights_skip_tracking":false,"_monsterinsights_sitenote_active":false,"_monsterinsights_sitenote_note":"","_monsterinsights_sitenote_category":0},"product_brand":[],"product_cat":[12291,14777],"product_tag":[],"class_list":{"0":"post-745257","1":"product","2":"type-product","3":"status-publish","5":"product_cat-edebiyat","6":"product_cat-fantastik","7":"pa_cilt-ciltsiz","8":"pa_tur-kitap","9":"pa_yayinevi-dex-yayinevi","10":"pa_yazar-jennifer-l-armentrout","12":"first","13":"instock","14":"sale","15":"shipping-taxable","16":"purchasable","17":"product-type-simple"},"_links":{"self":[{"href":"https:\/\/roveyayinevi.com.tr\/index.php\/wp-json\/wp\/v2\/product\/745257","targetHints":{"allow":["GET"]}}],"collection":[{"href":"https:\/\/roveyayinevi.com.tr\/index.php\/wp-json\/wp\/v2\/product"}],"about":[{"href":"https:\/\/roveyayinevi.com.tr\/index.php\/wp-json\/wp\/v2\/types\/product"}],"wp:attachment":[{"href":"https:\/\/roveyayinevi.com.tr\/index.php\/wp-json\/wp\/v2\/media?parent=745257"}],"wp:term":[{"taxonomy":"product_brand","embeddable":true,"href":"https:\/\/roveyayinevi.com.tr\/index.php\/wp-json\/wp\/v2\/product_brand?post=745257"},{"taxonomy":"product_cat","embeddable":true,"href":"https:\/\/roveyayinevi.com.tr\/index.php\/wp-json\/wp\/v2\/product_cat?post=745257"},{"taxonomy":"product_tag","embeddable":true,"href":"https:\/\/roveyayinevi.com.tr\/index.php\/wp-json\/wp\/v2\/product_tag?post=745257"}],"curies":[{"name":"wp","href":"https:\/\/api.w.org\/{rel}","templated":true}]}}