{"id":745256,"date":"2025-08-28T02:15:31","date_gmt":"2025-08-27T23:15:31","guid":{"rendered":"https:\/\/roveyayinevi.com.tr\/index.php\/urun\/cehennemi-yasadim\/"},"modified":"2026-04-16T02:57:36","modified_gmt":"2026-04-15T23:57:36","slug":"cehennemi-yasadim","status":"publish","type":"product","link":"https:\/\/roveyayinevi.com.tr\/index.php\/urun\/cehennemi-yasadim\/","title":{"rendered":"Cehennemi Ya\u015fad\u0131m"},"content":{"rendered":"<p>\u2022   Ter\u00f6r \u00f6rg\u00fct\u00fcn\u00fcn ka\u00e7\u0131rd\u0131\u011f\u0131 asker ve polislerimiz zindanda neler  ya\u015fad\u0131? \u2022   Evlatlar\u0131n\u0131 kurtarmak isteyen aileler ni\u00e7in da\u011f bay\u0131r dola\u015ft\u0131, kimlere ula\u015ft\u0131? \u2022   Ter\u00f6r zindan\u0131ndakiler g\u00f6nderdikleri ilk ve son mektuplar\u0131nda neler yazd\u0131lar? \u2022   Ni\u00e7in sitem ettiler, devletten ve ailelerinden neler istediler? \u2022   Gara\u2019daki vatanda\u015flar\u0131m\u0131z\u0131 kurtarma operasyonu nas\u0131l haz\u0131rland\u0131? \u2022   G\u00fcne\u015fi, r\u00fczg\u00e2r\u0131, g\u00fcnd\u00fcz\u00fc ni\u00e7in unuttular; alt\u0131 y\u0131l sonra \u00f6ld\u00fcr\u00fclme emrini kim verdi? \u2022   Zindan\u0131n yakalanan s\u00f6zde gardiyanlar\u0131 ifadelerinde ne s\u00f6ylediler? \u2022   Ter\u00f6rist zindanlar\u0131nda yap\u0131lan i\u015fkenceleri ya\u015fayanlar nas\u0131l anlatt\u0131? \u2022   Kurtar\u0131lan kaymakam, asker, polis ve korucuba\u015flar\u0131 bu kitap i\u00e7in       neler anlatt\u0131?   Ara\u015ft\u0131rmac\u0131 gazeteci-yazar Sayg\u0131 \u00d6zt\u00fcrk, Cehennemi Ya\u015fad\u0131m\u2019da ka\u00e7\u0131r\u0131lan asker ve polislerimizin \u015fehit edildi\u011fi  Gara zindan\u0131nda ya\u015fananlar\u0131n perde arkas\u0131n\u0131, kahramanlar\u0131n son dakikaya kadar direni\u015flerini, i\u015fkencelerden kurtulanlar\u0131n ger\u00e7ek ya\u015fam\u00f6yk\u00fcs\u00fcn\u00fc  anlat\u0131yor. <\/p>\n","protected":false},"excerpt":{"rendered":"<p>\u2022 Ter\u00f6r \u00f6rg\u00fct\u00fcn\u00fcn ka\u00e7\u0131rd\u0131\u011f\u0131 asker ve polislerimiz zindanda neler ya\u015fad\u0131? \u2022 Evlatlar\u0131n\u0131 kurtarmak isteyen aileler ni\u00e7in da\u011f bay\u0131r dola\u015ft\u0131, kimlere ula\u015ft\u0131? \u2022 Ter\u00f6r zindan\u0131ndakiler g\u00f6nderdikleri ilk<span class=\"excerpt-hellip\"> [\u2026]<\/span><\/p>\n","protected":false},"featured_media":0,"template":"","meta":{"_monsterinsights_skip_tracking":false,"_monsterinsights_sitenote_active":false,"_monsterinsights_sitenote_note":"","_monsterinsights_sitenote_category":0},"product_brand":[],"product_cat":[13701,12291],"product_tag":[],"class_list":{"0":"post-745256","1":"product","2":"type-product","3":"status-publish","5":"product_cat-ani-mektup-gunluk","6":"product_cat-edebiyat","7":"pa_cilt-ciltsiz","8":"pa_tur-kitap","9":"pa_yayinevi-dogan-kitap","10":"pa_yazar-saygi-ozturk","12":"first","13":"instock","14":"sale","15":"shipping-taxable","16":"purchasable","17":"product-type-simple"},"_links":{"self":[{"href":"https:\/\/roveyayinevi.com.tr\/index.php\/wp-json\/wp\/v2\/product\/745256","targetHints":{"allow":["GET"]}}],"collection":[{"href":"https:\/\/roveyayinevi.com.tr\/index.php\/wp-json\/wp\/v2\/product"}],"about":[{"href":"https:\/\/roveyayinevi.com.tr\/index.php\/wp-json\/wp\/v2\/types\/product"}],"wp:attachment":[{"href":"https:\/\/roveyayinevi.com.tr\/index.php\/wp-json\/wp\/v2\/media?parent=745256"}],"wp:term":[{"taxonomy":"product_brand","embeddable":true,"href":"https:\/\/roveyayinevi.com.tr\/index.php\/wp-json\/wp\/v2\/product_brand?post=745256"},{"taxonomy":"product_cat","embeddable":true,"href":"https:\/\/roveyayinevi.com.tr\/index.php\/wp-json\/wp\/v2\/product_cat?post=745256"},{"taxonomy":"product_tag","embeddable":true,"href":"https:\/\/roveyayinevi.com.tr\/index.php\/wp-json\/wp\/v2\/product_tag?post=745256"}],"curies":[{"name":"wp","href":"https:\/\/api.w.org\/{rel}","templated":true}]}}