{"id":745255,"date":"2025-08-28T02:15:31","date_gmt":"2025-08-27T23:15:31","guid":{"rendered":"https:\/\/roveyayinevi.com.tr\/index.php\/urun\/duzenin-kokenleri-ciltli\/"},"modified":"2025-10-23T08:36:01","modified_gmt":"2025-10-23T05:36:01","slug":"duzenin-kokenleri-ciltli","status":"publish","type":"product","link":"https:\/\/roveyayinevi.com.tr\/index.php\/urun\/duzenin-kokenleri-ciltli\/","title":{"rendered":"D\u00fczenin K\u00f6kenleri (Ciltli)"},"content":{"rendered":"<p>Stuart Kauffman,  karma\u015f\u0131k biyolojik sistemlerde ya\u015fam\u0131n k\u00f6kenleri ve d\u00fczenin korunmas\u0131 konusundaki heyecan verici tart\u0131\u015fman\u0131n kalbine giderek, kendi kendine \u00f6rg\u00fctlenme kavram\u0131na odaklan\u0131yor. Kendisi, do\u011fada yayg\u0131n olarak g\u00f6zlemlenen d\u00fczenin kendili\u011finden ortaya \u00e7\u0131k\u0131\u015f\u0131 ve kendi kendine \u00f6rg\u00fctlenmenin Darwinci do\u011fal se\u00e7ilim s\u00fcrecinde \u00f6nemli bir rol oynad\u0131\u011f\u0131n\u0131 ilk \u00f6ne s\u00fcrenlerden. Bu konuda d\u00fcnyadaki ilk \u00f6nc\u00fclerden olan Kauffman\u2019\u0131n bu kitab\u0131, uygulamal\u0131 molek\u00fcler evrimin yeni biyoteknolojisi, do\u011fal olarak olu\u015fan bir\u00e7ok sistemde g\u00f6zlemlenen d\u00fczen ve kaos aras\u0131ndaki denge, biyolojide istatistiksel mekani\u011fin \u00f6nemi ve ilgili di\u011fer \u00f6nemli konular \u00fczerine temel ba\u015fvuru kitab\u0131 niteli\u011findedir.   \u201cD\u00fczenin K\u00f6kenleri, do\u011fan\u0131n fizi\u011fini \u00e7ok daha iyi anlamam\u0131za katk\u0131 yapacak yeni bir alana geni\u015f bir kap\u0131 a\u00e7\u0131yor. Biyologlar\u0131n canl\u0131lar d\u00fcnyas\u0131nda tan\u0131k olduklar\u0131 molek\u00fcler kendi kendine d\u00fczenleme s\u00fcre\u00e7lerini fizi\u011fin  bak\u0131\u015f a\u00e7\u0131s\u0131ndan ele al\u0131yor.\u201d \u2013Manfred Eigen, Nobel \u00f6d\u00fcll\u00fc bilim insan\u0131,   \u201cBu d\u00fcnyada do\u011fru bilimsel sorular\u0131 soran insan say\u0131s\u0131 \u00e7ok az ve bilimin gelece\u011fini en derinden etkileyenler de onlar. Kauffman onlardan biri.Mutlaka okunmas\u0131 gereken bir kitap.\u201d \u2013Philip Anderson, Nobel \u00f6d\u00fcll\u00fc bilim insan\u0131   \u201cProfes\u00f6r Kauffman\u2019\u0131n y\u00fcksek bir hayal g\u00fcc\u00fcyle haz\u0131rlanm\u0131\u015f bu kitab\u0131 hayli d\u00fc\u015f\u00fcnd\u00fcr\u00fcc\u00fc.\u201d \u2013Lewis Wolpert   \u201cStuart Kauffman y\u0131llard\u0131r bu Ortodoks olmayan d\u00fczen kaynaklar\u0131n\u0131 ara\u015ft\u0131r\u0131yor ve daha kapsaml\u0131 ve daha tatmin edici bir evrim teorisi aray\u0131\u015f\u0131m\u0131zda \u00e7\u0131\u011f\u0131r a\u00e7\u0131c\u0131 bir klasik olacak b\u00fct\u00fcnl\u00fckl\u00fc bir kitapla kar\u015f\u0131m\u0131za \u00e7\u0131k\u0131yor.\u201d \u2013Stephen Jay Gould   \u201cDo\u011fal se\u00e7ilimin her adaptif de\u011fi\u015fikli\u011fi ba\u015farabilece\u011fini savunan kolayc\u0131 \u00f6neri, kendi kurulum ve etkile\u015fim kurallar\u0131 olan y\u00fcksek d\u00fczeyde yap\u0131lanm\u0131\u015f sistemlerin \u00f6n\u00fcm\u00fcze \u00e7\u0131kard\u0131\u011f\u0131 problemleri g\u00f6zden ka\u00e7\u0131r\u0131yor. Stuart Kauffman\u2019\u0131n kitab\u0131 D\u00fczenin K\u00f6kenleri evrim probleminde dikkatlerimizi yeniden, evrimcilerin uzun s\u00fcredir ka\u00e7\u0131nd\u0131klar\u0131 temel meseleye, hakl\u0131 olarak organizma ad\u0131n\u0131 verdi\u011fimiz karma\u015f\u0131k \u00f6rg\u00fctl\u00fc bir sistemin nas\u0131l evrildi\u011fi sorusuna \u00e7eviriyor. Evrimcilerin Kauffman\u2019\u0131n g\u00f6r\u00fc\u015flerini ciddiye almalar\u0131nda yarar var.\u201d \u2013Richard C. Lewontin<\/p>\n","protected":false},"excerpt":{"rendered":"<p>Stuart Kauffman, karma\u015f\u0131k biyolojik sistemlerde ya\u015fam\u0131n k\u00f6kenleri ve d\u00fczenin korunmas\u0131 konusundaki heyecan verici tart\u0131\u015fman\u0131n kalbine giderek, kendi kendine \u00f6rg\u00fctlenme kavram\u0131na odaklan\u0131yor. Kendisi, do\u011fada yayg\u0131n olarak g\u00f6zlemlenen<span class=\"excerpt-hellip\"> [\u2026]<\/span><\/p>\n","protected":false},"featured_media":0,"template":"","meta":{"_monsterinsights_skip_tracking":false,"_monsterinsights_sitenote_active":false,"_monsterinsights_sitenote_note":"","_monsterinsights_sitenote_category":0},"product_brand":[],"product_cat":[13005,37328],"product_tag":[],"class_list":{"0":"post-745255","1":"product","2":"type-product","3":"status-publish","5":"product_cat-bilim-muhendislik","6":"product_cat-diger-bilim-muhendislik","7":"pa_cilt-ciltli","8":"pa_tur-kitap","9":"pa_yayinevi-alfa-yayinlari","10":"pa_yazar-stuart-a-kauffman","12":"first","13":"instock","14":"sale","15":"shipping-taxable","16":"purchasable","17":"product-type-simple"},"_links":{"self":[{"href":"https:\/\/roveyayinevi.com.tr\/index.php\/wp-json\/wp\/v2\/product\/745255","targetHints":{"allow":["GET"]}}],"collection":[{"href":"https:\/\/roveyayinevi.com.tr\/index.php\/wp-json\/wp\/v2\/product"}],"about":[{"href":"https:\/\/roveyayinevi.com.tr\/index.php\/wp-json\/wp\/v2\/types\/product"}],"wp:attachment":[{"href":"https:\/\/roveyayinevi.com.tr\/index.php\/wp-json\/wp\/v2\/media?parent=745255"}],"wp:term":[{"taxonomy":"product_brand","embeddable":true,"href":"https:\/\/roveyayinevi.com.tr\/index.php\/wp-json\/wp\/v2\/product_brand?post=745255"},{"taxonomy":"product_cat","embeddable":true,"href":"https:\/\/roveyayinevi.com.tr\/index.php\/wp-json\/wp\/v2\/product_cat?post=745255"},{"taxonomy":"product_tag","embeddable":true,"href":"https:\/\/roveyayinevi.com.tr\/index.php\/wp-json\/wp\/v2\/product_tag?post=745255"}],"curies":[{"name":"wp","href":"https:\/\/api.w.org\/{rel}","templated":true}]}}