{"id":745253,"date":"2025-08-28T02:15:28","date_gmt":"2025-08-27T23:15:28","guid":{"rendered":"https:\/\/roveyayinevi.com.tr\/index.php\/urun\/angeliki-ile-mehmet\/"},"modified":"2026-04-16T02:57:36","modified_gmt":"2026-04-15T23:57:36","slug":"angeliki-ile-mehmet","status":"publish","type":"product","link":"https:\/\/roveyayinevi.com.tr\/index.php\/urun\/angeliki-ile-mehmet\/","title":{"rendered":"Angeliki ile Mehmet"},"content":{"rendered":"<p>\u0130stanbul\u2019da, Beyo\u011flu\u2019nda, Bal\u0131k Pazar\u0131\u2019nda bir ci\u011fercinin o\u011flu ile bir meyhanecinin k\u0131z\u0131 idi onlar. Kar\u015f\u0131l\u0131kl\u0131 d\u00fckk\u00e2nlarda \u00e7al\u0131\u015f\u0131yorlard\u0131, babalar\u0131 da y\u0131llard\u0131r ayn\u0131 soka\u011f\u0131n esnaf\u0131&#8230; \u0130ki gencin birbirlerini g\u00f6r\u00fcp \u00e2\u015f\u0131k olmas\u0131, g\u00fczel bir hik\u00e2yenin ba\u015flang\u0131c\u0131 olabilir, her \u015fey mutlu mesut ilerleyebilirdi&#8230; Biri T\u00fcrk biri Rum olmasayd\u0131&#8230; Sene, 1970 olmasayd\u0131&#8230; Zaman\u0131n ruhunun k\u0131yd\u0131\u011f\u0131 sevdalardan birine d\u00f6n\u00fc\u015fmek \u00fczereydi Angeliki ile Mehmet\u2019in a\u015fk\u0131&#8230; \u00d6nce gizlemeyi denediler, sonra \u015fark\u0131larla beslediler hasretlerini&#8230;Ama bir g\u00fcn&#8230; O b\u00fcy\u00fck yang\u0131n\u0131n k\u0131v\u0131lc\u0131m\u0131 d\u00fc\u015ft\u00fc aralar\u0131na, hayallerinin dekoru parampar\u00e7a olana dek de b\u0131rakmad\u0131 pe\u015flerini. Baz\u0131 a\u015fklar\u0131 bitirmeye \u00e7al\u0131\u015f\u0131r herkes, neden oldu\u011funu bile bilmeden, s\u0131rf \u00f6yle olmas\u0131 gerekti\u011fini \u00f6\u011frendikleri i\u00e7in&#8230; Bir tek \u00e2\u015f\u0131klar savunur bunun kar\u015f\u0131 konulamaz bir his oldu\u011funu. Sonra bir a\u011f\u0131zdan s\u00f6ylerler o \u015fark\u0131y\u0131&#8230; \u201cBu b\u00f6yle yar\u0131m kalmayacak&#8230;\u201d<\/p>\n","protected":false},"excerpt":{"rendered":"<p>\u0130stanbul\u2019da, Beyo\u011flu\u2019nda, Bal\u0131k Pazar\u0131\u2019nda bir ci\u011fercinin o\u011flu ile bir meyhanecinin k\u0131z\u0131 idi onlar. Kar\u015f\u0131l\u0131kl\u0131 d\u00fckk\u00e2nlarda \u00e7al\u0131\u015f\u0131yorlard\u0131, babalar\u0131 da y\u0131llard\u0131r ayn\u0131 soka\u011f\u0131n esnaf\u0131&#8230; \u0130ki gencin birbirlerini g\u00f6r\u00fcp<span class=\"excerpt-hellip\"> [\u2026]<\/span><\/p>\n","protected":false},"featured_media":0,"template":"","meta":{"_monsterinsights_skip_tracking":false,"_monsterinsights_sitenote_active":false,"_monsterinsights_sitenote_note":"","_monsterinsights_sitenote_category":0},"product_brand":[],"product_cat":[12291,50487],"product_tag":[],"class_list":{"0":"post-745253","1":"product","2":"type-product","3":"status-publish","5":"product_cat-edebiyat","6":"product_cat-kurgu","7":"pa_cilt-ciltsiz","8":"pa_tur-kitap","9":"pa_yayinevi-epsilon-yayinlari","10":"pa_yazar-yasemin-ozek","12":"first","13":"instock","14":"sale","15":"shipping-taxable","16":"purchasable","17":"product-type-simple"},"_links":{"self":[{"href":"https:\/\/roveyayinevi.com.tr\/index.php\/wp-json\/wp\/v2\/product\/745253","targetHints":{"allow":["GET"]}}],"collection":[{"href":"https:\/\/roveyayinevi.com.tr\/index.php\/wp-json\/wp\/v2\/product"}],"about":[{"href":"https:\/\/roveyayinevi.com.tr\/index.php\/wp-json\/wp\/v2\/types\/product"}],"wp:attachment":[{"href":"https:\/\/roveyayinevi.com.tr\/index.php\/wp-json\/wp\/v2\/media?parent=745253"}],"wp:term":[{"taxonomy":"product_brand","embeddable":true,"href":"https:\/\/roveyayinevi.com.tr\/index.php\/wp-json\/wp\/v2\/product_brand?post=745253"},{"taxonomy":"product_cat","embeddable":true,"href":"https:\/\/roveyayinevi.com.tr\/index.php\/wp-json\/wp\/v2\/product_cat?post=745253"},{"taxonomy":"product_tag","embeddable":true,"href":"https:\/\/roveyayinevi.com.tr\/index.php\/wp-json\/wp\/v2\/product_tag?post=745253"}],"curies":[{"name":"wp","href":"https:\/\/api.w.org\/{rel}","templated":true}]}}