{"id":745252,"date":"2025-08-28T02:15:27","date_gmt":"2025-08-27T23:15:27","guid":{"rendered":"https:\/\/roveyayinevi.com.tr\/index.php\/urun\/101-kisa-halk-hikayesi\/"},"modified":"2026-04-16T02:57:36","modified_gmt":"2026-04-15T23:57:36","slug":"101-kisa-halk-hikayesi","status":"publish","type":"product","link":"https:\/\/roveyayinevi.com.tr\/index.php\/urun\/101-kisa-halk-hikayesi\/","title":{"rendered":"101 K\u0131sa Halk Hikayesi"},"content":{"rendered":"<p>\u201cYeri geldi\u011finde\u201d anlat\u0131lacak   101 KISA HALK H\u0130K\u00c2YES\u0130   S\u00f6zl\u00fc edebiyat\u0131n ya\u015fayan bir dal\u0131 olan k\u0131sa halk hik\u00e2yeleri, y\u00fczy\u0131llar\u0131n \u00f6tesinden s\u00fcz\u00fcl\u00fcp gelen, insanlar\u0131n, yeri geldi\u011finde, birbirlerine anlatmaktan ho\u015fland\u0131\u011f\u0131 hik\u00e2yelerdir\u2026   Bu hik\u00e2yelerde, sosyal de\u011ferlerle ilgili d\u00fc\u015f\u00fcnce ve davran\u0131\u015f farkl\u0131l\u0131klar\u0131, insan ili\u015fkilerinde ya\u015fanan \u00e7eli\u015fkiler, terslikler, yal\u0131n, e\u011flenceli bir anlat\u0131mla, ilgin\u00e7 ve \u00e7arp\u0131c\u0131 kurguyla i\u015flenir.   Birisinden dinlendi\u011finde ya da okundu\u011funda, bir ders \u00e7\u0131kar\u0131lmas\u0131, bir \u00f6\u011f\u00fct al\u0131nmas\u0131, yani \u201ck\u0131ssadan hisse\u201d kap\u0131lmas\u0131 ama\u00e7lan\u0131r.   K\u0131ssadan hisse: 101 K\u0131sa Halk Hik\u00e2yesi aras\u0131nda, \u201cyeri geldi\u011finde\u201d sizin de anlatmaktan ho\u015flanaca\u011f\u0131n\u0131z bir\u00e7ok hik\u00e2ye oldu\u011funu umut ediyoruz\u2026 \u0130yi okumalar, iyi anlatmalar\u2026 <\/p>\n","protected":false},"excerpt":{"rendered":"<p>\u201cYeri geldi\u011finde\u201d anlat\u0131lacak 101 KISA HALK H\u0130K\u00c2YES\u0130 S\u00f6zl\u00fc edebiyat\u0131n ya\u015fayan bir dal\u0131 olan k\u0131sa halk hik\u00e2yeleri, y\u00fczy\u0131llar\u0131n \u00f6tesinden s\u00fcz\u00fcl\u00fcp gelen, insanlar\u0131n, yeri geldi\u011finde, birbirlerine anlatmaktan ho\u015fland\u0131\u011f\u0131<span class=\"excerpt-hellip\"> [\u2026]<\/span><\/p>\n","protected":false},"featured_media":0,"template":"","meta":{"_monsterinsights_skip_tracking":false,"_monsterinsights_sitenote_active":false,"_monsterinsights_sitenote_note":"","_monsterinsights_sitenote_category":0},"product_brand":[],"product_cat":[12274,12284],"product_tag":[],"class_list":{"0":"post-745252","1":"product","2":"type-product","3":"status-publish","5":"product_cat-cocuk-ve-genclik-kitaplari","6":"product_cat-hikayeler","7":"pa_cilt-ciltsiz","8":"pa_tur-kitap","9":"pa_yayinevi-can-cocuk-yayinlari","10":"pa_yazar-suleyman-bulut","12":"first","13":"instock","14":"sale","15":"shipping-taxable","16":"purchasable","17":"product-type-simple"},"_links":{"self":[{"href":"https:\/\/roveyayinevi.com.tr\/index.php\/wp-json\/wp\/v2\/product\/745252","targetHints":{"allow":["GET"]}}],"collection":[{"href":"https:\/\/roveyayinevi.com.tr\/index.php\/wp-json\/wp\/v2\/product"}],"about":[{"href":"https:\/\/roveyayinevi.com.tr\/index.php\/wp-json\/wp\/v2\/types\/product"}],"wp:attachment":[{"href":"https:\/\/roveyayinevi.com.tr\/index.php\/wp-json\/wp\/v2\/media?parent=745252"}],"wp:term":[{"taxonomy":"product_brand","embeddable":true,"href":"https:\/\/roveyayinevi.com.tr\/index.php\/wp-json\/wp\/v2\/product_brand?post=745252"},{"taxonomy":"product_cat","embeddable":true,"href":"https:\/\/roveyayinevi.com.tr\/index.php\/wp-json\/wp\/v2\/product_cat?post=745252"},{"taxonomy":"product_tag","embeddable":true,"href":"https:\/\/roveyayinevi.com.tr\/index.php\/wp-json\/wp\/v2\/product_tag?post=745252"}],"curies":[{"name":"wp","href":"https:\/\/api.w.org\/{rel}","templated":true}]}}