{"id":745251,"date":"2025-08-28T02:15:26","date_gmt":"2025-08-27T23:15:26","guid":{"rendered":"https:\/\/roveyayinevi.com.tr\/index.php\/urun\/grand-hotel-europa\/"},"modified":"2026-04-16T02:57:36","modified_gmt":"2026-04-15T23:57:36","slug":"grand-hotel-europa","status":"publish","type":"product","link":"https:\/\/roveyayinevi.com.tr\/index.php\/urun\/grand-hotel-europa\/","title":{"rendered":"Grand Hotel Europa"},"content":{"rendered":"<p>Ilja Leonard Pfeijffer adl\u0131 bir yazar kitle turizmi \u00fczerine bir kitap hakk\u0131nda ara\u015ft\u0131rma yaparken ac\u0131 bir ayr\u0131l\u0131k ya\u015far ve an\u0131lar\u0131n\u0131 d\u00fczene sokmak i\u00e7in her \u015feyi b\u0131rakmaya karar verir. Bu i\u015f i\u00e7in se\u00e7ti\u011fi yer, g\u00f6rkemli ge\u00e7mi\u015fi ve bir dizi tuhaf karakterin ya\u015fad\u0131\u011f\u0131 belirsiz gelece\u011fiyle Grand Hotel Europa\u2019d\u0131r. Yazar, Caravaggio\u2019nun son tablosu hakk\u0131nda c\u00fcretk\u00e2r bir teori geli\u015ftiren \u0130talyan sanat tarih\u00e7isi Clio\u2019yla ili\u015fkisini yazarken ge\u00e7mi\u015fi yeniden kurma g\u00f6revini de \u00fcstlenir. Otelin konuklar\u0131yla girdi\u011fi sohbetler, onu eski d\u00fcnya ve ya\u015fl\u0131 k\u0131ta Avrupa hakk\u0131nda d\u00fc\u015f\u00fcnmeye iter.       Grand Hotel Europa, ge\u00e7mi\u015finin a\u011f\u0131rl\u0131\u011f\u0131 alt\u0131nda ezilen Avrupa ve bu k\u0131tan\u0131n gelece\u011fi hakk\u0131nda k\u0131\u015fk\u0131rt\u0131c\u0131, deyi\u015f yerindeyse i\u00e7 g\u0131c\u0131klay\u0131c\u0131 bir roman. <\/p>\n","protected":false},"excerpt":{"rendered":"<p>Ilja Leonard Pfeijffer adl\u0131 bir yazar kitle turizmi \u00fczerine bir kitap hakk\u0131nda ara\u015ft\u0131rma yaparken ac\u0131 bir ayr\u0131l\u0131k ya\u015far ve an\u0131lar\u0131n\u0131 d\u00fczene sokmak i\u00e7in her \u015feyi b\u0131rakmaya<span class=\"excerpt-hellip\"> [\u2026]<\/span><\/p>\n","protected":false},"featured_media":0,"template":"","meta":{"_monsterinsights_skip_tracking":false,"_monsterinsights_sitenote_active":false,"_monsterinsights_sitenote_note":"","_monsterinsights_sitenote_category":0},"product_brand":[],"product_cat":[12291,12711],"product_tag":[],"class_list":{"0":"post-745251","1":"product","2":"type-product","3":"status-publish","5":"product_cat-edebiyat","6":"product_cat-roman-oyku","7":"pa_cilt-ciltsiz","8":"pa_tur-kitap","9":"pa_yayinevi-can-yayinlari","10":"pa_yazar-ilja-leonard-pfeijffer","12":"first","13":"instock","14":"sale","15":"shipping-taxable","16":"purchasable","17":"product-type-simple"},"_links":{"self":[{"href":"https:\/\/roveyayinevi.com.tr\/index.php\/wp-json\/wp\/v2\/product\/745251","targetHints":{"allow":["GET"]}}],"collection":[{"href":"https:\/\/roveyayinevi.com.tr\/index.php\/wp-json\/wp\/v2\/product"}],"about":[{"href":"https:\/\/roveyayinevi.com.tr\/index.php\/wp-json\/wp\/v2\/types\/product"}],"wp:attachment":[{"href":"https:\/\/roveyayinevi.com.tr\/index.php\/wp-json\/wp\/v2\/media?parent=745251"}],"wp:term":[{"taxonomy":"product_brand","embeddable":true,"href":"https:\/\/roveyayinevi.com.tr\/index.php\/wp-json\/wp\/v2\/product_brand?post=745251"},{"taxonomy":"product_cat","embeddable":true,"href":"https:\/\/roveyayinevi.com.tr\/index.php\/wp-json\/wp\/v2\/product_cat?post=745251"},{"taxonomy":"product_tag","embeddable":true,"href":"https:\/\/roveyayinevi.com.tr\/index.php\/wp-json\/wp\/v2\/product_tag?post=745251"}],"curies":[{"name":"wp","href":"https:\/\/api.w.org\/{rel}","templated":true}]}}