{"id":745250,"date":"2025-08-28T02:15:25","date_gmt":"2025-08-27T23:15:25","guid":{"rendered":"https:\/\/roveyayinevi.com.tr\/index.php\/urun\/cimnastik-antrenorlerinin-is-yasaminda-mutluluk-is-yasam-dengesi-ve-ise-adanma-iliskisi\/"},"modified":"2026-04-16T02:57:36","modified_gmt":"2026-04-15T23:57:36","slug":"cimnastik-antrenorlerinin-is-yasaminda-mutluluk-is-yasam-dengesi-ve-ise-adanma-iliskisi","status":"publish","type":"product","link":"https:\/\/roveyayinevi.com.tr\/index.php\/urun\/cimnastik-antrenorlerinin-is-yasaminda-mutluluk-is-yasam-dengesi-ve-ise-adanma-iliskisi\/","title":{"rendered":"Cimnastik Antren\u00f6rlerinin \u0130\u015f Ya\u015fam\u0131nda Mutluluk, \u0130\u015f Ya\u015fam Dengesi ve \u0130\u015fe Adanma \u0130li\u015fkisi"},"content":{"rendered":"<p>1. G\u0130R\u0130\u015e   2. GENEL B\u0130LG\u0130LER   3. GERE\u00c7 VE Y\u00d6NTEM   4. BULGULAR   5. TARTI\u015eMA   6. SONU\u00c7   <\/p>\n","protected":false},"excerpt":{"rendered":"<p>1. G\u0130R\u0130\u015e 2. GENEL B\u0130LG\u0130LER 3. GERE\u00c7 VE Y\u00d6NTEM 4. BULGULAR 5. TARTI\u015eMA 6. SONU\u00c7<\/p>\n","protected":false},"featured_media":0,"template":"","meta":{"_monsterinsights_skip_tracking":false,"_monsterinsights_sitenote_active":false,"_monsterinsights_sitenote_note":"","_monsterinsights_sitenote_category":0},"product_brand":[],"product_cat":[12573,12566],"product_tag":[],"class_list":{"0":"post-745250","1":"product","2":"type-product","3":"status-publish","5":"product_cat-akademik-kitaplar","6":"product_cat-egitim","7":"pa_cilt-ciltsiz","8":"pa_tur-kitap","9":"pa_yayinevi-gazi-kitabevi","10":"pa_yazar-banu-gundogan","12":"first","13":"instock","14":"sale","15":"shipping-taxable","16":"purchasable","17":"product-type-simple"},"_links":{"self":[{"href":"https:\/\/roveyayinevi.com.tr\/index.php\/wp-json\/wp\/v2\/product\/745250","targetHints":{"allow":["GET"]}}],"collection":[{"href":"https:\/\/roveyayinevi.com.tr\/index.php\/wp-json\/wp\/v2\/product"}],"about":[{"href":"https:\/\/roveyayinevi.com.tr\/index.php\/wp-json\/wp\/v2\/types\/product"}],"wp:attachment":[{"href":"https:\/\/roveyayinevi.com.tr\/index.php\/wp-json\/wp\/v2\/media?parent=745250"}],"wp:term":[{"taxonomy":"product_brand","embeddable":true,"href":"https:\/\/roveyayinevi.com.tr\/index.php\/wp-json\/wp\/v2\/product_brand?post=745250"},{"taxonomy":"product_cat","embeddable":true,"href":"https:\/\/roveyayinevi.com.tr\/index.php\/wp-json\/wp\/v2\/product_cat?post=745250"},{"taxonomy":"product_tag","embeddable":true,"href":"https:\/\/roveyayinevi.com.tr\/index.php\/wp-json\/wp\/v2\/product_tag?post=745250"}],"curies":[{"name":"wp","href":"https:\/\/api.w.org\/{rel}","templated":true}]}}