{"id":745246,"date":"2025-08-28T02:15:20","date_gmt":"2025-08-27T23:15:20","guid":{"rendered":"https:\/\/roveyayinevi.com.tr\/index.php\/urun\/disk-dunya-31-canavar-alayi\/"},"modified":"2026-04-11T03:05:19","modified_gmt":"2026-04-11T00:05:19","slug":"disk-dunya-31-canavar-alayi","status":"publish","type":"product","link":"https:\/\/roveyayinevi.com.tr\/index.php\/urun\/disk-dunya-31-canavar-alayi\/","title":{"rendered":"Disk D\u00fcnya 31: Canavar Alay\u0131"},"content":{"rendered":"<p>\u201c\u0130yi adamlarla k\u00f6t\u00fc adamlar\u0131n ortak sorunu bu: Hepsi adam!\u201d Hayal\u00ee evrenlerin azametli mucidi S\u00f6r Terry Pratchett&#8217;\u0131n benzersiz yarat\u0131m\u0131 \u201cDiskd\u00fcnya\u201dn\u0131n ilk kez T\u00fcrk\u00e7eye \u00e7evrilen otuz birinci kitab\u0131 Canavar Alay\u0131, sava\u015f meydanlar\u0131nda yitip giden nice isimsiz ruhun an\u0131s\u0131na adanm\u0131\u015f, sava\u015f k\u00fclliyat\u0131n\u0131 halla\u00e7 pamu\u011fu gibi atan destans\u0131 bir eser.  D\u00fcnya \u00e7ap\u0131nda 100 milyonun \u00fczerinde satan k\u0131rk bir kitapl\u0131k serinin, emsalsiz bir ceng\u00e2verin portresini \u00e7izen bu nefes kesici maceras\u0131, \u201cSanayi Devrimi\u201d romanlar\u0131n\u0131n da \u00fc\u00e7\u00fcnc\u00fc halkas\u0131. \u0130yi adamlarla k\u00f6t\u00fc adamlar\u0131 kar\u015f\u0131 kar\u015f\u0131ya getiren nice sava\u015flar\u0131n ard\u0131nda yatan s\u0131rlar\u0131 ve yalanlar\u0131 birer birer a\u00e7\u0131\u011fa \u00e7\u0131karan roman, hayatlar\u0131 boyunca her yerde \u00f6rselenmi\u015f yi\u011fit kad\u0131nlar\u0131n nam\u0131n\u0131 y\u00fcr\u00fctmekten de geri kalm\u0131yor. \u201cHer zaman bir sava\u015f vard\u0131.\u201d \u0130nsanl\u0131k var olduk\u00e7a \u00f6nlenemez sava\u015f. Diskd\u00fcnya da maalesef bu hakikatten azade de\u011fil; o y\u00fczden iki k\u00fc\u00e7\u00fck devletin, Borogravia ile Zlobenia&#8217;n\u0131n aras\u0131ndaki anlams\u0131z m\u00fccadele de ne yaz\u0131k ki k\u0131l\u0131\u00e7 yoluyla sonlanacak gibi. Fakat bu kez, \u00e7amurlu topraklar\u0131n ve amans\u0131z d\u00f6v\u00fc\u015flerin ortas\u0131nda bamba\u015fka, oraya hi\u00e7 &#8221;ait olmayan&#8221; biri var. \u201cAskerlik zor de\u011fildir. Zor olsa, askerler yapamazd\u0131.\u201d A\u011fabeyini bulmak i\u00e7in erkek k\u0131l\u0131\u011f\u0131na giren Polly de bu d\u00fc\u015f\u00fcncede ki, g\u00f6z\u00fcn\u00fc karart\u0131p orduya yaz\u0131l\u0131yor. S\u00f6yledi\u011fi yalan\u0131n mumunu s\u00f6nd\u00fcrmemek ve omuzlad\u0131\u011f\u0131 b\u00fcy\u00fck s\u0131rlar\u0131n alt\u0131nda ezilememek i\u00e7in de d\u00fc\u015fman\u0131n tam kalbine dal\u0131yor. Sava\u015f\u0131 durdurmak, ba\u015flatmaktan \u00e7ok daha zor olsa da bir \u015feyler yap\u0131lmal\u0131. Kimbilir, belki de d\u00fcnya, zannetti\u011fimiz kadar b\u00fcy\u00fck de\u011fildir. Hele ki \u201cCanavar Alay\u0131\u201d mangas\u0131n\u0131n g\u00f6z\u00fc pek neferleri ortal\u0131\u011f\u0131n tozunu att\u0131rmaya bu kadar hevesliyken&#8230; Kaybettikleri kesin olan sava\u015f\u0131 bile kazand\u0131klar\u0131n\u0131 d\u00fc\u015f\u00fcnd\u00fcren bir egoya sahip \u201cadam gibi adam\u201dlarla dolu er meydan\u0131nda cenk etmeye soyunan, bedeni narin ama ruhu cesur askerlerin izinden gidip askerli\u011fin kitab\u0131n\u0131 yeni ba\u015ftan yazan Terry Pratchett, bar\u0131\u015fta oldu\u011fu kadar sava\u015fta da e\u015fitlik\u00e7i bir d\u00fcnya d\u00fczeninden bahis a\u00e7\u0131yor. \u201cErkek aslan asl\u0131nda \u00f6dle\u011fin tekidir. Ba\u015f\u0131na bela a\u00e7mak istiyorsan, as\u0131l di\u015fi aslana bula\u015fman laz\u0131m. Katildir onlar, birlikte avlan\u0131rlar. Her yerde ayn\u0131. B\u00fcy\u00fck sorun istiyorsan, kad\u0131nlara bula\u015facaks\u0131n.\u201d<\/p>\n","protected":false},"excerpt":{"rendered":"<p>\u201c\u0130yi adamlarla k\u00f6t\u00fc adamlar\u0131n ortak sorunu bu: Hepsi adam!\u201d Hayal\u00ee evrenlerin azametli mucidi S\u00f6r Terry Pratchett&#8217;\u0131n benzersiz yarat\u0131m\u0131 \u201cDiskd\u00fcnya\u201dn\u0131n ilk kez T\u00fcrk\u00e7eye \u00e7evrilen otuz birinci kitab\u0131<span class=\"excerpt-hellip\"> [\u2026]<\/span><\/p>\n","protected":false},"featured_media":0,"template":"","meta":{"_monsterinsights_skip_tracking":false,"_monsterinsights_sitenote_active":false,"_monsterinsights_sitenote_note":"","_monsterinsights_sitenote_category":0},"product_brand":[],"product_cat":[12291,12711],"product_tag":[],"class_list":{"0":"post-745246","1":"product","2":"type-product","3":"status-publish","5":"product_cat-edebiyat","6":"product_cat-roman-oyku","7":"pa_cilt-ciltsiz","8":"pa_tur-kitap","9":"pa_yayinevi-delidolu","10":"pa_yazar-terry-pratchett","12":"first","13":"instock","14":"sale","15":"shipping-taxable","16":"purchasable","17":"product-type-simple"},"_links":{"self":[{"href":"https:\/\/roveyayinevi.com.tr\/index.php\/wp-json\/wp\/v2\/product\/745246","targetHints":{"allow":["GET"]}}],"collection":[{"href":"https:\/\/roveyayinevi.com.tr\/index.php\/wp-json\/wp\/v2\/product"}],"about":[{"href":"https:\/\/roveyayinevi.com.tr\/index.php\/wp-json\/wp\/v2\/types\/product"}],"wp:attachment":[{"href":"https:\/\/roveyayinevi.com.tr\/index.php\/wp-json\/wp\/v2\/media?parent=745246"}],"wp:term":[{"taxonomy":"product_brand","embeddable":true,"href":"https:\/\/roveyayinevi.com.tr\/index.php\/wp-json\/wp\/v2\/product_brand?post=745246"},{"taxonomy":"product_cat","embeddable":true,"href":"https:\/\/roveyayinevi.com.tr\/index.php\/wp-json\/wp\/v2\/product_cat?post=745246"},{"taxonomy":"product_tag","embeddable":true,"href":"https:\/\/roveyayinevi.com.tr\/index.php\/wp-json\/wp\/v2\/product_tag?post=745246"}],"curies":[{"name":"wp","href":"https:\/\/api.w.org\/{rel}","templated":true}]}}