{"id":745244,"date":"2025-08-28T02:15:17","date_gmt":"2025-08-27T23:15:17","guid":{"rendered":"https:\/\/roveyayinevi.com.tr\/index.php\/urun\/asteriks-ve-grifon-39\/"},"modified":"2026-04-16T02:57:36","modified_gmt":"2026-04-15T23:57:36","slug":"asteriks-ve-grifon-39","status":"publish","type":"product","link":"https:\/\/roveyayinevi.com.tr\/index.php\/urun\/asteriks-ve-grifon-39\/","title":{"rendered":"Asteriks ve Grifon -39"},"content":{"rendered":"<p>Neredeyse d\u00fcnyadaki t\u00fcm dillere \u00e7evrilen, b\u00fcy\u00fck k\u00fc\u00e7\u00fck her ya\u015ftaki okur taraf\u0131ndan tutkuyla okunan, d\u00fcnyan\u0131n en sevilen \u00e7izgi kahramanlar\u0131 geri d\u00f6n\u00fcyor.   Asteriks, Oburiks, B\u00fcy\u00fcfiks ve di\u011fer Galyal\u0131 dostlar\u0131m\u0131z\u0131n daha \u00f6nce T\u00fcrkiye\u2019de hi\u00e7 yay\u0131mlanmayan yepyeni maceralar\u0131 art\u0131k raflarda&#8230;   <\/p>\n","protected":false},"excerpt":{"rendered":"<p>Neredeyse d\u00fcnyadaki t\u00fcm dillere \u00e7evrilen, b\u00fcy\u00fck k\u00fc\u00e7\u00fck her ya\u015ftaki okur taraf\u0131ndan tutkuyla okunan, d\u00fcnyan\u0131n en sevilen \u00e7izgi kahramanlar\u0131 geri d\u00f6n\u00fcyor. Asteriks, Oburiks, B\u00fcy\u00fcfiks ve di\u011fer Galyal\u0131<span class=\"excerpt-hellip\"> [\u2026]<\/span><\/p>\n","protected":false},"featured_media":0,"template":"","meta":{"_monsterinsights_skip_tracking":false,"_monsterinsights_sitenote_active":false,"_monsterinsights_sitenote_note":"","_monsterinsights_sitenote_category":0},"product_brand":[],"product_cat":[12689,12274],"product_tag":[],"class_list":{"0":"post-745244","1":"product","2":"type-product","3":"status-publish","5":"product_cat-cizgi-roman-cocuk-ve-genclik-kitaplari","6":"product_cat-cocuk-ve-genclik-kitaplari","7":"pa_cilt-ciltsiz","8":"pa_tur-kitap","9":"pa_yayinevi-alfa-yayinlari","10":"pa_yazar-jean-yves-ferri","12":"first","13":"instock","14":"sale","15":"shipping-taxable","16":"purchasable","17":"product-type-simple"},"_links":{"self":[{"href":"https:\/\/roveyayinevi.com.tr\/index.php\/wp-json\/wp\/v2\/product\/745244","targetHints":{"allow":["GET"]}}],"collection":[{"href":"https:\/\/roveyayinevi.com.tr\/index.php\/wp-json\/wp\/v2\/product"}],"about":[{"href":"https:\/\/roveyayinevi.com.tr\/index.php\/wp-json\/wp\/v2\/types\/product"}],"wp:attachment":[{"href":"https:\/\/roveyayinevi.com.tr\/index.php\/wp-json\/wp\/v2\/media?parent=745244"}],"wp:term":[{"taxonomy":"product_brand","embeddable":true,"href":"https:\/\/roveyayinevi.com.tr\/index.php\/wp-json\/wp\/v2\/product_brand?post=745244"},{"taxonomy":"product_cat","embeddable":true,"href":"https:\/\/roveyayinevi.com.tr\/index.php\/wp-json\/wp\/v2\/product_cat?post=745244"},{"taxonomy":"product_tag","embeddable":true,"href":"https:\/\/roveyayinevi.com.tr\/index.php\/wp-json\/wp\/v2\/product_tag?post=745244"}],"curies":[{"name":"wp","href":"https:\/\/api.w.org\/{rel}","templated":true}]}}