{"id":745243,"date":"2025-08-28T02:15:16","date_gmt":"2025-08-27T23:15:16","guid":{"rendered":"https:\/\/roveyayinevi.com.tr\/index.php\/urun\/aziz-nesinden-6-cizgi-roman-birden-ciltli\/"},"modified":"2026-04-16T02:57:35","modified_gmt":"2026-04-15T23:57:35","slug":"aziz-nesinden-6-cizgi-roman-birden-ciltli","status":"publish","type":"product","link":"https:\/\/roveyayinevi.com.tr\/index.php\/urun\/aziz-nesinden-6-cizgi-roman-birden-ciltli\/","title":{"rendered":"Aziz Nesin&#8217;den 6 \u00c7izgi-Roman Birden (Ciltli)"},"content":{"rendered":"<p>Bu kitap Aziz Nesin&#8217;in kaleme ald\u0131\u011f\u0131, 1954-1960 y\u0131llar\u0131 aras\u0131nda Akbaba dergisinde tefrika edilmi\u015f alt\u0131 \u00e7izgi-roman\u0131 bir araya getiriyor. Gerek \u00f6yk\u00fc gerekse \u00e7izgi anlam\u0131nda \u00f6zg\u00fcnl\u00fc\u011f\u00fcn\u00fc korudu\u011funa inand\u0131\u011f\u0131m\u0131z bu yap\u0131tlarda, sadece kahkahan\u0131n pe\u015fine d\u00fc\u015fmek de m\u00fcmk\u00fcn, bir d\u00f6nemin siyasal ve toplumsal ya\u015fam\u0131n\u0131 koklamak da&#8230; <\/p>\n","protected":false},"excerpt":{"rendered":"<p>Bu kitap Aziz Nesin&#8217;in kaleme ald\u0131\u011f\u0131, 1954-1960 y\u0131llar\u0131 aras\u0131nda Akbaba dergisinde tefrika edilmi\u015f alt\u0131 \u00e7izgi-roman\u0131 bir araya getiriyor. Gerek \u00f6yk\u00fc gerekse \u00e7izgi anlam\u0131nda \u00f6zg\u00fcnl\u00fc\u011f\u00fcn\u00fc korudu\u011funa inand\u0131\u011f\u0131m\u0131z<span class=\"excerpt-hellip\"> [\u2026]<\/span><\/p>\n","protected":false},"featured_media":0,"template":"","meta":{"_monsterinsights_skip_tracking":false,"_monsterinsights_sitenote_active":false,"_monsterinsights_sitenote_note":"","_monsterinsights_sitenote_category":0},"product_brand":[],"product_cat":[12689,12274],"product_tag":[],"class_list":{"0":"post-745243","1":"product","2":"type-product","3":"status-publish","5":"product_cat-cizgi-roman-cocuk-ve-genclik-kitaplari","6":"product_cat-cocuk-ve-genclik-kitaplari","7":"pa_cilt-ciltli","8":"pa_tur-kitap","9":"pa_yayinevi-nesin-yayinlari","10":"pa_yazar-aziz-nesin","12":"first","13":"instock","14":"sale","15":"shipping-taxable","16":"purchasable","17":"product-type-simple"},"_links":{"self":[{"href":"https:\/\/roveyayinevi.com.tr\/index.php\/wp-json\/wp\/v2\/product\/745243","targetHints":{"allow":["GET"]}}],"collection":[{"href":"https:\/\/roveyayinevi.com.tr\/index.php\/wp-json\/wp\/v2\/product"}],"about":[{"href":"https:\/\/roveyayinevi.com.tr\/index.php\/wp-json\/wp\/v2\/types\/product"}],"wp:attachment":[{"href":"https:\/\/roveyayinevi.com.tr\/index.php\/wp-json\/wp\/v2\/media?parent=745243"}],"wp:term":[{"taxonomy":"product_brand","embeddable":true,"href":"https:\/\/roveyayinevi.com.tr\/index.php\/wp-json\/wp\/v2\/product_brand?post=745243"},{"taxonomy":"product_cat","embeddable":true,"href":"https:\/\/roveyayinevi.com.tr\/index.php\/wp-json\/wp\/v2\/product_cat?post=745243"},{"taxonomy":"product_tag","embeddable":true,"href":"https:\/\/roveyayinevi.com.tr\/index.php\/wp-json\/wp\/v2\/product_tag?post=745243"}],"curies":[{"name":"wp","href":"https:\/\/api.w.org\/{rel}","templated":true}]}}