{"id":745241,"date":"2025-08-28T02:15:12","date_gmt":"2025-08-27T23:15:12","guid":{"rendered":"https:\/\/roveyayinevi.com.tr\/index.php\/urun\/kayip-kelimeler-sozlugu\/"},"modified":"2026-04-16T02:57:35","modified_gmt":"2026-04-15T23:57:35","slug":"kayip-kelimeler-sozlugu","status":"publish","type":"product","link":"https:\/\/roveyayinevi.com.tr\/index.php\/urun\/kayip-kelimeler-sozlugu\/","title":{"rendered":"Kay\u0131p Kelimeler S\u00f6zl\u00fc\u011f\u00fc"},"content":{"rendered":"<p>1901 y\u0131l\u0131nda, Edit\u00f6r Dr. James Murray ve di\u011fer s\u00f6zl\u00fckbilimcilerin haz\u0131rlad\u0131\u011f\u0131 efsanevi Oxford \u0130ngilizce S\u00f6zl\u00fc\u011f\u00fc&#8217;nde \u201ccariye\u201d kelimesinin eksik oldu\u011fu ke\u015ffedildi. Bu kitap, onu \u00e7alan k\u0131z\u0131n hik\u00e2yesi\u2026   Esme, kelimelerden olu\u015fan bir d\u00fcnyan\u0131n i\u00e7ine do\u011far. \u00c7ocuklu\u011funu, babas\u0131n\u0131n ve kendini i\u015fine adam\u0131\u015f s\u00f6zl\u00fckbilimcilerden olu\u015fan ekibin kelimeler toplad\u0131\u011f\u0131 Oxford\u2019da bir bah\u00e7e kul\u00fcbesi olan Scriptorium&#8217;da ge\u00e7irir. Esme&#8217;nin yeri tasnif masas\u0131n\u0131n alt\u0131ndad\u0131r, hem g\u00f6r\u00fclmez hem de duyulmaz. Esme b\u00fcy\u00fcd\u00fck\u00e7e \u00f6zellikle kad\u0131nlar\u0131n ve s\u0131radan insanlar\u0131n deneyimleriyle ilgili kelimelerin kay\u0131t alt\u0131na al\u0131nmad\u0131\u011f\u0131n\u0131 fark eder. B\u00f6ylece kendi s\u00f6zl\u00fc\u011f\u00fc i\u00e7in kelimeleri aramaya ba\u015flar: Kay\u0131p Kelimeler S\u00f6zl\u00fc\u011f\u00fc. Bunun i\u00e7in \u00fcniversitenin korunakl\u0131 d\u00fcnyas\u0131ndan ayr\u0131lmal\u0131 ve kendi s\u00f6zl\u00fc\u011f\u00fcn\u00fcn sayfalar\u0131n\u0131 dolduracak insanlarla tan\u0131\u015fmaya cesaret etmelidir.   Kad\u0131nlar\u0131n oy hakk\u0131 hareketinin zirvesinde ve B\u00fcy\u00fck Sava\u015f yakla\u015f\u0131rken ge\u00e7en Kay\u0131p Kelimeler S\u00f6zl\u00fc\u011f\u00fc, erkekler taraf\u0131ndan yaz\u0131lan tarihin sat\u0131rlar\u0131 aras\u0131nda gizlenmi\u015f kay\u0131p bir anlat\u0131y\u0131 ortaya \u00e7\u0131kar\u0131yor.   Ger\u00e7ek olaylardan ilham alan Avustralyal\u0131 yazar Pip Williams, g\u00fcn\u00fcm\u00fcz\u00fcn duyarl\u0131 bak\u0131\u015f a\u00e7\u0131s\u0131yla d\u00f6nemin samimi ayr\u0131nt\u0131lar\u0131n\u0131 zengin karakterle birle\u015ftiren bu son derece orijinal hik\u00e2yeyi anlatmak i\u00e7in Oxford \u0130ngilizce S\u00f6zl\u00fc\u011f\u00fc&#8217;n\u00fcn ar\u015fivlerini ara\u015ft\u0131rd\u0131. Kay\u0131p Kelimeler S\u00f6zl\u00fc\u011f\u00fc kelimelerden, onlar\u0131n d\u00fcnyay\u0131 tan\u0131mlama ve hepsinden \u00f6nemlisi d\u00fcnyaya meydan okuma kapasitelerinden do\u011fan keyifli, \u015fiirsel ve  ger\u00e7ek ile tarihi kurgunun tatmin edici bir kar\u0131\u015f\u0131m\u0131.<\/p>\n","protected":false},"excerpt":{"rendered":"<p>1901 y\u0131l\u0131nda, Edit\u00f6r Dr. James Murray ve di\u011fer s\u00f6zl\u00fckbilimcilerin haz\u0131rlad\u0131\u011f\u0131 efsanevi Oxford \u0130ngilizce S\u00f6zl\u00fc\u011f\u00fc&#8217;nde \u201ccariye\u201d kelimesinin eksik oldu\u011fu ke\u015ffedildi. Bu kitap, onu \u00e7alan k\u0131z\u0131n hik\u00e2yesi\u2026 Esme,<span class=\"excerpt-hellip\"> [\u2026]<\/span><\/p>\n","protected":false},"featured_media":0,"template":"","meta":{"_monsterinsights_skip_tracking":false,"_monsterinsights_sitenote_active":false,"_monsterinsights_sitenote_note":"","_monsterinsights_sitenote_category":0},"product_brand":[],"product_cat":[12291,12711],"product_tag":[],"class_list":{"0":"post-745241","1":"product","2":"type-product","3":"status-publish","5":"product_cat-edebiyat","6":"product_cat-roman-oyku","7":"pa_cilt-ciltsiz","8":"pa_tur-kitap","9":"pa_yayinevi-serenad-yayinevi","10":"pa_yazar-pip-williams","12":"first","13":"instock","14":"sale","15":"shipping-taxable","16":"purchasable","17":"product-type-simple"},"_links":{"self":[{"href":"https:\/\/roveyayinevi.com.tr\/index.php\/wp-json\/wp\/v2\/product\/745241","targetHints":{"allow":["GET"]}}],"collection":[{"href":"https:\/\/roveyayinevi.com.tr\/index.php\/wp-json\/wp\/v2\/product"}],"about":[{"href":"https:\/\/roveyayinevi.com.tr\/index.php\/wp-json\/wp\/v2\/types\/product"}],"wp:attachment":[{"href":"https:\/\/roveyayinevi.com.tr\/index.php\/wp-json\/wp\/v2\/media?parent=745241"}],"wp:term":[{"taxonomy":"product_brand","embeddable":true,"href":"https:\/\/roveyayinevi.com.tr\/index.php\/wp-json\/wp\/v2\/product_brand?post=745241"},{"taxonomy":"product_cat","embeddable":true,"href":"https:\/\/roveyayinevi.com.tr\/index.php\/wp-json\/wp\/v2\/product_cat?post=745241"},{"taxonomy":"product_tag","embeddable":true,"href":"https:\/\/roveyayinevi.com.tr\/index.php\/wp-json\/wp\/v2\/product_tag?post=745241"}],"curies":[{"name":"wp","href":"https:\/\/api.w.org\/{rel}","templated":true}]}}