{"id":745240,"date":"2025-08-28T02:15:11","date_gmt":"2025-08-27T23:15:11","guid":{"rendered":"https:\/\/roveyayinevi.com.tr\/index.php\/urun\/gizemli-oykuler-2\/"},"modified":"2026-04-16T02:57:35","modified_gmt":"2026-04-15T23:57:35","slug":"gizemli-oykuler-2","status":"publish","type":"product","link":"https:\/\/roveyayinevi.com.tr\/index.php\/urun\/gizemli-oykuler-2\/","title":{"rendered":"Gizemli \u00d6yk\u00fcler 2"},"content":{"rendered":"<p>Bilim-kurgusal, d\u00fc\u015fsel, ger\u00e7ek\u00fcst\u00fcc\u00fc ve distopik \u00e7al\u0131\u015fmalar; film ve dizilerle 21. Y\u00fczy\u0131l insan\u0131n\u0131n ya\u015fam oda\u011f\u0131na yerle\u015firken, \u015fimdi yeniden Arthur Conan Doyle\u2019u an\u0131msama zaman\u0131. Sherlock Holmes karakteri, su\u00e7 ve korku \u00f6yk\u00fcleriyle yaz\u0131nsal alanda \u00e7\u0131\u011f\u0131r a\u00e7an Arthur Conan Doyle, 19. Y\u00fczy\u0131l sonu ve 20. Y\u00fczy\u0131l ba\u015flar\u0131nda ya\u015fam\u0131\u015f bir yazar olarak 21. Y\u00fczy\u0131la uzan\u0131yor. Doyle\u2019un \u00f6yk\u00fclerini okurken, gizemli olay ve olgular\u0131n arkas\u0131nda ger\u00e7e\u011fin izlerini s\u00fcreceksiniz. Karakterin sakinli\u011fiyle z\u0131t bir \u015fekilde y\u00fckselen gerilim sizi saracak. Kapitalizmi se\u00e7eneksiz olarak dayatan k\u00fclt\u00fcr end\u00fcstrisinin insan\u0131 edilginle\u015ftiren, su\u00e7u ve k\u00f6t\u00fcl\u00fc\u011f\u00fc d\u00fczenin i\u015fleyi\u015fi olarak normalle\u015ftiren yap\u0131tlar\u0131na inat; Doyle\u2019un \u00f6yk\u00fcleriyle insanl\u0131\u011f\u0131n \u201cadalet\u201d aray\u0131\u015f\u0131na yazg\u0131l\u0131 oldu\u011fu ger\u00e7e\u011fini bulacaks\u0131n\u0131z. <\/p>\n","protected":false},"excerpt":{"rendered":"<p>Bilim-kurgusal, d\u00fc\u015fsel, ger\u00e7ek\u00fcst\u00fcc\u00fc ve distopik \u00e7al\u0131\u015fmalar; film ve dizilerle 21. Y\u00fczy\u0131l insan\u0131n\u0131n ya\u015fam oda\u011f\u0131na yerle\u015firken, \u015fimdi yeniden Arthur Conan Doyle\u2019u an\u0131msama zaman\u0131. Sherlock Holmes karakteri, su\u00e7<span class=\"excerpt-hellip\"> [\u2026]<\/span><\/p>\n","protected":false},"featured_media":0,"template":"","meta":{"_monsterinsights_skip_tracking":false,"_monsterinsights_sitenote_active":false,"_monsterinsights_sitenote_note":"","_monsterinsights_sitenote_category":0},"product_brand":[],"product_cat":[12291,12711],"product_tag":[],"class_list":{"0":"post-745240","1":"product","2":"type-product","3":"status-publish","5":"product_cat-edebiyat","6":"product_cat-roman-oyku","7":"pa_cilt-ciltsiz","8":"pa_tur-kitap","9":"pa_yayinevi-cumhuriyet-kitaplari","10":"pa_yazar-arthur-conan-doyle","12":"first","13":"instock","14":"sale","15":"shipping-taxable","16":"purchasable","17":"product-type-simple"},"_links":{"self":[{"href":"https:\/\/roveyayinevi.com.tr\/index.php\/wp-json\/wp\/v2\/product\/745240","targetHints":{"allow":["GET"]}}],"collection":[{"href":"https:\/\/roveyayinevi.com.tr\/index.php\/wp-json\/wp\/v2\/product"}],"about":[{"href":"https:\/\/roveyayinevi.com.tr\/index.php\/wp-json\/wp\/v2\/types\/product"}],"wp:attachment":[{"href":"https:\/\/roveyayinevi.com.tr\/index.php\/wp-json\/wp\/v2\/media?parent=745240"}],"wp:term":[{"taxonomy":"product_brand","embeddable":true,"href":"https:\/\/roveyayinevi.com.tr\/index.php\/wp-json\/wp\/v2\/product_brand?post=745240"},{"taxonomy":"product_cat","embeddable":true,"href":"https:\/\/roveyayinevi.com.tr\/index.php\/wp-json\/wp\/v2\/product_cat?post=745240"},{"taxonomy":"product_tag","embeddable":true,"href":"https:\/\/roveyayinevi.com.tr\/index.php\/wp-json\/wp\/v2\/product_tag?post=745240"}],"curies":[{"name":"wp","href":"https:\/\/api.w.org\/{rel}","templated":true}]}}