{"id":745239,"date":"2025-08-28T02:15:10","date_gmt":"2025-08-27T23:15:10","guid":{"rendered":"https:\/\/roveyayinevi.com.tr\/index.php\/urun\/bana-iyi-bir-finansci-bulun\/"},"modified":"2026-04-16T02:57:35","modified_gmt":"2026-04-15T23:57:35","slug":"bana-iyi-bir-finansci-bulun","status":"publish","type":"product","link":"https:\/\/roveyayinevi.com.tr\/index.php\/urun\/bana-iyi-bir-finansci-bulun\/","title":{"rendered":"Bana \u0130yi Bir Finans\u00e7\u0131 Bulun!"},"content":{"rendered":"<p>\u015eirketlerde \u0130yi Finansal Y\u00f6netim Nas\u0131l Yap\u0131l\u0131r? \u201c\u0130\u015f hayat\u0131nda s\u0131k\u00e7a duydu\u011fum, kulak misafiri oldu\u011fum \u015feylerden biri \u2018bana iyi bir finans\u00e7\u0131 bulun\u2019 talebidir. Bu talebi kar\u015f\u0131lamak ve iyi bir finansal y\u00f6netim sistemi kurmak i\u00e7in \u00f6ncelikle tan\u0131mlar\u0131n\u0131 iyi yapmak gerekiyor. Bu kitab\u0131, \u015firketlerin arad\u0131klar\u0131 finans\u00e7\u0131n\u0131n nas\u0131l biri olmas\u0131 ve onun kuraca\u011f\u0131 finansal y\u00f6netim sisteminin nas\u0131l i\u015flemesi gerekti\u011finden yola \u00e7\u0131karak yazmaya \u00e7al\u0131\u015ft\u0131m. Yazd\u0131klar\u0131m\u0131n \u00f6nemli bir b\u00f6l\u00fcm\u00fc g\u00fcnl\u00fck hayatta dan\u0131\u015fmanl\u0131k yapt\u0131\u011f\u0131m \u015firketlerde g\u00f6zlemledi\u011fim ve bire bir ya\u015fad\u0131\u011f\u0131m konulardan ve vakalardan olu\u015ftu. Bunlar\u0131n yan\u0131 s\u0131ra Bilgi \u00dcniversitesi i\u015fletme y\u00fcksek lisans b\u00f6l\u00fcm\u00fcnde verdi\u011fim finansal y\u00f6netim dersinin notlar\u0131ndan yararland\u0131m ve sonu\u00e7ta \u2018Bana \u0130yi Bir Finans\u00e7\u0131 Bulun!\u2019 ortaya \u00e7\u0131kt\u0131. \u201d S. Can Kara\u015f\u0131kl\u0131<\/p>\n","protected":false},"excerpt":{"rendered":"<p>\u015eirketlerde \u0130yi Finansal Y\u00f6netim Nas\u0131l Yap\u0131l\u0131r? \u201c\u0130\u015f hayat\u0131nda s\u0131k\u00e7a duydu\u011fum, kulak misafiri oldu\u011fum \u015feylerden biri \u2018bana iyi bir finans\u00e7\u0131 bulun\u2019 talebidir. Bu talebi kar\u015f\u0131lamak ve iyi<span class=\"excerpt-hellip\"> [\u2026]<\/span><\/p>\n","protected":false},"featured_media":0,"template":"","meta":{"_monsterinsights_skip_tracking":false,"_monsterinsights_sitenote_active":false,"_monsterinsights_sitenote_note":"","_monsterinsights_sitenote_category":0},"product_brand":[],"product_cat":[13043,19008],"product_tag":[],"class_list":{"0":"post-745239","1":"product","2":"type-product","3":"status-publish","5":"product_cat-ekonomi","6":"product_cat-yonetim","7":"pa_cilt-ciltsiz","8":"pa_tur-kitap","9":"pa_yayinevi-remzi-kitabevi","10":"pa_yazar-s-can-karasikli","12":"first","13":"instock","14":"sale","15":"shipping-taxable","16":"purchasable","17":"product-type-simple"},"_links":{"self":[{"href":"https:\/\/roveyayinevi.com.tr\/index.php\/wp-json\/wp\/v2\/product\/745239","targetHints":{"allow":["GET"]}}],"collection":[{"href":"https:\/\/roveyayinevi.com.tr\/index.php\/wp-json\/wp\/v2\/product"}],"about":[{"href":"https:\/\/roveyayinevi.com.tr\/index.php\/wp-json\/wp\/v2\/types\/product"}],"wp:attachment":[{"href":"https:\/\/roveyayinevi.com.tr\/index.php\/wp-json\/wp\/v2\/media?parent=745239"}],"wp:term":[{"taxonomy":"product_brand","embeddable":true,"href":"https:\/\/roveyayinevi.com.tr\/index.php\/wp-json\/wp\/v2\/product_brand?post=745239"},{"taxonomy":"product_cat","embeddable":true,"href":"https:\/\/roveyayinevi.com.tr\/index.php\/wp-json\/wp\/v2\/product_cat?post=745239"},{"taxonomy":"product_tag","embeddable":true,"href":"https:\/\/roveyayinevi.com.tr\/index.php\/wp-json\/wp\/v2\/product_tag?post=745239"}],"curies":[{"name":"wp","href":"https:\/\/api.w.org\/{rel}","templated":true}]}}