{"id":745237,"date":"2025-08-28T02:15:06","date_gmt":"2025-08-27T23:15:06","guid":{"rendered":"https:\/\/roveyayinevi.com.tr\/index.php\/urun\/mezarlikta-piknik\/"},"modified":"2026-04-16T02:57:35","modified_gmt":"2026-04-15T23:57:35","slug":"mezarlikta-piknik","status":"publish","type":"product","link":"https:\/\/roveyayinevi.com.tr\/index.php\/urun\/mezarlikta-piknik\/","title":{"rendered":"Mezarl\u0131kta Piknik"},"content":{"rendered":"<p>K\u00fclt\u00fcr\u00fcm\u00fcz\u00fcn, \u015fiirimizin g\u00f6n\u00fcl insan\u0131 Cemal S\u00fcreyya\u2019n\u0131n dilimiz hakk\u0131ndaki s\u00f6zlerini asla unutamam: \u201cT\u00fcrk\u00e7eden bir k\u0131l kopar; i\u00e7inde g\u00fcne\u015fler, d\u00fcnyalar, \u0131rmaklar vard\u0131r. Ama T\u00fcrk\u00e7eden koparacaks\u0131n\u2026\u201d Dil kadar sonsuz bir yurt yoktur. Mezarl\u0131kta Piknik\u2019te; co\u015fkulu, atak bir anlat\u0131mla kar\u015f\u0131 kar\u015f\u0131yay\u0131z\u2026 S\u00f6zc\u00fcklerinin yakalar\u0131 asla d\u00fc\u011f\u00fcml\u00fc de\u011fil\u2026 Co\u015fkulu Toros bulutlar\u0131n\u0131n damlalar\u0131yla beslenen G\u00f6ksu Irma\u011f\u0131\u2019n\u0131n seslerini duyacak, Silifke\u2019nin diliyle bir anlat\u0131 \u015fenli\u011finin ortas\u0131nda bulacaks\u0131n\u0131z kendinizi\u2026 \u0130lk kitab\u0131 ile yal\u0131n anlat\u0131m\u0131, ara\u015ft\u0131rmac\u0131 diliyle gen\u00e7 \u00f6yk\u00fcc\u00fc Mehmet S. Aman\u2019\u0131n yap\u0131t\u0131 mutlaka okunmal\u0131.                                                                                   Osman \u015eahin * Korkutulmu\u015f, \u00e7aresizle\u015ftirilmi\u015f, her biri farkl\u0131 k\u00f6\u015felere s\u0131k\u0131\u015ft\u0131r\u0131lm\u0131\u015f insan sesleni\u015flerinin umut aray\u0131\u015f\u0131n\u0131 okuyoruz Mehmet S. Aman \u00f6yk\u00fclerinde. \u0130nsan olma aray\u0131\u015f\u0131n\u0131n ki\u015fisellikten \u00e7o\u011fullu\u011fa y\u00f6neli\u015finde bilginin, bilincin s\u0131ms\u0131cak sarmalay\u0131\u015f\u0131n\u0131 duyumsuyoruz\u2026 \u00d6ner Ya\u011fc\u0131 * Alfred Hitchcock sinemada r\u00fczg\u00e2r\u0131n\u0131 estirirken 1950\u2019lerde televizyon i\u00e7in de k\u0131sa, esrarengiz, hafif muzip ama ille de \u00e7arp\u0131c\u0131 \u00f6yk\u00fcler anlatmaya ba\u015flad\u0131. Usta; \u201cAlfred Hitchcock Sunar\u201d serisini haz\u0131rlad\u0131\u011f\u0131 bu y\u0131llardae\u011fer bir sinemac\u0131 de\u011fil de gen\u00e7 bir yazar olsayd\u0131, san\u0131yorum Mehmet S. Aman gibi hik\u00e2yeler kaleme al\u0131rd\u0131. Ya da Tim Burton, Aman\u2019\u0131n bu kitab\u0131na rastlasayd\u0131, i\u00e7inde mutlaka bir hik\u00e2yeyi sinemaya uyarlamak isterdi Ben edebiyat\u00e7\u0131 de\u011filim, belki biraz da bu y\u00fczden Mehmet\u2019in i\u00e7 d\u00fcnyas\u0131nda, s\u00fcrprizini sona saklayan usta sinemac\u0131lar\u0131n izine rastlad\u0131m. Hik\u00e2yeler bitti, tad\u0131 dama\u011f\u0131mda kald\u0131. Yi\u011fit G\u00fcrap *** Yaln\u0131zca yazarlar\u0131 i\u00e7in de\u011fil, okurlar\u0131 i\u00e7in de heyecan vericidir ilk kitaplar. Yaz\u0131n d\u00fcnyam\u0131z\u0131 zenginle\u015ftiren, dama\u011f\u0131m\u0131zda farkl\u0131 tatlar b\u0131rakan, yeni bi\u00e7emlere yelken a\u00e7mam\u0131z\u0131 sa\u011flayan e\u015fsiz bir deneyim kayna\u011f\u0131d\u0131r. Cumhuriyet emek\u00e7ilerinden Mehmet S. Aman, bu ilk kitab\u0131nda Toroslar\u2019\u0131n eteklerinden dam\u0131tt\u0131\u011f\u0131 s\u0131ms\u0131cak \u00f6yk\u00fcleriyle ve co\u015fkulu anlat\u0131m\u0131yla okurlar\u0131na merhaba diyor\u2026 <\/p>\n","protected":false},"excerpt":{"rendered":"<p>K\u00fclt\u00fcr\u00fcm\u00fcz\u00fcn, \u015fiirimizin g\u00f6n\u00fcl insan\u0131 Cemal S\u00fcreyya\u2019n\u0131n dilimiz hakk\u0131ndaki s\u00f6zlerini asla unutamam: \u201cT\u00fcrk\u00e7eden bir k\u0131l kopar; i\u00e7inde g\u00fcne\u015fler, d\u00fcnyalar, \u0131rmaklar vard\u0131r. Ama T\u00fcrk\u00e7eden koparacaks\u0131n\u2026\u201d Dil kadar sonsuz<span class=\"excerpt-hellip\"> [\u2026]<\/span><\/p>\n","protected":false},"featured_media":0,"template":"","meta":{"_monsterinsights_skip_tracking":false,"_monsterinsights_sitenote_active":false,"_monsterinsights_sitenote_note":"","_monsterinsights_sitenote_category":0},"product_brand":[],"product_cat":[12291,12711],"product_tag":[],"class_list":{"0":"post-745237","1":"product","2":"type-product","3":"status-publish","5":"product_cat-edebiyat","6":"product_cat-roman-oyku","7":"pa_cilt-ciltsiz","8":"pa_tur-kitap","9":"pa_yayinevi-cumhuriyet-kitaplari","10":"pa_yazar-mehmet-s-aman","12":"first","13":"instock","14":"sale","15":"shipping-taxable","16":"purchasable","17":"product-type-simple"},"_links":{"self":[{"href":"https:\/\/roveyayinevi.com.tr\/index.php\/wp-json\/wp\/v2\/product\/745237","targetHints":{"allow":["GET"]}}],"collection":[{"href":"https:\/\/roveyayinevi.com.tr\/index.php\/wp-json\/wp\/v2\/product"}],"about":[{"href":"https:\/\/roveyayinevi.com.tr\/index.php\/wp-json\/wp\/v2\/types\/product"}],"wp:attachment":[{"href":"https:\/\/roveyayinevi.com.tr\/index.php\/wp-json\/wp\/v2\/media?parent=745237"}],"wp:term":[{"taxonomy":"product_brand","embeddable":true,"href":"https:\/\/roveyayinevi.com.tr\/index.php\/wp-json\/wp\/v2\/product_brand?post=745237"},{"taxonomy":"product_cat","embeddable":true,"href":"https:\/\/roveyayinevi.com.tr\/index.php\/wp-json\/wp\/v2\/product_cat?post=745237"},{"taxonomy":"product_tag","embeddable":true,"href":"https:\/\/roveyayinevi.com.tr\/index.php\/wp-json\/wp\/v2\/product_tag?post=745237"}],"curies":[{"name":"wp","href":"https:\/\/api.w.org\/{rel}","templated":true}]}}