{"id":745236,"date":"2025-08-28T02:15:05","date_gmt":"2025-08-27T23:15:05","guid":{"rendered":"https:\/\/roveyayinevi.com.tr\/index.php\/urun\/tarotun-bilgeligi\/"},"modified":"2026-04-16T02:57:35","modified_gmt":"2026-04-15T23:57:35","slug":"tarotun-bilgeligi","status":"publish","type":"product","link":"https:\/\/roveyayinevi.com.tr\/index.php\/urun\/tarotun-bilgeligi\/","title":{"rendered":"Tarotun Bilgeli\u011fi"},"content":{"rendered":"<p>Alejandro Jodorowsky, 1950\u2019lerin ba\u015f\u0131nda Tarot ile tan\u0131\u015f\u0131r ve Tarot, onu bu alanla ilgili hi\u00e7 beklemedi\u011fi ve planlamad\u0131\u011f\u0131, derin bir yolculu\u011fa s\u00fcr\u00fckler. Elinizde tuttu\u011funuz, bug\u00fcne kadar Tarot\u2019a dair yap\u0131lm\u0131\u015f en kapsaml\u0131 ara\u015ft\u0131rma ve a\u00e7\u0131l\u0131m kitab\u0131 olan Tarot\u2019un Bilgeli\u011fi: Sembol ve Arketiplerle Ya\u015fam\u0131 Ke\u015ffetmek, Tarot\u2019un basit bir kehanet arac\u0131ndan \u00e7ok daha fazlas\u0131 oldu\u011funu ortaya koyuyor. Alejandro Jodorowsky ile Marianne Costa, tabir caizse \u201c\u00f6m\u00fcrlerini adad\u0131klar\u0131\u201d Tarot ara\u015ft\u0131rmalar\u0131n\u0131 Tarot\u2019un Bilgeli\u011fi: Sembol ve Arketiplerle Ya\u015fam\u0131 Ke\u015ffetmek kitab\u0131nda, merakl\u0131lar\u0131 i\u00e7in t\u00fcm detaylar\u0131yla aktar\u0131yor. Bu kitap, 78 kart\u0131n hiyerar\u015fisinin ard\u0131ndaki gizli \u00e7a\u011fr\u0131\u015f\u0131mlar\u0131n\u0131, daha \u00f6nce pe\u015fine hi\u00e7 d\u00fc\u015f\u00fclmeyen semboller ve simgelerin anlam\u0131n\u0131 ara\u015ft\u0131r\u0131yor.   \u201c\u2018Gelece\u011fi g\u00f6rmek\u2019 yan\u0131lsamas\u0131ndan kurtulursak Tarot psikolojik bir araca d\u00f6n\u00fc\u015f\u00fcr, ki bu kendini bulman\u0131n arac\u0131d\u0131r.\u201d T\u0131pk\u0131 insanlar\u0131n Frans\u0131zca, \u0130spanyolca, \u0130ngilizce, Japonca ve bunun gibi dilleri konu\u015fmas\u0131 gibi Tarot\u2019u da konu\u015fabiliriz. Ve nas\u0131l her insan \u00e7al\u0131\u015ft\u0131\u011f\u0131nda yeni bir dil \u00f6\u011frenebilirse Tarot\u2019un mesajlar\u0131n\u0131 da bir b\u00fcy\u00fcc\u00fc, falc\u0131 veya parapsikolojik g\u00fc\u00e7lere sahip olmadan okuyup terc\u00fcme etmeyi de \u00f6\u011frenebilir. Tarot, herkesin kavray\u0131\u015f\u0131na a\u00e7\u0131k bir dildir. <\/p>\n","protected":false},"excerpt":{"rendered":"<p>Alejandro Jodorowsky, 1950\u2019lerin ba\u015f\u0131nda Tarot ile tan\u0131\u015f\u0131r ve Tarot, onu bu alanla ilgili hi\u00e7 beklemedi\u011fi ve planlamad\u0131\u011f\u0131, derin bir yolculu\u011fa s\u00fcr\u00fckler. Elinizde tuttu\u011funuz, bug\u00fcne kadar Tarot\u2019a<span class=\"excerpt-hellip\"> [\u2026]<\/span><\/p>\n","protected":false},"featured_media":0,"template":"","meta":{"_monsterinsights_skip_tracking":false,"_monsterinsights_sitenote_active":false,"_monsterinsights_sitenote_note":"","_monsterinsights_sitenote_category":0},"product_brand":[],"product_cat":[12364,12376],"product_tag":[],"class_list":{"0":"post-745236","1":"product","2":"type-product","3":"status-publish","5":"product_cat-genel-konular","6":"product_cat-kisisel-gelisim","7":"pa_cilt-ciltsiz","8":"pa_tur-kitap","9":"pa_yayinevi-omega","10":"pa_yazar-alejandro-jodorowsky-marianne-costa","12":"first","13":"instock","14":"sale","15":"shipping-taxable","16":"purchasable","17":"product-type-simple"},"_links":{"self":[{"href":"https:\/\/roveyayinevi.com.tr\/index.php\/wp-json\/wp\/v2\/product\/745236","targetHints":{"allow":["GET"]}}],"collection":[{"href":"https:\/\/roveyayinevi.com.tr\/index.php\/wp-json\/wp\/v2\/product"}],"about":[{"href":"https:\/\/roveyayinevi.com.tr\/index.php\/wp-json\/wp\/v2\/types\/product"}],"wp:attachment":[{"href":"https:\/\/roveyayinevi.com.tr\/index.php\/wp-json\/wp\/v2\/media?parent=745236"}],"wp:term":[{"taxonomy":"product_brand","embeddable":true,"href":"https:\/\/roveyayinevi.com.tr\/index.php\/wp-json\/wp\/v2\/product_brand?post=745236"},{"taxonomy":"product_cat","embeddable":true,"href":"https:\/\/roveyayinevi.com.tr\/index.php\/wp-json\/wp\/v2\/product_cat?post=745236"},{"taxonomy":"product_tag","embeddable":true,"href":"https:\/\/roveyayinevi.com.tr\/index.php\/wp-json\/wp\/v2\/product_tag?post=745236"}],"curies":[{"name":"wp","href":"https:\/\/api.w.org\/{rel}","templated":true}]}}