{"id":745233,"date":"2025-08-28T02:15:00","date_gmt":"2025-08-27T23:15:00","guid":{"rendered":"https:\/\/roveyayinevi.com.tr\/index.php\/urun\/stasis\/"},"modified":"2026-04-16T02:57:35","modified_gmt":"2026-04-15T23:57:35","slug":"stasis","status":"publish","type":"product","link":"https:\/\/roveyayinevi.com.tr\/index.php\/urun\/stasis\/","title":{"rendered":"Stasis"},"content":{"rendered":"<p>Stasis, Y\u00fccel Kay\u0131ran\u2019\u0131n, Efsus\u2019a Yolculuk\u2019tan sonra yazd\u0131\u011f\u0131 yeni \u015fiir kitab\u0131; yirmi be\u015f y\u0131l \u00f6nce, Hayaline Firar Edemeyenlerin Afsunu\u2019yla ba\u015flayan \u015fiir hayat\u0131nda yeni bir u\u011frak. ecelin g\u00f6zleri kederlisu gibi bulur yolunu i\u00e7erlemeru\u0308zg\u00e2rda yelken a\u00e7ar benim ruhum..bulamad\u0131m bakaca\u011f\u0131m yeriuykudan sorumlu de\u011fil g\u00f6zbebekleri   yerin alt\u0131ndan al\u0131nm\u0131\u015f ilham\u0131bana lay\u0131k g\u00f6ru\u0308len yerin,tanr\u0131n\u0131n emir eri gibi g\u00f6ru\u0308r kendiniiktidar\u0131n sakinlerigelirler gecenin bitti\u011fi yerde   gelece\u011fi yok kelam\u0131n, \u00e7\u0131ksamd\u0131\u015far\u0131 kendimden.. ku\u0308\u00e7u\u0308kken\u00f6\u011fretildi ses \u00e7\u0131karmadan a\u011flamas\u0131..ayazda kalm\u0131\u015f g\u00f6zler, i\u00e7i \u0131slakkorkudan kurulma labirentin kap\u0131lar\u0131 <\/p>\n","protected":false},"excerpt":{"rendered":"<p>Stasis, Y\u00fccel Kay\u0131ran\u2019\u0131n, Efsus\u2019a Yolculuk\u2019tan sonra yazd\u0131\u011f\u0131 yeni \u015fiir kitab\u0131; yirmi be\u015f y\u0131l \u00f6nce, Hayaline Firar Edemeyenlerin Afsunu\u2019yla ba\u015flayan \u015fiir hayat\u0131nda yeni bir u\u011frak. ecelin g\u00f6zleri<span class=\"excerpt-hellip\"> [\u2026]<\/span><\/p>\n","protected":false},"featured_media":0,"template":"","meta":{"_monsterinsights_skip_tracking":false,"_monsterinsights_sitenote_active":false,"_monsterinsights_sitenote_note":"","_monsterinsights_sitenote_category":0},"product_brand":[],"product_cat":[12291,12509],"product_tag":[],"class_list":{"0":"post-745233","1":"product","2":"type-product","3":"status-publish","5":"product_cat-edebiyat","6":"product_cat-siir","7":"pa_cilt-ciltsiz","8":"pa_tur-kitap","9":"pa_yayinevi-everest-yayinlari","10":"pa_yazar-yucel-kayiran","12":"first","13":"instock","14":"sale","15":"shipping-taxable","16":"purchasable","17":"product-type-simple"},"_links":{"self":[{"href":"https:\/\/roveyayinevi.com.tr\/index.php\/wp-json\/wp\/v2\/product\/745233","targetHints":{"allow":["GET"]}}],"collection":[{"href":"https:\/\/roveyayinevi.com.tr\/index.php\/wp-json\/wp\/v2\/product"}],"about":[{"href":"https:\/\/roveyayinevi.com.tr\/index.php\/wp-json\/wp\/v2\/types\/product"}],"wp:attachment":[{"href":"https:\/\/roveyayinevi.com.tr\/index.php\/wp-json\/wp\/v2\/media?parent=745233"}],"wp:term":[{"taxonomy":"product_brand","embeddable":true,"href":"https:\/\/roveyayinevi.com.tr\/index.php\/wp-json\/wp\/v2\/product_brand?post=745233"},{"taxonomy":"product_cat","embeddable":true,"href":"https:\/\/roveyayinevi.com.tr\/index.php\/wp-json\/wp\/v2\/product_cat?post=745233"},{"taxonomy":"product_tag","embeddable":true,"href":"https:\/\/roveyayinevi.com.tr\/index.php\/wp-json\/wp\/v2\/product_tag?post=745233"}],"curies":[{"name":"wp","href":"https:\/\/api.w.org\/{rel}","templated":true}]}}