{"id":745231,"date":"2025-08-28T02:14:57","date_gmt":"2025-08-27T23:14:57","guid":{"rendered":"https:\/\/roveyayinevi.com.tr\/index.php\/urun\/kemalin-hikayesi\/"},"modified":"2026-04-16T02:57:35","modified_gmt":"2026-04-15T23:57:35","slug":"kemalin-hikayesi","status":"publish","type":"product","link":"https:\/\/roveyayinevi.com.tr\/index.php\/urun\/kemalin-hikayesi\/","title":{"rendered":"Kemal\u2019in Hikayesi"},"content":{"rendered":"<p>K\u00fc\u00e7\u00fck bir il\u00e7ede i\u015flenen bir cinayet ve haberin pe\u015finde ko\u015fan gen\u00e7 bir gazeteci. Herkesin merak etti\u011fi ise katil kim? Aile ba\u011flar\u0131, dostluk ve arkada\u015fl\u0131k duygular\u0131n\u0131n i\u015flendi\u011fi bu eseri merak, heyecan ve zevkle okuyaca\u011f\u0131n\u0131z\u0131 umut ediyoruz. <\/p>\n","protected":false},"excerpt":{"rendered":"<p>K\u00fc\u00e7\u00fck bir il\u00e7ede i\u015flenen bir cinayet ve haberin pe\u015finde ko\u015fan gen\u00e7 bir gazeteci. Herkesin merak etti\u011fi ise katil kim? Aile ba\u011flar\u0131, dostluk ve arkada\u015fl\u0131k duygular\u0131n\u0131n i\u015flendi\u011fi<span class=\"excerpt-hellip\"> [\u2026]<\/span><\/p>\n","protected":false},"featured_media":0,"template":"","meta":{"_monsterinsights_skip_tracking":false,"_monsterinsights_sitenote_active":false,"_monsterinsights_sitenote_note":"","_monsterinsights_sitenote_category":0},"product_brand":[],"product_cat":[12291,12711],"product_tag":[],"class_list":{"0":"post-745231","1":"product","2":"type-product","3":"status-publish","5":"product_cat-edebiyat","6":"product_cat-roman-oyku","7":"pa_cilt-ciltsiz","8":"pa_tur-kitap","9":"pa_yayinevi-bilgesina-yayinevi","10":"pa_yazar-gulten-turkel","12":"first","13":"instock","14":"sale","15":"shipping-taxable","16":"purchasable","17":"product-type-simple"},"_links":{"self":[{"href":"https:\/\/roveyayinevi.com.tr\/index.php\/wp-json\/wp\/v2\/product\/745231","targetHints":{"allow":["GET"]}}],"collection":[{"href":"https:\/\/roveyayinevi.com.tr\/index.php\/wp-json\/wp\/v2\/product"}],"about":[{"href":"https:\/\/roveyayinevi.com.tr\/index.php\/wp-json\/wp\/v2\/types\/product"}],"wp:attachment":[{"href":"https:\/\/roveyayinevi.com.tr\/index.php\/wp-json\/wp\/v2\/media?parent=745231"}],"wp:term":[{"taxonomy":"product_brand","embeddable":true,"href":"https:\/\/roveyayinevi.com.tr\/index.php\/wp-json\/wp\/v2\/product_brand?post=745231"},{"taxonomy":"product_cat","embeddable":true,"href":"https:\/\/roveyayinevi.com.tr\/index.php\/wp-json\/wp\/v2\/product_cat?post=745231"},{"taxonomy":"product_tag","embeddable":true,"href":"https:\/\/roveyayinevi.com.tr\/index.php\/wp-json\/wp\/v2\/product_tag?post=745231"}],"curies":[{"name":"wp","href":"https:\/\/api.w.org\/{rel}","templated":true}]}}