{"id":745230,"date":"2025-08-28T02:14:55","date_gmt":"2025-08-27T23:14:55","guid":{"rendered":"https:\/\/roveyayinevi.com.tr\/index.php\/urun\/horimiya-horisan-ile-miyamurakun-05\/"},"modified":"2026-04-16T02:57:35","modified_gmt":"2026-04-15T23:57:35","slug":"horimiya-horisan-ile-miyamurakun-05","status":"publish","type":"product","link":"https:\/\/roveyayinevi.com.tr\/index.php\/urun\/horimiya-horisan-ile-miyamurakun-05\/","title":{"rendered":"Horimiya Horisan ile Miyamurakun 05"},"content":{"rendered":"<p>Horisan ile Miyamurakun\u2019un etkileyici hik\u00e2yesi devam ediyor! Hori ve Miyamura art\u0131k resmen bir \u00e7ift ve bunu okuldaki herkes biliyor. Ancak ili\u015fkileriyle ilgili olarak insanlar\u0131n Hori\u2019nin arkas\u0131ndan konu\u015ftu\u011funu d\u00fc\u015f\u00fcnen Miyamura i\u00e7in her \u015fey g\u00fcll\u00fck g\u00fclistanl\u0131k de\u011fil. Hori&#8217;nin erkek arkada\u015f\u0131 olma konusunda duydu\u011fu endi\u015fe tavan yap\u0131nca Miyamura, g\u00f6r\u00fcn\u00fc\u015f\u00fcn\u00fc dramatik bir bi\u00e7imde de\u011fi\u015ftirmeye karar verir, bu d\u00f6n\u00fc\u015f\u00fcm herkesin onun hakk\u0131ndaki fikrini bir anda de\u011fi\u015ftirmeye yeter&#8230; Okul hayat\u0131, arkada\u015fl\u0131klar ve kendini ke\u015ffetme hakk\u0131nda ilham verici hik\u00e2yesiyle Horimiya sizi etkisi alt\u0131na alacak!<\/p>\n","protected":false},"excerpt":{"rendered":"<p>Horisan ile Miyamurakun\u2019un etkileyici hik\u00e2yesi devam ediyor! Hori ve Miyamura art\u0131k resmen bir \u00e7ift ve bunu okuldaki herkes biliyor. Ancak ili\u015fkileriyle ilgili olarak insanlar\u0131n Hori\u2019nin arkas\u0131ndan<span class=\"excerpt-hellip\"> [\u2026]<\/span><\/p>\n","protected":false},"featured_media":0,"template":"","meta":{"_monsterinsights_skip_tracking":false,"_monsterinsights_sitenote_active":false,"_monsterinsights_sitenote_note":"","_monsterinsights_sitenote_category":0},"product_brand":[],"product_cat":[12416,12291],"product_tag":[],"class_list":{"0":"post-745230","1":"product","2":"type-product","3":"status-publish","5":"product_cat-cizgi-roman","6":"product_cat-edebiyat","7":"pa_cilt-ciltsiz","8":"pa_tur-kitap","9":"pa_yayinevi-akil-celen-kitaplar","10":"pa_yazar-hero","12":"first","13":"instock","14":"sale","15":"shipping-taxable","16":"purchasable","17":"product-type-simple"},"_links":{"self":[{"href":"https:\/\/roveyayinevi.com.tr\/index.php\/wp-json\/wp\/v2\/product\/745230","targetHints":{"allow":["GET"]}}],"collection":[{"href":"https:\/\/roveyayinevi.com.tr\/index.php\/wp-json\/wp\/v2\/product"}],"about":[{"href":"https:\/\/roveyayinevi.com.tr\/index.php\/wp-json\/wp\/v2\/types\/product"}],"wp:attachment":[{"href":"https:\/\/roveyayinevi.com.tr\/index.php\/wp-json\/wp\/v2\/media?parent=745230"}],"wp:term":[{"taxonomy":"product_brand","embeddable":true,"href":"https:\/\/roveyayinevi.com.tr\/index.php\/wp-json\/wp\/v2\/product_brand?post=745230"},{"taxonomy":"product_cat","embeddable":true,"href":"https:\/\/roveyayinevi.com.tr\/index.php\/wp-json\/wp\/v2\/product_cat?post=745230"},{"taxonomy":"product_tag","embeddable":true,"href":"https:\/\/roveyayinevi.com.tr\/index.php\/wp-json\/wp\/v2\/product_tag?post=745230"}],"curies":[{"name":"wp","href":"https:\/\/api.w.org\/{rel}","templated":true}]}}