{"id":745229,"date":"2025-08-28T02:14:21","date_gmt":"2025-08-27T23:14:21","guid":{"rendered":"https:\/\/roveyayinevi.com.tr\/index.php\/urun\/saglik-hizmetlerinde-iletisim-2\/"},"modified":"2025-11-07T08:27:56","modified_gmt":"2025-11-07T05:27:56","slug":"saglik-hizmetlerinde-iletisim-2","status":"publish","type":"product","link":"https:\/\/roveyayinevi.com.tr\/index.php\/urun\/saglik-hizmetlerinde-iletisim-2\/","title":{"rendered":"Sa\u011fl\u0131k Hizmetlerinde \u0130leti\u015fim"},"content":{"rendered":"<p>B\u00d6L\u00dcM 1 SA\u011eLIK KAVRAMI VE SA\u011eLIK H\u0130ZMETLER\u0130 B\u00d6L\u00dcM 2 \u0130LET\u0130\u015e\u0130M KAVRAMI B\u00d6L\u00dcM 3 \u0130\u015eLETMELERDE \u0130LET\u0130\u015e\u0130M B\u00d6L\u00dcM 4 SA\u011eLIK \u0130LET\u0130\u015e\u0130M\u0130 B\u00d6L\u00dcM 5 SA\u011eLIK \u0130LET\u0130\u015e\u0130M\u0130 KURAM VE MODELLER\u0130 B\u00d6L\u00dcM 6 SA\u011eLIK \u0130LET\u0130\u015e\u0130M\u0130NDE KULLANILAN Y\u00d6NTEMLER B\u00d6L\u00dcM 7 SA\u011eLIK \u00c7ALI\u015eANLARI ARASINDA \u0130LET\u0130\u015e\u0130M B\u00d6L\u00dcM 8 SA\u011eLIK KURUMLARINDA KURUMSAL \u0130LET\u0130\u015e\u0130M B\u00d6L\u00dcM 9 SA\u011eLIK H\u0130ZMETLER\u0130NDE ETK\u0130L\u0130 \u0130LET\u0130\u015e\u0130M TEKN\u0130KLER\u0130 B\u00d6L\u00dcM 10 HASTAYI TANIMA VE HASTALAR ARASI \u0130LET\u0130\u015e\u0130M B\u00d6L\u00dcM 11 SA\u011eLIK \u00c7ALI\u015eANLARININ HASTA VE HASTA YAKINLARIYLA \u0130LET\u0130\u015e\u0130M\u0130 B\u00d6L\u00dcM 12 \u00d6ZEL HASTALAR VE YAKINLARIYLA \u0130LET\u0130\u015e\u0130M B\u00d6L\u00dcM 13 SA\u011eLIKTA G\u00dcVENL\u0130K K\u00dcLT\u00dcR\u00dc VE HASTA HAKLARI BA\u011eLAMINDA \u0130LET\u0130\u015e\u0130M B\u00d6L\u00dcM 14 KR\u0130Z DURUMLARI VE SA\u011eLIKTA KR\u0130Z \u0130LET\u0130\u015e\u0130M\u0130 <\/p>\n","protected":false},"excerpt":{"rendered":"<p>B\u00d6L\u00dcM 1 SA\u011eLIK KAVRAMI VE SA\u011eLIK H\u0130ZMETLER\u0130 B\u00d6L\u00dcM 2 \u0130LET\u0130\u015e\u0130M KAVRAMI B\u00d6L\u00dcM 3 \u0130\u015eLETMELERDE \u0130LET\u0130\u015e\u0130M B\u00d6L\u00dcM 4 SA\u011eLIK \u0130LET\u0130\u015e\u0130M\u0130 B\u00d6L\u00dcM 5 SA\u011eLIK \u0130LET\u0130\u015e\u0130M\u0130 KURAM VE MODELLER\u0130<span class=\"excerpt-hellip\"> [\u2026]<\/span><\/p>\n","protected":false},"featured_media":0,"template":"","meta":{"_monsterinsights_skip_tracking":false,"_monsterinsights_sitenote_active":false,"_monsterinsights_sitenote_note":"","_monsterinsights_sitenote_category":0},"product_brand":[],"product_cat":[13366,13365],"product_tag":[],"class_list":{"0":"post-745229","1":"product","2":"type-product","3":"status-publish","5":"product_cat-diger-saglik","6":"product_cat-saglik","7":"pa_cilt-ciltsiz","8":"pa_tur-kitap","9":"pa_yayinevi-gazi-kitabevi","10":"pa_yazar-kolektif","12":"first","13":"instock","14":"sale","15":"shipping-taxable","16":"purchasable","17":"product-type-simple"},"_links":{"self":[{"href":"https:\/\/roveyayinevi.com.tr\/index.php\/wp-json\/wp\/v2\/product\/745229","targetHints":{"allow":["GET"]}}],"collection":[{"href":"https:\/\/roveyayinevi.com.tr\/index.php\/wp-json\/wp\/v2\/product"}],"about":[{"href":"https:\/\/roveyayinevi.com.tr\/index.php\/wp-json\/wp\/v2\/types\/product"}],"wp:attachment":[{"href":"https:\/\/roveyayinevi.com.tr\/index.php\/wp-json\/wp\/v2\/media?parent=745229"}],"wp:term":[{"taxonomy":"product_brand","embeddable":true,"href":"https:\/\/roveyayinevi.com.tr\/index.php\/wp-json\/wp\/v2\/product_brand?post=745229"},{"taxonomy":"product_cat","embeddable":true,"href":"https:\/\/roveyayinevi.com.tr\/index.php\/wp-json\/wp\/v2\/product_cat?post=745229"},{"taxonomy":"product_tag","embeddable":true,"href":"https:\/\/roveyayinevi.com.tr\/index.php\/wp-json\/wp\/v2\/product_tag?post=745229"}],"curies":[{"name":"wp","href":"https:\/\/api.w.org\/{rel}","templated":true}]}}