{"id":745228,"date":"2025-08-28T02:14:20","date_gmt":"2025-08-27T23:14:20","guid":{"rendered":"https:\/\/roveyayinevi.com.tr\/index.php\/urun\/isletmecilik-alanindaki-calismalarin-bibliyometrik-analizi-muhasebe-ve-finansman-yonetim-ve-organizasyon-uretim-yonetimi-ve-p\/"},"modified":"2026-04-16T02:57:35","modified_gmt":"2026-04-15T23:57:35","slug":"isletmecilik-alanindaki-calismalarin-bibliyometrik-analizi-muhasebe-ve-finansman-yonetim-ve-organizasyon-uretim-yonetimi-ve-p","status":"publish","type":"product","link":"https:\/\/roveyayinevi.com.tr\/index.php\/urun\/isletmecilik-alanindaki-calismalarin-bibliyometrik-analizi-muhasebe-ve-finansman-yonetim-ve-organizasyon-uretim-yonetimi-ve-p\/","title":{"rendered":"\u0130\u015fletmecilik Alan\u0131ndaki \u00c7al\u0131\u015fmalar\u0131n Bibliyometrik Analizi (Muhasebe ve Finansman, Y\u00f6netim ve Organizasyon, \u00dcretim Y\u00f6netimi ve P"},"content":{"rendered":"<p>1-BA\u011eIMSIZ DENET\u0130M KAL\u0130TES\u0130 KONULU \u00c7ALI\u015eMALARIN B\u0130BL\u0130YOMETR\u0130K ANAL\u0130Z\u0130 VE G\u00d6RSEL HAR\u0130TALAMA BULGULARI   2-DEVLET MUHASEBES\u0130 ALANINDA YAPILAN AKADEM\u0130K \u00c7ALI\u015eMALARIN B\u0130BL\u0130YOMETR\u0130K ANAL\u0130Z\u0130   3-T\u00dcRK\u0130YE\u2019DE KONKORDATO KONUSUNDA YAPILAN AKADEM\u0130K \u00c7ALI\u015eMALARIN B\u0130BL\u0130YOMETR\u0130K ANAL\u0130Z\u0130   4-T\u00dcRK\u0130YE\u2019DE BA\u011eIMSIZ DENET\u0130M KONUSUNDA HAZIRLANMI\u015e DOKTORA TEZLER\u0130N\u0130N B\u0130BL\u0130YOMETR\u0130K ANAL\u0130Z\u0130   5-Y\u00d6K TEZ MERKEZ\u0130&#8217;NE KAYITLI VE \u0130\u015eLETME B\u0130L\u0130M DALI&#8217;NDA HAZIRLANMI\u015e OLAN DOKTORA TEZ \u00c7ALI\u015eMALARININ B\u0130BL\u0130YOMETR\u0130K ANAL\u0130Z\u0130 (2017-2021) 6-ULUSLARARASI KR\u0130TERLER\u0130 SA\u011eLAYAN VE Y\u00dcKSEK ETK\u0130 FAKT\u00d6R\u00dcNE SAH\u0130P B\u0130R DERG\u0130 \u00dcZER\u0130NE B\u0130BL\u0130YOMETR\u0130K ANAL\u0130Z: \u0130STANBUL BUS\u0130NESS RESEARCH DERG\u0130S\u0130 ARA\u015eTIRMASI (2013-2021)    7-\u0130\u015eLETME ALANINDA YAYINLANAN B\u0130L\u0130MSEL MAKALELER\u0130N \u0130\u015eLETME ALT D\u0130S\u0130PL\u0130NLER\u0130 BA\u011eLAMINDA B\u0130BL\u0130YOMETR\u0130K Y\u00d6NTEMLE \u0130NCELENMES\u0130   8-Y\u00d6NET\u0130M YAZININDA YER ALAN \u00d6RG\u00dcTSEL DESTEK OLGUSUNUN B\u0130BL\u0130YOMETR\u0130K ANAL\u0130Z Y\u00d6NTEM\u0130YLE \u0130NCELENMES\u0130   9-PS\u0130KOLOJ\u0130K TAC\u0130Z OLGUSUNUN EVR\u0130MSEL GEL\u0130\u015e\u0130M\u0130N\u0130N B\u0130L\u0130MSEL HAR\u0130TALAMA Y\u00d6NTEM\u0130YLE \u0130NCELENMES\u0130   10-N\u00d6ROB\u0130L\u0130M VE B\u0130R Y\u00d6NTEM OLARAK \u0130\u015eLETME D\u0130S\u0130PL\u0130N\u0130NDE KULLANIM ALANLARININ B\u0130BL\u0130YOMETR\u0130K ANAL\u0130Z TEKN\u0130\u011e\u0130 \u0130LE TESP\u0130T\u0130   11-\u0130NSAN KAYNAKLARI Y\u00d6NET\u0130M\u0130NDE D\u0130J\u0130TALLE\u015eME \u0130LE \u0130LG\u0130L\u0130 \u00c7ALI\u015eMALARIN B\u0130BL\u0130YOMETR\u0130K ANAL\u0130Z\u0130   12-D\u0130J\u0130TAL PAZARLAMAYA AKADEM\u0130K \u0130LG\u0130N\u0130N YA\u015eAM SEYR\u0130: SCOPUS VER\u0130 TABANINDA B\u0130BL\u0130YOMETR\u0130K ANAL\u0130Z   13-\u00c7EV\u0130K TEDAR\u0130K Z\u0130NC\u0130R\u0130 \u00dcZER\u0130NE B\u0130BL\u0130YOMETR\u0130K ANAL\u0130Z   14-ULUSAL S\u00dcRD\u00dcR\u00dcLEB\u0130L\u0130R PAZARLAMA L\u0130TERAT\u00dcR\u00dcN\u00dcN B\u0130BL\u0130YOMETR\u0130K ANAL\u0130Z\u0130 <\/p>\n","protected":false},"excerpt":{"rendered":"<p>1-BA\u011eIMSIZ DENET\u0130M KAL\u0130TES\u0130 KONULU \u00c7ALI\u015eMALARIN B\u0130BL\u0130YOMETR\u0130K ANAL\u0130Z\u0130 VE G\u00d6RSEL HAR\u0130TALAMA BULGULARI 2-DEVLET MUHASEBES\u0130 ALANINDA YAPILAN AKADEM\u0130K \u00c7ALI\u015eMALARIN B\u0130BL\u0130YOMETR\u0130K ANAL\u0130Z\u0130 3-T\u00dcRK\u0130YE\u2019DE KONKORDATO KONUSUNDA YAPILAN AKADEM\u0130K \u00c7ALI\u015eMALARIN B\u0130BL\u0130YOMETR\u0130K<span class=\"excerpt-hellip\"> [\u2026]<\/span><\/p>\n","protected":false},"featured_media":0,"template":"","meta":{"_monsterinsights_skip_tracking":false,"_monsterinsights_sitenote_active":false,"_monsterinsights_sitenote_note":"","_monsterinsights_sitenote_category":0},"product_brand":[],"product_cat":[13043,14381],"product_tag":[],"class_list":{"0":"post-745228","1":"product","2":"type-product","3":"status-publish","5":"product_cat-ekonomi","6":"product_cat-isletme-muhasebe-maliye","7":"pa_cilt-ciltsiz","8":"pa_tur-kitap","9":"pa_yayinevi-gazi-kitabevi","10":"pa_yazar-kolektif","12":"first","13":"instock","14":"sale","15":"shipping-taxable","16":"purchasable","17":"product-type-simple"},"_links":{"self":[{"href":"https:\/\/roveyayinevi.com.tr\/index.php\/wp-json\/wp\/v2\/product\/745228","targetHints":{"allow":["GET"]}}],"collection":[{"href":"https:\/\/roveyayinevi.com.tr\/index.php\/wp-json\/wp\/v2\/product"}],"about":[{"href":"https:\/\/roveyayinevi.com.tr\/index.php\/wp-json\/wp\/v2\/types\/product"}],"wp:attachment":[{"href":"https:\/\/roveyayinevi.com.tr\/index.php\/wp-json\/wp\/v2\/media?parent=745228"}],"wp:term":[{"taxonomy":"product_brand","embeddable":true,"href":"https:\/\/roveyayinevi.com.tr\/index.php\/wp-json\/wp\/v2\/product_brand?post=745228"},{"taxonomy":"product_cat","embeddable":true,"href":"https:\/\/roveyayinevi.com.tr\/index.php\/wp-json\/wp\/v2\/product_cat?post=745228"},{"taxonomy":"product_tag","embeddable":true,"href":"https:\/\/roveyayinevi.com.tr\/index.php\/wp-json\/wp\/v2\/product_tag?post=745228"}],"curies":[{"name":"wp","href":"https:\/\/api.w.org\/{rel}","templated":true}]}}