{"id":745227,"date":"2025-08-28T02:14:19","date_gmt":"2025-08-27T23:14:19","guid":{"rendered":"https:\/\/roveyayinevi.com.tr\/index.php\/urun\/turkiye-de-iktisat-politikalari-ve-ekonomik-buyume-2000-2021\/"},"modified":"2026-04-16T02:57:35","modified_gmt":"2026-04-15T23:57:35","slug":"turkiye-de-iktisat-politikalari-ve-ekonomik-buyume-2000-2021","status":"publish","type":"product","link":"https:\/\/roveyayinevi.com.tr\/index.php\/urun\/turkiye-de-iktisat-politikalari-ve-ekonomik-buyume-2000-2021\/","title":{"rendered":"T\u00fcrkiye&#8217; de \u0130ktisat Politikalar\u0131 ve Ekonomik B\u00fcy\u00fcme (2000 &#8211; 2021)"},"content":{"rendered":"<p>B\u0130R\u0130NC\u0130 B\u00d6L\u00dcM EKONOM\u0130K B\u00dcY\u00dcMEN\u0130N TEMEL BEL\u0130RLEY\u0130C\u0130LER\u0130   \u0130K\u0130NC\u0130 B\u00d6L\u00dcM \u0130KT\u0130SAT OKULLARI VE EKONOM\u0130K B\u00dcY\u00dcME   \u00dc\u00c7\u00dcNC\u00dc B\u00d6L\u00dcM EKONOM\u0130K B\u00dcY\u00dcME MODELLER\u0130   D\u00d6RD\u00dcNC\u00dc B\u00d6L\u00dcM EKONOM\u0130K KALKINMA VE EKONOM\u0130K KALKINMAYI ETK\u0130LEYEN FAKT\u00d6RLER   BE\u015e\u0130NC\u0130 B\u00d6L\u00dcM K\u00dcRESELLE\u015eME VE EKONOM\u0130K B\u00dcY\u00dcME   ALTINCI B\u00d6L\u00dcM EKONOM\u0130K B\u00dcY\u00dcME VE ENFLASYON \u0130L\u0130\u015eK\u0130S\u0130   YED\u0130NC\u0130 B\u00d6L\u00dcM EKONOM\u0130K B\u00dcY\u00dcME VE DI\u015e T\u0130CARET     SEK\u0130Z\u0130NC\u0130 B\u00d6L\u00dcM EKONOM\u0130K B\u00dcY\u00dcME VE \u0130ST\u0130HDAM DOKUZUNCU B\u00d6L\u00dcM T\u00dcRK\u0130YE\u2019DE PARA POL\u0130T\u0130KASI VE EKONOM\u0130K B\u00dcY\u00dcME (2000-2021)   ONUNCU B\u00d6L\u00dcM T\u00dcRK\u0130YE\u2019DE MAL\u0130YE POL\u0130T\u0130KASI VE EKONOM\u0130K B\u00dcY\u00dcME (2000-2021)   ON B\u0130R\u0130NC\u0130 B\u00d6L\u00dcM T\u00dcRK\u0130YE\u2019DE D\u00d6V\u0130Z P\u0130YASASI VE EKONOM\u0130K B\u00dcY\u00dcME (2000-2021)   ON \u0130K\u0130NC\u0130 B\u00d6L\u00dcM T\u00dcRK\u0130YE\u2019DE FA\u0130Z VE EKONOM\u0130K B\u00dcY\u00dcME (2000-2021)   ON \u00dc\u00c7\u00dcNC\u00dc B\u00d6L\u00dcM T\u00dcRK\u0130YE\u2019DE EKONOM\u0130K B\u00dcY\u00dcME VE GEL\u0130R DA\u011eILIMI (2000-2021)   ON D\u00d6RD\u00dcNC\u00dc B\u00d6L\u00dcM T\u00dcRK\u0130YE\u2019DE SANAY\u0130 POL\u0130T\u0130KALARI VE EKONOM\u0130K B\u00dcY\u00dcME   ON BE\u015e\u0130NC\u0130 B\u00d6L\u00dcM T\u00dcRK\u0130YE\u2019DE TEKNOLOJ\u0130 POL\u0130T\u0130KALARI VE EKONOM\u0130K B\u00dcY\u00dcME (2000-2021)   ON ALTINCI B\u00d6L\u00dcM T\u00dcRK\u0130YE\u2019DE G\u0130R\u0130\u015e\u0130MC\u0130L\u0130K VE EKONOM\u0130K B\u00dcY\u00dcME (2000-2021)   ON YED\u0130NC\u0130 B\u00d6L\u00dcM T\u00dcRK\u0130YE\u2019DE AR-GE HARCAMALARI VE EKONOM\u0130K B\u00dcY\u00dcME: TESP\u0130T, ELE\u015eT\u0130R\u0130 VE \u00d6NER\u0130LER   ON SEK\u0130Z\u0130NC\u0130 B\u00d6L\u00dcM T\u00dcRK\u0130YE\u2019DE EKONOM\u0130K B\u00dcY\u00dcME, BANKACILIK VE F\u0130NANSAL P\u0130YASALAR   ON DOKUZUNCU B\u00d6L\u00dcM T\u00dcRK\u0130YE\u2019DE EKONOM\u0130K B\u00dcY\u00dcME OYNAKLI\u011eI \u0130LE F\u0130NANSAL DOLAR\u0130ZASYON ARASINDAK\u0130 \u0130L\u0130\u015eK\u0130   Y\u0130RM\u0130NC\u0130 B\u00d6L\u00dcM T\u00dcRK\u0130YE\u2019DE EKONOM\u0130K B\u00dcY\u00dcMEN\u0130N MEKANSAL ANAL\u0130Z \u0130LE \u0130NCELENMES\u0130 <\/p>\n","protected":false},"excerpt":{"rendered":"<p>B\u0130R\u0130NC\u0130 B\u00d6L\u00dcM EKONOM\u0130K B\u00dcY\u00dcMEN\u0130N TEMEL BEL\u0130RLEY\u0130C\u0130LER\u0130 \u0130K\u0130NC\u0130 B\u00d6L\u00dcM \u0130KT\u0130SAT OKULLARI VE EKONOM\u0130K B\u00dcY\u00dcME \u00dc\u00c7\u00dcNC\u00dc B\u00d6L\u00dcM EKONOM\u0130K B\u00dcY\u00dcME MODELLER\u0130 D\u00d6RD\u00dcNC\u00dc B\u00d6L\u00dcM EKONOM\u0130K KALKINMA VE EKONOM\u0130K KALKINMAYI ETK\u0130LEYEN<span class=\"excerpt-hellip\"> [\u2026]<\/span><\/p>\n","protected":false},"featured_media":0,"template":"","meta":{"_monsterinsights_skip_tracking":false,"_monsterinsights_sitenote_active":false,"_monsterinsights_sitenote_note":"","_monsterinsights_sitenote_category":0},"product_brand":[],"product_cat":[20333,13043],"product_tag":[],"class_list":{"0":"post-745227","1":"product","2":"type-product","3":"status-publish","5":"product_cat-diger-ekonomi","6":"product_cat-ekonomi","7":"pa_cilt-ciltsiz","8":"pa_tur-kitap","9":"pa_yayinevi-gazi-kitabevi","10":"pa_yazar-kolektif","12":"first","13":"instock","14":"sale","15":"shipping-taxable","16":"purchasable","17":"product-type-simple"},"_links":{"self":[{"href":"https:\/\/roveyayinevi.com.tr\/index.php\/wp-json\/wp\/v2\/product\/745227","targetHints":{"allow":["GET"]}}],"collection":[{"href":"https:\/\/roveyayinevi.com.tr\/index.php\/wp-json\/wp\/v2\/product"}],"about":[{"href":"https:\/\/roveyayinevi.com.tr\/index.php\/wp-json\/wp\/v2\/types\/product"}],"wp:attachment":[{"href":"https:\/\/roveyayinevi.com.tr\/index.php\/wp-json\/wp\/v2\/media?parent=745227"}],"wp:term":[{"taxonomy":"product_brand","embeddable":true,"href":"https:\/\/roveyayinevi.com.tr\/index.php\/wp-json\/wp\/v2\/product_brand?post=745227"},{"taxonomy":"product_cat","embeddable":true,"href":"https:\/\/roveyayinevi.com.tr\/index.php\/wp-json\/wp\/v2\/product_cat?post=745227"},{"taxonomy":"product_tag","embeddable":true,"href":"https:\/\/roveyayinevi.com.tr\/index.php\/wp-json\/wp\/v2\/product_tag?post=745227"}],"curies":[{"name":"wp","href":"https:\/\/api.w.org\/{rel}","templated":true}]}}