{"id":745225,"date":"2025-08-28T02:14:16","date_gmt":"2025-08-27T23:14:16","guid":{"rendered":"https:\/\/roveyayinevi.com.tr\/index.php\/urun\/gezegeni-kurtaracak-kadar-buyudum\/"},"modified":"2025-11-21T08:31:39","modified_gmt":"2025-11-21T05:31:39","slug":"gezegeni-kurtaracak-kadar-buyudum","status":"publish","type":"product","link":"https:\/\/roveyayinevi.com.tr\/index.php\/urun\/gezegeni-kurtaracak-kadar-buyudum\/","title":{"rendered":"Gezegeni Kurtaracak Kadar B\u00fcy\u00fcd\u00fcm"},"content":{"rendered":"<p>Bu kitab\u0131 okuyacak kadar zekiyim, geli\u015fmeleri takip edecek kadar d\u00fcnyay\u0131 umursuyorum, de\u011fi\u015fimi ger\u00e7ekle\u015ftirecek kadar bilgi sahibiyim, gezegeni kurtaracak kadar b\u00fcy\u00fcd\u00fcm.   \u0130klim de\u011fi\u015fikli\u011fine kar\u015f\u0131 harekete ge\u00e7en \u00e7ocuklarla tan\u0131\u015f\u0131n. Yapt\u0131klar\u0131 i\u015fleri \u00f6\u011frenip gezegenin kurtulu\u015funa nas\u0131l katk\u0131 sa\u011flayabilece\u011finizi ke\u015ffedin&#8230;   Gen\u00e7 okurlar\u0131 evde ve okulda harekete ge\u00e7irmek  i\u00e7in basit ad\u0131mlarla neler yap\u0131labilece\u011fini  anlatan bir b\u00f6l\u00fcm i\u00e7erir. <\/p>\n","protected":false},"excerpt":{"rendered":"<p>Bu kitab\u0131 okuyacak kadar zekiyim, geli\u015fmeleri takip edecek kadar d\u00fcnyay\u0131 umursuyorum, de\u011fi\u015fimi ger\u00e7ekle\u015ftirecek kadar bilgi sahibiyim, gezegeni kurtaracak kadar b\u00fcy\u00fcd\u00fcm. \u0130klim de\u011fi\u015fikli\u011fine kar\u015f\u0131 harekete ge\u00e7en \u00e7ocuklarla<span class=\"excerpt-hellip\"> [\u2026]<\/span><\/p>\n","protected":false},"featured_media":0,"template":"","meta":{"_monsterinsights_skip_tracking":false,"_monsterinsights_sitenote_active":false,"_monsterinsights_sitenote_note":"","_monsterinsights_sitenote_category":0},"product_brand":[],"product_cat":[12274,12284],"product_tag":[],"class_list":{"0":"post-745225","1":"product","2":"type-product","3":"status-publish","5":"product_cat-cocuk-ve-genclik-kitaplari","6":"product_cat-hikayeler","7":"pa_cilt-ciltsiz","8":"pa_tur-kitap","9":"pa_yayinevi-marti-cocuk-yayinlari","10":"pa_yazar-loll-kirby","12":"first","13":"instock","14":"sale","15":"shipping-taxable","16":"purchasable","17":"product-type-simple"},"_links":{"self":[{"href":"https:\/\/roveyayinevi.com.tr\/index.php\/wp-json\/wp\/v2\/product\/745225","targetHints":{"allow":["GET"]}}],"collection":[{"href":"https:\/\/roveyayinevi.com.tr\/index.php\/wp-json\/wp\/v2\/product"}],"about":[{"href":"https:\/\/roveyayinevi.com.tr\/index.php\/wp-json\/wp\/v2\/types\/product"}],"wp:attachment":[{"href":"https:\/\/roveyayinevi.com.tr\/index.php\/wp-json\/wp\/v2\/media?parent=745225"}],"wp:term":[{"taxonomy":"product_brand","embeddable":true,"href":"https:\/\/roveyayinevi.com.tr\/index.php\/wp-json\/wp\/v2\/product_brand?post=745225"},{"taxonomy":"product_cat","embeddable":true,"href":"https:\/\/roveyayinevi.com.tr\/index.php\/wp-json\/wp\/v2\/product_cat?post=745225"},{"taxonomy":"product_tag","embeddable":true,"href":"https:\/\/roveyayinevi.com.tr\/index.php\/wp-json\/wp\/v2\/product_tag?post=745225"}],"curies":[{"name":"wp","href":"https:\/\/api.w.org\/{rel}","templated":true}]}}