{"id":745224,"date":"2025-08-28T02:14:15","date_gmt":"2025-08-27T23:14:15","guid":{"rendered":"https:\/\/roveyayinevi.com.tr\/index.php\/urun\/insani-tanima-sanati-3\/"},"modified":"2026-02-03T03:10:52","modified_gmt":"2026-02-03T00:10:52","slug":"insani-tanima-sanati-3","status":"publish","type":"product","link":"https:\/\/roveyayinevi.com.tr\/index.php\/urun\/insani-tanima-sanati-3\/","title":{"rendered":"\u0130nsan\u0131 Tan\u0131ma Sanat\u0131"},"content":{"rendered":"<p>Bir bireysel psikoloji klasi\u011fi say\u0131lan bu kitap, bug\u00fcn de kendimizi ve toplumdaki rol\u00fcm\u00fcz\u00fc daha iyi anlaman\u0131n yolunu g\u00f6steriyor. Biz neyiz? Do\u011fam\u0131z ve d\u00fcnyadaki rol\u00fcm\u00fcz nedir? Nereye gidiyoruz? \u0130nsan\u0131 Tan\u0131ma Sanat\u0131\u2019n\u0131 bu kadar \u00f6nemli ve faydal\u0131 k\u0131lan, bu temel sorular\u0131n arkas\u0131ndaki psikodinamiktir. Uzun s\u00fcredir bireysel psikolojinin el kitab\u0131 olarak kabul edilen bu kitap, kendi davran\u0131\u015flar\u0131m\u0131zdan sorumlu ve onu de\u011fi\u015ftirebilecek karar verici varl\u0131klar oldu\u011fumuz inanc\u0131 da dahil olmak \u00fczere Alfred Adler&#8217;in \u00e7al\u0131\u015fmalar\u0131n\u0131n ana temalar\u0131n\u0131 tan\u0131t\u0131yor.   Viyana\u2019daki Halk Enstit\u00fcs\u00fc\u2019nde bir y\u0131l boyunca dinleyicilere verilen derslere dayanan kitap, bireylerin hatal\u0131 davran\u0131\u015flar\u0131n\u0131n sosyal ve toplumsal uyumu nas\u0131l etkiledi\u011fine dikkat \u00e7ekiyor; bireylere hatalar\u0131n\u0131 fark etmeyi \u00f6\u011fretmeyi ve onlara ortak ya\u015fama uyumlu olmay\u0131 nas\u0131l ba\u015farabileceklerini g\u00f6stermeyi ama\u00e7l\u0131yor.   Alfred Adler, Freud ve Jung ile birlikte modern psikolojinin kurucular\u0131ndan biridir. Ki\u015filik \u00e7al\u0131\u015fmas\u0131na b\u00fct\u00fcnc\u00fcl bir yakla\u015f\u0131mla yakla\u015fmas\u0131, bireylere sosyal ba\u011flamlar\u0131 i\u00e7inde ve e\u015fit bir temelde bakmas\u0131, \u00e7al\u0131\u015fmalar\u0131n\u0131 bug\u00fcn de son derece \u00f6nemli k\u0131l\u0131yor. <\/p>\n","protected":false},"excerpt":{"rendered":"<p>Bir bireysel psikoloji klasi\u011fi say\u0131lan bu kitap, bug\u00fcn de kendimizi ve toplumdaki rol\u00fcm\u00fcz\u00fc daha iyi anlaman\u0131n yolunu g\u00f6steriyor. Biz neyiz? Do\u011fam\u0131z ve d\u00fcnyadaki rol\u00fcm\u00fcz nedir? Nereye<span class=\"excerpt-hellip\"> [\u2026]<\/span><\/p>\n","protected":false},"featured_media":0,"template":"","meta":{"_monsterinsights_skip_tracking":false,"_monsterinsights_sitenote_active":false,"_monsterinsights_sitenote_note":"","_monsterinsights_sitenote_category":0},"product_brand":[],"product_cat":[25175,12357],"product_tag":[],"class_list":{"0":"post-745224","1":"product","2":"type-product","3":"status-publish","5":"product_cat-egitim-psikolojisi","6":"product_cat-psikoloji","7":"pa_cilt-ciltsiz","8":"pa_tur-kitap","9":"pa_yayinevi-maya-kitap","10":"pa_yazar-alfred-adler","12":"first","13":"instock","14":"sale","15":"shipping-taxable","16":"purchasable","17":"product-type-simple"},"_links":{"self":[{"href":"https:\/\/roveyayinevi.com.tr\/index.php\/wp-json\/wp\/v2\/product\/745224","targetHints":{"allow":["GET"]}}],"collection":[{"href":"https:\/\/roveyayinevi.com.tr\/index.php\/wp-json\/wp\/v2\/product"}],"about":[{"href":"https:\/\/roveyayinevi.com.tr\/index.php\/wp-json\/wp\/v2\/types\/product"}],"wp:attachment":[{"href":"https:\/\/roveyayinevi.com.tr\/index.php\/wp-json\/wp\/v2\/media?parent=745224"}],"wp:term":[{"taxonomy":"product_brand","embeddable":true,"href":"https:\/\/roveyayinevi.com.tr\/index.php\/wp-json\/wp\/v2\/product_brand?post=745224"},{"taxonomy":"product_cat","embeddable":true,"href":"https:\/\/roveyayinevi.com.tr\/index.php\/wp-json\/wp\/v2\/product_cat?post=745224"},{"taxonomy":"product_tag","embeddable":true,"href":"https:\/\/roveyayinevi.com.tr\/index.php\/wp-json\/wp\/v2\/product_tag?post=745224"}],"curies":[{"name":"wp","href":"https:\/\/api.w.org\/{rel}","templated":true}]}}