{"id":745223,"date":"2025-08-28T02:14:14","date_gmt":"2025-08-27T23:14:14","guid":{"rendered":"https:\/\/roveyayinevi.com.tr\/index.php\/urun\/bir-resmi-mukemmel-yapan-her-sey\/"},"modified":"2026-04-16T02:57:35","modified_gmt":"2026-04-15T23:57:35","slug":"bir-resmi-mukemmel-yapan-her-sey","status":"publish","type":"product","link":"https:\/\/roveyayinevi.com.tr\/index.php\/urun\/bir-resmi-mukemmel-yapan-her-sey\/","title":{"rendered":"Bir Resmi M\u00fckemmel Yapan Her \u015eey"},"content":{"rendered":"<p>Yazar Jody McKay kitapta \u00e7ocuklara m\u00fckemmel hayat olmad\u0131\u011f\u0131n\u0131, \u00f6nemli olan\u0131n emek harcamak ve kendi elinden ortaya bir eser koymak oldu\u011funu anlat\u0131yor. Kitab\u0131 Juliano Motzko resimledi. Orijinal dili \u0130ngilizce olan kitab\u0131 Sima \u00d6zkan dilimize kazand\u0131rd\u0131.    Arka kapaktan:   Kur\u015fun kalem, babas\u0131na bir resim \u00e7izmek istiyor ve bu resim M\u00dcKEMMEL olmal\u0131, ama nas\u0131l?Bir resmi m\u00fckemmel yapan \u015fey nedir? <\/p>\n","protected":false},"excerpt":{"rendered":"<p>Yazar Jody McKay kitapta \u00e7ocuklara m\u00fckemmel hayat olmad\u0131\u011f\u0131n\u0131, \u00f6nemli olan\u0131n emek harcamak ve kendi elinden ortaya bir eser koymak oldu\u011funu anlat\u0131yor. Kitab\u0131 Juliano Motzko resimledi. Orijinal<span class=\"excerpt-hellip\"> [\u2026]<\/span><\/p>\n","protected":false},"featured_media":0,"template":"","meta":{"_monsterinsights_skip_tracking":false,"_monsterinsights_sitenote_active":false,"_monsterinsights_sitenote_note":"","_monsterinsights_sitenote_category":0},"product_brand":[],"product_cat":[12274,12518],"product_tag":[],"class_list":{"0":"post-745223","1":"product","2":"type-product","3":"status-publish","5":"product_cat-cocuk-ve-genclik-kitaplari","6":"product_cat-okul-oncesi-kitaplar","7":"pa_cilt-ciltsiz","8":"pa_tur-kitap","9":"pa_yayinevi-fom-kitap","10":"pa_yazar-jody-mckay","12":"first","13":"instock","14":"sale","15":"shipping-taxable","16":"purchasable","17":"product-type-simple"},"_links":{"self":[{"href":"https:\/\/roveyayinevi.com.tr\/index.php\/wp-json\/wp\/v2\/product\/745223","targetHints":{"allow":["GET"]}}],"collection":[{"href":"https:\/\/roveyayinevi.com.tr\/index.php\/wp-json\/wp\/v2\/product"}],"about":[{"href":"https:\/\/roveyayinevi.com.tr\/index.php\/wp-json\/wp\/v2\/types\/product"}],"wp:attachment":[{"href":"https:\/\/roveyayinevi.com.tr\/index.php\/wp-json\/wp\/v2\/media?parent=745223"}],"wp:term":[{"taxonomy":"product_brand","embeddable":true,"href":"https:\/\/roveyayinevi.com.tr\/index.php\/wp-json\/wp\/v2\/product_brand?post=745223"},{"taxonomy":"product_cat","embeddable":true,"href":"https:\/\/roveyayinevi.com.tr\/index.php\/wp-json\/wp\/v2\/product_cat?post=745223"},{"taxonomy":"product_tag","embeddable":true,"href":"https:\/\/roveyayinevi.com.tr\/index.php\/wp-json\/wp\/v2\/product_tag?post=745223"}],"curies":[{"name":"wp","href":"https:\/\/api.w.org\/{rel}","templated":true}]}}