{"id":745222,"date":"2025-08-28T02:14:13","date_gmt":"2025-08-27T23:14:13","guid":{"rendered":"https:\/\/roveyayinevi.com.tr\/index.php\/urun\/noropazarlama-literatur-taramasi-2012-2022\/"},"modified":"2026-04-16T02:57:35","modified_gmt":"2026-04-15T23:57:35","slug":"noropazarlama-literatur-taramasi-2012-2022","status":"publish","type":"product","link":"https:\/\/roveyayinevi.com.tr\/index.php\/urun\/noropazarlama-literatur-taramasi-2012-2022\/","title":{"rendered":"N\u00f6ropazarlama Literat\u00fcr Taramas\u0131 (2012-2022)"},"content":{"rendered":"<p>B\u00d6L\u00dcM I N\u00d6ROPAZARLAMA KAVRAMI VE KULLANIM ALANLARI   B\u00d6L\u00dcM II N\u00d6ROPAZARLAMANIN KAVRAMSAL \u00c7ER\u00c7EVES\u0130   B\u00d6L\u00dcM III N\u00d6ROPAZARLAMA ALANINDA YAPILAN B\u0130L\u0130MSEL \u00c7ALI\u015eMALAR   B\u00d6L\u00dcM IV Y\u00d6NTEM   B\u00d6L\u00dcM V BULGULAR VE TARTI\u015eMA <\/p>\n","protected":false},"excerpt":{"rendered":"<p>B\u00d6L\u00dcM I N\u00d6ROPAZARLAMA KAVRAMI VE KULLANIM ALANLARI B\u00d6L\u00dcM II N\u00d6ROPAZARLAMANIN KAVRAMSAL \u00c7ER\u00c7EVES\u0130 B\u00d6L\u00dcM III N\u00d6ROPAZARLAMA ALANINDA YAPILAN B\u0130L\u0130MSEL \u00c7ALI\u015eMALAR B\u00d6L\u00dcM IV Y\u00d6NTEM B\u00d6L\u00dcM V BULGULAR VE<span class=\"excerpt-hellip\"> [\u2026]<\/span><\/p>\n","protected":false},"featured_media":0,"template":"","meta":{"_monsterinsights_skip_tracking":false,"_monsterinsights_sitenote_active":false,"_monsterinsights_sitenote_note":"","_monsterinsights_sitenote_category":0},"product_brand":[],"product_cat":[20333,13043],"product_tag":[],"class_list":{"0":"post-745222","1":"product","2":"type-product","3":"status-publish","5":"product_cat-diger-ekonomi","6":"product_cat-ekonomi","7":"pa_cilt-ciltsiz","8":"pa_tur-kitap","9":"pa_yayinevi-gazi-kitabevi","10":"pa_yazar-nefise-selda-saygi-cansu-tor-kadioglu","12":"first","13":"instock","14":"sale","15":"shipping-taxable","16":"purchasable","17":"product-type-simple"},"_links":{"self":[{"href":"https:\/\/roveyayinevi.com.tr\/index.php\/wp-json\/wp\/v2\/product\/745222","targetHints":{"allow":["GET"]}}],"collection":[{"href":"https:\/\/roveyayinevi.com.tr\/index.php\/wp-json\/wp\/v2\/product"}],"about":[{"href":"https:\/\/roveyayinevi.com.tr\/index.php\/wp-json\/wp\/v2\/types\/product"}],"wp:attachment":[{"href":"https:\/\/roveyayinevi.com.tr\/index.php\/wp-json\/wp\/v2\/media?parent=745222"}],"wp:term":[{"taxonomy":"product_brand","embeddable":true,"href":"https:\/\/roveyayinevi.com.tr\/index.php\/wp-json\/wp\/v2\/product_brand?post=745222"},{"taxonomy":"product_cat","embeddable":true,"href":"https:\/\/roveyayinevi.com.tr\/index.php\/wp-json\/wp\/v2\/product_cat?post=745222"},{"taxonomy":"product_tag","embeddable":true,"href":"https:\/\/roveyayinevi.com.tr\/index.php\/wp-json\/wp\/v2\/product_tag?post=745222"}],"curies":[{"name":"wp","href":"https:\/\/api.w.org\/{rel}","templated":true}]}}