{"id":745221,"date":"2025-08-28T02:14:12","date_gmt":"2025-08-27T23:14:12","guid":{"rendered":"https:\/\/roveyayinevi.com.tr\/index.php\/urun\/enerji-ekonomisi-ve-yenilenebilir-enerji-nin-rolu\/"},"modified":"2025-09-30T17:56:09","modified_gmt":"2025-09-30T14:56:09","slug":"enerji-ekonomisi-ve-yenilenebilir-enerji-nin-rolu","status":"publish","type":"product","link":"https:\/\/roveyayinevi.com.tr\/index.php\/urun\/enerji-ekonomisi-ve-yenilenebilir-enerji-nin-rolu\/","title":{"rendered":"Enerji Ekonomisi ve Yenilenebilir Enerji&#8217; nin Rol\u00fc"},"content":{"rendered":"<p>B\u0130R\u0130NC\u0130 B\u00d6L\u00dcM KAVRAMSAL \u00c7ER\u00c7EVE   \u0130K\u0130NC\u0130 B\u00d6L\u00dcM YEN\u0130LENEB\u0130L\u0130R ENERJ\u0130   \u00dc\u00c7\u00dcNC\u00dc B\u00d6L\u00dcM OECD \u00dcLKELER\u0130NDE YEN\u0130LENEB\u0130L\u0130R ENERJ\u0130\u2019N\u0130N EKONOM\u0130K B\u00dcY\u00dcME \u00dcZER\u0130NDEK\u0130 ROL\u00dc <\/p>\n","protected":false},"excerpt":{"rendered":"<p>B\u0130R\u0130NC\u0130 B\u00d6L\u00dcM KAVRAMSAL \u00c7ER\u00c7EVE \u0130K\u0130NC\u0130 B\u00d6L\u00dcM YEN\u0130LENEB\u0130L\u0130R ENERJ\u0130 \u00dc\u00c7\u00dcNC\u00dc B\u00d6L\u00dcM OECD \u00dcLKELER\u0130NDE YEN\u0130LENEB\u0130L\u0130R ENERJ\u0130\u2019N\u0130N EKONOM\u0130K B\u00dcY\u00dcME \u00dcZER\u0130NDEK\u0130 ROL\u00dc<\/p>\n","protected":false},"featured_media":0,"template":"","meta":{"_monsterinsights_skip_tracking":false,"_monsterinsights_sitenote_active":false,"_monsterinsights_sitenote_note":"","_monsterinsights_sitenote_category":0},"product_brand":[],"product_cat":[20333,13043],"product_tag":[],"class_list":{"0":"post-745221","1":"product","2":"type-product","3":"status-publish","5":"product_cat-diger-ekonomi","6":"product_cat-ekonomi","7":"pa_cilt-ciltsiz","8":"pa_tur-kitap","9":"pa_yayinevi-gazi-kitabevi","10":"pa_yazar-ferhat-pehlivanoglu-zeynep-narman","12":"first","13":"instock","14":"sale","15":"shipping-taxable","16":"purchasable","17":"product-type-simple"},"_links":{"self":[{"href":"https:\/\/roveyayinevi.com.tr\/index.php\/wp-json\/wp\/v2\/product\/745221","targetHints":{"allow":["GET"]}}],"collection":[{"href":"https:\/\/roveyayinevi.com.tr\/index.php\/wp-json\/wp\/v2\/product"}],"about":[{"href":"https:\/\/roveyayinevi.com.tr\/index.php\/wp-json\/wp\/v2\/types\/product"}],"wp:attachment":[{"href":"https:\/\/roveyayinevi.com.tr\/index.php\/wp-json\/wp\/v2\/media?parent=745221"}],"wp:term":[{"taxonomy":"product_brand","embeddable":true,"href":"https:\/\/roveyayinevi.com.tr\/index.php\/wp-json\/wp\/v2\/product_brand?post=745221"},{"taxonomy":"product_cat","embeddable":true,"href":"https:\/\/roveyayinevi.com.tr\/index.php\/wp-json\/wp\/v2\/product_cat?post=745221"},{"taxonomy":"product_tag","embeddable":true,"href":"https:\/\/roveyayinevi.com.tr\/index.php\/wp-json\/wp\/v2\/product_tag?post=745221"}],"curies":[{"name":"wp","href":"https:\/\/api.w.org\/{rel}","templated":true}]}}