{"id":745220,"date":"2025-08-28T02:14:11","date_gmt":"2025-08-27T23:14:11","guid":{"rendered":"https:\/\/roveyayinevi.com.tr\/index.php\/urun\/cifte-ejderhanin-diyarinda-2-vietnam\/"},"modified":"2026-04-16T02:57:35","modified_gmt":"2026-04-15T23:57:35","slug":"cifte-ejderhanin-diyarinda-2-vietnam","status":"publish","type":"product","link":"https:\/\/roveyayinevi.com.tr\/index.php\/urun\/cifte-ejderhanin-diyarinda-2-vietnam\/","title":{"rendered":"\u00c7ifte Ejderhan\u0131n Diyar\u0131nda-2: V\u0130ETNAM"},"content":{"rendered":"<p>Tet, \u00e7ocuklar i\u00e7in ger\u00e7ek bir bayramd\u0131r. T\u00fcrkiye\u2019deki geleneklerde de oldu\u011fu gibi, bu bayramda \u00e7ocuklara bozuk para ve \u015feker verilir. Ancak, para elden verilmez. Bayram i\u00e7in \u00f6zel olarak haz\u0131rlanm\u0131\u015f olan k\u0131rm\u0131z\u0131 zarflara konulur, \u00f6yle verilir. Buna \u2018u\u011furlu para\u2019 ya da \u2018\u015fans paras\u0131\u2019 denilmektedir. \u00c7al\u0131\u015fmaya ba\u015flayan gen\u00e7ler, annelerine ve babalar\u0131na, ninelerine ve dedelerine ayn\u0131 zarflarda \u015f\u00fckran paras\u0131 verirler. Miktar\u0131ndan \u00e7ok simgeselli\u011fi \u00f6nemlidir. Ya\u015fl\u0131lara ku\u015f yuvas\u0131 i\u00e7ece\u011fi arma\u011fan edilir. Y\u0131lba\u015f\u0131 haftas\u0131 boyunca tap\u0131naklar ve mezarl\u0131klar ziyaret edilir; t\u00fcts\u00fcler yak\u0131l\u0131r; adaklar adan\u0131r&#8230; <\/p>\n","protected":false},"excerpt":{"rendered":"<p>Tet, \u00e7ocuklar i\u00e7in ger\u00e7ek bir bayramd\u0131r. T\u00fcrkiye\u2019deki geleneklerde de oldu\u011fu gibi, bu bayramda \u00e7ocuklara bozuk para ve \u015feker verilir. Ancak, para elden verilmez. Bayram i\u00e7in \u00f6zel<span class=\"excerpt-hellip\"> [\u2026]<\/span><\/p>\n","protected":false},"featured_media":0,"template":"","meta":{"_monsterinsights_skip_tracking":false,"_monsterinsights_sitenote_active":false,"_monsterinsights_sitenote_note":"","_monsterinsights_sitenote_category":0},"product_brand":[],"product_cat":[14787,13488],"product_tag":[],"class_list":{"0":"post-745220","1":"product","2":"type-product","3":"status-publish","5":"product_cat-diger-toplum-ve-insan","6":"product_cat-toplum-ve-insan","7":"pa_cilt-ciltsiz","8":"pa_tur-kitap","9":"pa_yayinevi-toz-yayinlari","10":"pa_yazar-ulas-basar-gezgin","12":"first","13":"instock","14":"sale","15":"shipping-taxable","16":"purchasable","17":"product-type-simple"},"_links":{"self":[{"href":"https:\/\/roveyayinevi.com.tr\/index.php\/wp-json\/wp\/v2\/product\/745220","targetHints":{"allow":["GET"]}}],"collection":[{"href":"https:\/\/roveyayinevi.com.tr\/index.php\/wp-json\/wp\/v2\/product"}],"about":[{"href":"https:\/\/roveyayinevi.com.tr\/index.php\/wp-json\/wp\/v2\/types\/product"}],"wp:attachment":[{"href":"https:\/\/roveyayinevi.com.tr\/index.php\/wp-json\/wp\/v2\/media?parent=745220"}],"wp:term":[{"taxonomy":"product_brand","embeddable":true,"href":"https:\/\/roveyayinevi.com.tr\/index.php\/wp-json\/wp\/v2\/product_brand?post=745220"},{"taxonomy":"product_cat","embeddable":true,"href":"https:\/\/roveyayinevi.com.tr\/index.php\/wp-json\/wp\/v2\/product_cat?post=745220"},{"taxonomy":"product_tag","embeddable":true,"href":"https:\/\/roveyayinevi.com.tr\/index.php\/wp-json\/wp\/v2\/product_tag?post=745220"}],"curies":[{"name":"wp","href":"https:\/\/api.w.org\/{rel}","templated":true}]}}