{"id":745214,"date":"2025-08-28T02:14:06","date_gmt":"2025-08-27T23:14:06","guid":{"rendered":"https:\/\/roveyayinevi.com.tr\/index.php\/urun\/okul-oncesi-egitimde-drama-2\/"},"modified":"2026-04-16T02:57:35","modified_gmt":"2026-04-15T23:57:35","slug":"okul-oncesi-egitimde-drama-2","status":"publish","type":"product","link":"https:\/\/roveyayinevi.com.tr\/index.php\/urun\/okul-oncesi-egitimde-drama-2\/","title":{"rendered":"Okul \u00d6ncesi E\u011fitimde Drama"},"content":{"rendered":"<p>Okul \u00f6ncesi d\u00f6nem \u00e7ocuklar\u0131yla draman\u0131n uygulanabilmesi i\u00e7in drama e\u011fitiminde gerekli olan teorik bilgiler ile uygulama \u00f6rneklerini bir araya getirip bir rehber kitap haz\u0131rlamak amac\u0131yla kitab\u0131n ilk b\u00f6l\u00fcmlerinde dramay\u0131 kavramsal olarak anlamak i\u00e7in gerekli olan temel konulardan olan draman\u0131n temel kavramlar\u0131, oyun-tiyatro-sanat ile ili\u015fkisi, tarih\u00e7esi, bile\u015fenleri alt ba\u015fl\u0131klar\u0131 g\u00fcncel bilimsel kan\u0131tlar \u0131\u015f\u0131\u011f\u0131nda ayr\u0131nt\u0131l\u0131 olarak ele al\u0131nm\u0131\u015ft\u0131r.   Kitab\u0131n di\u011fer b\u00f6l\u00fcmlerinde drama e\u011fitim ortamlar\u0131 ve materyalleri, draman\u0131n \u00e7ocu\u011fun geli\u015fim alanlar\u0131na etkisi, draman\u0131n teknikleri, drama etkinliklerinin planlanmas\u0131nda a\u015famalar, e\u011fitim programlar\u0131nda drama etkinlikleri ve dramatik oyun merkezleri konular\u0131na yer verilmi\u015ftir.<\/p>\n","protected":false},"excerpt":{"rendered":"<p>Okul \u00f6ncesi d\u00f6nem \u00e7ocuklar\u0131yla draman\u0131n uygulanabilmesi i\u00e7in drama e\u011fitiminde gerekli olan teorik bilgiler ile uygulama \u00f6rneklerini bir araya getirip bir rehber kitap haz\u0131rlamak amac\u0131yla kitab\u0131n ilk<span class=\"excerpt-hellip\"> [\u2026]<\/span><\/p>\n","protected":false},"featured_media":0,"template":"","meta":{"_monsterinsights_skip_tracking":false,"_monsterinsights_sitenote_active":false,"_monsterinsights_sitenote_note":"","_monsterinsights_sitenote_category":0},"product_brand":[],"product_cat":[12573,12566],"product_tag":[],"class_list":{"0":"post-745214","1":"product","2":"type-product","3":"status-publish","5":"product_cat-akademik-kitaplar","6":"product_cat-egitim","7":"pa_cilt-ciltsiz","8":"pa_tur-kitap","9":"pa_yayinevi-egiten-kitap","10":"pa_yazar-kolektif","12":"first","13":"instock","14":"sale","15":"shipping-taxable","16":"purchasable","17":"product-type-simple"},"_links":{"self":[{"href":"https:\/\/roveyayinevi.com.tr\/index.php\/wp-json\/wp\/v2\/product\/745214","targetHints":{"allow":["GET"]}}],"collection":[{"href":"https:\/\/roveyayinevi.com.tr\/index.php\/wp-json\/wp\/v2\/product"}],"about":[{"href":"https:\/\/roveyayinevi.com.tr\/index.php\/wp-json\/wp\/v2\/types\/product"}],"wp:attachment":[{"href":"https:\/\/roveyayinevi.com.tr\/index.php\/wp-json\/wp\/v2\/media?parent=745214"}],"wp:term":[{"taxonomy":"product_brand","embeddable":true,"href":"https:\/\/roveyayinevi.com.tr\/index.php\/wp-json\/wp\/v2\/product_brand?post=745214"},{"taxonomy":"product_cat","embeddable":true,"href":"https:\/\/roveyayinevi.com.tr\/index.php\/wp-json\/wp\/v2\/product_cat?post=745214"},{"taxonomy":"product_tag","embeddable":true,"href":"https:\/\/roveyayinevi.com.tr\/index.php\/wp-json\/wp\/v2\/product_tag?post=745214"}],"curies":[{"name":"wp","href":"https:\/\/api.w.org\/{rel}","templated":true}]}}