{"id":745213,"date":"2025-08-28T02:14:05","date_gmt":"2025-08-27T23:14:05","guid":{"rendered":"https:\/\/roveyayinevi.com.tr\/index.php\/urun\/muzik-ulkesi-do-major-amca-nota-masallari-serisi\/"},"modified":"2026-04-16T02:57:35","modified_gmt":"2026-04-15T23:57:35","slug":"muzik-ulkesi-do-major-amca-nota-masallari-serisi","status":"publish","type":"product","link":"https:\/\/roveyayinevi.com.tr\/index.php\/urun\/muzik-ulkesi-do-major-amca-nota-masallari-serisi\/","title":{"rendered":"M\u00fczik \u00dclkesi \u2013 Do Maj\u00f6r Amca Nota Masallar\u0131 Serisi"},"content":{"rendered":"<p>Hi\u00e7 d\u00fc\u015f\u00fcnd\u00fcn\u00fcz m\u00fc? D\u00fcnyada bunca m\u00fczi\u011fin kayna\u011f\u0131 nereden gelir?   Bunca g\u00fczel ses ve notalar nerede ya\u015farlar? M\u00fczik i\u015faretlerinin ya\u015fad\u0131\u011f\u0131 bir \u00fclke nas\u0131l olabilir?   M\u00fczi\u011fi olu\u015fturan bu ses ve notalar onlar\u0131 her \u00e7a\u011f\u0131rd\u0131\u011f\u0131m\u0131zda nas\u0131l bize hemen ula\u015fabilirler?   \u0130nsanlardan onlar\u0131 tan\u0131yan var m\u0131d\u0131r? Varsa nas\u0131l ileti\u015fime ge\u00e7erler?   T\u00fcm bu sorular\u0131n cevab\u0131n\u0131 bulmak i\u00e7in hadi gelin birlikte bir yolculu\u011fa \u00e7\u0131kal\u0131m. M\u00fczik \u00dclkesi serimizdeki bu yolcu\u011fumuza e\u015flik ederseniz hem M\u00fczik \u00dclkesi&#8217;nin nas\u0131l bir yer oldu\u011funu \u00f6\u011frenirsiniz hem de o \u00fclkede ya\u015fayan &#8220;M\u00fczik \u00dclkesi Kahramanlar\u0131&#8221; ile tan\u0131\u015fabilirsiniz arkada\u015flar. E\u011fer haz\u0131rsan\u0131z hadi sayfay\u0131 \u00e7evirin ve ba\u015flas\u0131n yolculu\u011fumuzun ilk ser\u00fcveni!<\/p>\n","protected":false},"excerpt":{"rendered":"<p>Hi\u00e7 d\u00fc\u015f\u00fcnd\u00fcn\u00fcz m\u00fc? D\u00fcnyada bunca m\u00fczi\u011fin kayna\u011f\u0131 nereden gelir? Bunca g\u00fczel ses ve notalar nerede ya\u015farlar? M\u00fczik i\u015faretlerinin ya\u015fad\u0131\u011f\u0131 bir \u00fclke nas\u0131l olabilir? M\u00fczi\u011fi olu\u015fturan bu<span class=\"excerpt-hellip\"> [\u2026]<\/span><\/p>\n","protected":false},"featured_media":0,"template":"","meta":{"_monsterinsights_skip_tracking":false,"_monsterinsights_sitenote_active":false,"_monsterinsights_sitenote_note":"","_monsterinsights_sitenote_category":0},"product_brand":[],"product_cat":[12573,12566],"product_tag":[],"class_list":{"0":"post-745213","1":"product","2":"type-product","3":"status-publish","5":"product_cat-akademik-kitaplar","6":"product_cat-egitim","7":"pa_cilt-ciltsiz","8":"pa_tur-kitap","9":"pa_yayinevi-egiten-kitap","10":"pa_yazar-ayca-avci","12":"first","13":"instock","14":"sale","15":"shipping-taxable","16":"purchasable","17":"product-type-simple"},"_links":{"self":[{"href":"https:\/\/roveyayinevi.com.tr\/index.php\/wp-json\/wp\/v2\/product\/745213","targetHints":{"allow":["GET"]}}],"collection":[{"href":"https:\/\/roveyayinevi.com.tr\/index.php\/wp-json\/wp\/v2\/product"}],"about":[{"href":"https:\/\/roveyayinevi.com.tr\/index.php\/wp-json\/wp\/v2\/types\/product"}],"wp:attachment":[{"href":"https:\/\/roveyayinevi.com.tr\/index.php\/wp-json\/wp\/v2\/media?parent=745213"}],"wp:term":[{"taxonomy":"product_brand","embeddable":true,"href":"https:\/\/roveyayinevi.com.tr\/index.php\/wp-json\/wp\/v2\/product_brand?post=745213"},{"taxonomy":"product_cat","embeddable":true,"href":"https:\/\/roveyayinevi.com.tr\/index.php\/wp-json\/wp\/v2\/product_cat?post=745213"},{"taxonomy":"product_tag","embeddable":true,"href":"https:\/\/roveyayinevi.com.tr\/index.php\/wp-json\/wp\/v2\/product_tag?post=745213"}],"curies":[{"name":"wp","href":"https:\/\/api.w.org\/{rel}","templated":true}]}}