{"id":745212,"date":"2025-08-28T02:14:04","date_gmt":"2025-08-27T23:14:04","guid":{"rendered":"https:\/\/roveyayinevi.com.tr\/index.php\/urun\/cocuk-gelisimi-icin-derleme-toplama-egitimi\/"},"modified":"2026-04-16T02:57:35","modified_gmt":"2026-04-15T23:57:35","slug":"cocuk-gelisimi-icin-derleme-toplama-egitimi","status":"publish","type":"product","link":"https:\/\/roveyayinevi.com.tr\/index.php\/urun\/cocuk-gelisimi-icin-derleme-toplama-egitimi\/","title":{"rendered":"\u00c7ocuk Geli\u015fimi \u0130\u00e7in Derleme Toplama E\u011fitimi"},"content":{"rendered":"<p>\u201cBu kitab\u0131n, \u00e7ocu\u011funuza sadece &#8216;temiz ve d\u00fczenli bir oda&#8217; sa\u011flamas\u0131n\u0131 de\u011fil, ayn\u0131 zamanda hayat\u0131nda cesur ve mutlu bir \u015fekilde ilerleme g\u00fcc\u00fcn\u00fc de vermesi konusunda yard\u0131mc\u0131 olaca\u011f\u0131n\u0131 umuyorum.\u201d     &#8220;Etraf\u0131 topla!&#8221;   Hi\u00e7bir etkisi olmayaca\u011f\u0131n\u0131 \u00e7ok iyi bilerek bu c\u00fcmleyi ka\u00e7 kez \u00e7ocuklar\u0131n\u0131za s\u00f6ylediniz? \u00c7ocuklar &#8220;etraf\u0131 toplama&#8221;n\u0131n ne demek oldu\u011funu bilmezler ve kendi kendilerine bunu \u00f6\u011frenemezler. Bu kitap, \u00e7ocu\u011funuza derleme ve toplama e\u011fitimini nas\u0131l aktaraca\u011f\u0131n\u0131z\u0131 ele al\u0131yor. \u00c7ocuklara kendi alan\u0131n\u0131 ve ortak alanlar\u0131 d\u00fczene sokarak nesnelerle sa\u011fl\u0131kl\u0131 bir ili\u015fki kurmay\u0131, alan\u0131n\u0131 \u00f6zg\u00fcrce ya\u015famay\u0131 ve ba\u015fkalar\u0131n\u0131n \u00f6zg\u00fcrl\u00fc\u011f\u00fcne sayg\u0131 duymay\u0131 \u00f6\u011fretiyor.   Farkl\u0131 ya\u015flara \u00f6zel tavsiyeleriyle Nagisa Tatsumi&#8217;den \u00c7ocuk Geli\u015fimi \u0130\u00e7in Derleme Toplama E\u011fitimi d\u00fczenli ve mutlu \u00e7ocuklar yeti\u015ftirmek i\u00e7in g\u00fcnl\u00fck hayatta kullan\u0131labilecek pratik bir rehber. <\/p>\n","protected":false},"excerpt":{"rendered":"<p>\u201cBu kitab\u0131n, \u00e7ocu\u011funuza sadece &#8216;temiz ve d\u00fczenli bir oda&#8217; sa\u011flamas\u0131n\u0131 de\u011fil, ayn\u0131 zamanda hayat\u0131nda cesur ve mutlu bir \u015fekilde ilerleme g\u00fcc\u00fcn\u00fc de vermesi konusunda yard\u0131mc\u0131 olaca\u011f\u0131n\u0131<span class=\"excerpt-hellip\"> [\u2026]<\/span><\/p>\n","protected":false},"featured_media":0,"template":"","meta":{"_monsterinsights_skip_tracking":false,"_monsterinsights_sitenote_active":false,"_monsterinsights_sitenote_note":"","_monsterinsights_sitenote_category":0},"product_brand":[],"product_cat":[12831,12324],"product_tag":[],"class_list":{"0":"post-745212","1":"product","2":"type-product","3":"status-publish","5":"product_cat-aile-ve-cocuk","6":"product_cat-sosyoloji","7":"pa_cilt-ciltsiz","8":"pa_tur-kitap","9":"pa_yayinevi-epsilon-yayinlari","10":"pa_yazar-nagisa-tatsumi","12":"first","13":"instock","14":"sale","15":"shipping-taxable","16":"purchasable","17":"product-type-simple"},"_links":{"self":[{"href":"https:\/\/roveyayinevi.com.tr\/index.php\/wp-json\/wp\/v2\/product\/745212","targetHints":{"allow":["GET"]}}],"collection":[{"href":"https:\/\/roveyayinevi.com.tr\/index.php\/wp-json\/wp\/v2\/product"}],"about":[{"href":"https:\/\/roveyayinevi.com.tr\/index.php\/wp-json\/wp\/v2\/types\/product"}],"wp:attachment":[{"href":"https:\/\/roveyayinevi.com.tr\/index.php\/wp-json\/wp\/v2\/media?parent=745212"}],"wp:term":[{"taxonomy":"product_brand","embeddable":true,"href":"https:\/\/roveyayinevi.com.tr\/index.php\/wp-json\/wp\/v2\/product_brand?post=745212"},{"taxonomy":"product_cat","embeddable":true,"href":"https:\/\/roveyayinevi.com.tr\/index.php\/wp-json\/wp\/v2\/product_cat?post=745212"},{"taxonomy":"product_tag","embeddable":true,"href":"https:\/\/roveyayinevi.com.tr\/index.php\/wp-json\/wp\/v2\/product_tag?post=745212"}],"curies":[{"name":"wp","href":"https:\/\/api.w.org\/{rel}","templated":true}]}}