{"id":745210,"date":"2025-08-28T02:14:01","date_gmt":"2025-08-27T23:14:01","guid":{"rendered":"https:\/\/roveyayinevi.com.tr\/index.php\/urun\/kuz-hedef-serisi-ii\/"},"modified":"2026-04-16T02:57:34","modified_gmt":"2026-04-15T23:57:34","slug":"kuz-hedef-serisi-ii","status":"publish","type":"product","link":"https:\/\/roveyayinevi.com.tr\/index.php\/urun\/kuz-hedef-serisi-ii\/","title":{"rendered":"Kuz : Hedef Serisi II"},"content":{"rendered":"<p>Ya\u011fmur, o karl\u0131 gecede yaln\u0131zca kalbinden de\u011fil, kendinden bir par\u00e7ay\u0131 da geride b\u0131rakt\u0131. Art\u0131k kimsesiz ve \u00e7aresizce tan\u0131mad\u0131\u011f\u0131 bir adam\u0131n mabedinde kalmak zorundayd\u0131. K\u00fcllerinden do\u011faca\u011f\u0131n\u0131 san\u0131yordu ancak yakla\u015fan f\u0131rt\u0131nadan haberi yoktu. Karanl\u0131k bir adam, onu tehlikeli bir oyunun i\u00e7ine s\u00fcr\u00fckledi\u011finde hedefin kendisi olmad\u0131\u011f\u0131n\u0131 anlad\u0131. Hedef Kuz\u2019du ve ona sahip olmak isteyen be\u015f az\u0131l\u0131 ortak vard\u0131. Ka\u00e7mak imk\u00e2ns\u0131z, teslim olmak d\u00fc\u015f\u00fcn\u00fclemezdi. \u00d6yleyse yap\u0131lmas\u0131 gerekeni yapacak, hayat\u0131n\u0131n iplerini eline alacakt\u0131. Fakat sakland\u0131\u011f\u0131 maskelerin ard\u0131nda unutmay\u0131 tercih etti\u011fi ge\u00e7mi\u015fi yakas\u0131n\u0131 asla b\u0131rakmayacakt\u0131. \u015eimdi matru\u015fkalar\u0131n i\u00e7ine saklanmayan ufak bir k\u00e2\u011f\u0131d\u0131n pe\u015findelerdi. Onlarca ki\u015finin hayat\u0131 o k\u00e2\u011f\u0131d\u0131n \u00fczerine karalanm\u0131\u015f birka\u00e7 par\u00e7a s\u00f6ze tabiydi. Onu zaman\u0131nda bulmak iki d\u00fc\u015fman\u0131n g\u00f6revi oldu.D\u00fc\u015fmanlar birbirlerini ilk kez tan\u0131yorken, baz\u0131lar\u0131 \u00f6lmeyi hak ediyordu.   \u201c\u00c7\u00f6z\u00fcm ve sorun tek bir bedende, kanl\u0131 canl\u0131 kar\u015f\u0131m\u0131zdayd\u0131 art\u0131k. Ailesiyle veya can\u0131yla tehdit edemeyece\u011fimiz bu hedefi ele ge\u00e7irmek herkesten daha zor olacakt\u0131.\u201d . <\/p>\n","protected":false},"excerpt":{"rendered":"<p>Ya\u011fmur, o karl\u0131 gecede yaln\u0131zca kalbinden de\u011fil, kendinden bir par\u00e7ay\u0131 da geride b\u0131rakt\u0131. Art\u0131k kimsesiz ve \u00e7aresizce tan\u0131mad\u0131\u011f\u0131 bir adam\u0131n mabedinde kalmak zorundayd\u0131. K\u00fcllerinden do\u011faca\u011f\u0131n\u0131 san\u0131yordu<span class=\"excerpt-hellip\"> [\u2026]<\/span><\/p>\n","protected":false},"featured_media":0,"template":"","meta":{"_monsterinsights_skip_tracking":false,"_monsterinsights_sitenote_active":false,"_monsterinsights_sitenote_note":"","_monsterinsights_sitenote_category":0},"product_brand":[],"product_cat":[12291,50487],"product_tag":[],"class_list":{"0":"post-745210","1":"product","2":"type-product","3":"status-publish","5":"product_cat-edebiyat","6":"product_cat-kurgu","7":"pa_cilt-ciltsiz","8":"pa_tur-kitap","9":"pa_yayinevi-epsilon-yayinlari","10":"pa_yazar-buse-kudun","12":"first","13":"instock","14":"sale","15":"shipping-taxable","16":"purchasable","17":"product-type-simple"},"_links":{"self":[{"href":"https:\/\/roveyayinevi.com.tr\/index.php\/wp-json\/wp\/v2\/product\/745210","targetHints":{"allow":["GET"]}}],"collection":[{"href":"https:\/\/roveyayinevi.com.tr\/index.php\/wp-json\/wp\/v2\/product"}],"about":[{"href":"https:\/\/roveyayinevi.com.tr\/index.php\/wp-json\/wp\/v2\/types\/product"}],"wp:attachment":[{"href":"https:\/\/roveyayinevi.com.tr\/index.php\/wp-json\/wp\/v2\/media?parent=745210"}],"wp:term":[{"taxonomy":"product_brand","embeddable":true,"href":"https:\/\/roveyayinevi.com.tr\/index.php\/wp-json\/wp\/v2\/product_brand?post=745210"},{"taxonomy":"product_cat","embeddable":true,"href":"https:\/\/roveyayinevi.com.tr\/index.php\/wp-json\/wp\/v2\/product_cat?post=745210"},{"taxonomy":"product_tag","embeddable":true,"href":"https:\/\/roveyayinevi.com.tr\/index.php\/wp-json\/wp\/v2\/product_tag?post=745210"}],"curies":[{"name":"wp","href":"https:\/\/api.w.org\/{rel}","templated":true}]}}