{"id":745207,"date":"2025-08-28T02:13:58","date_gmt":"2025-08-27T23:13:58","guid":{"rendered":"https:\/\/roveyayinevi.com.tr\/index.php\/urun\/kapsayici-egitim-ortamlarinda-akademik-becerilerin-desteklenmesi\/"},"modified":"2026-04-16T02:57:34","modified_gmt":"2026-04-15T23:57:34","slug":"kapsayici-egitim-ortamlarinda-akademik-becerilerin-desteklenmesi","status":"publish","type":"product","link":"https:\/\/roveyayinevi.com.tr\/index.php\/urun\/kapsayici-egitim-ortamlarinda-akademik-becerilerin-desteklenmesi\/","title":{"rendered":"Kapsay\u0131c\u0131 E\u011fitim Ortamlar\u0131nda Akademik Becerilerin Desteklenmesi"},"content":{"rendered":"<p>Her \u00e7ocuk \u00f6zeldir ve her \u00e7ocu\u011fun kendine \u00f6zg\u00fc e\u015fsiz \u00f6zellikleri vard\u0131r. Bununla birlikte e\u011fitim ortamlar\u0131nda bireysel \u00f6zellikler bak\u0131m\u0131ndan pek \u00e7ok y\u00f6nden farkl\u0131la\u015fan \u00e7ocuklar bir arada \u00f6\u011frenim g\u00f6rmektedir. Bu ger\u00e7eklikten hareketle e\u011fitimde d\u0131\u015flanmay\u0131 azaltmay\u0131, topluma, k\u00fclt\u00fcrlere ve \u00f6\u011frenmeye kat\u0131l\u0131m\u0131 art\u0131rmay\u0131 hedefleyen; t\u00fcm \u00f6\u011frencilerin gereksinimlerini ve \u00f6\u011frenci \u00e7e\u015fitlili\u011fini kabul eden ve bunlara uygun m\u00fcdahalelerin uygulanmas\u0131n\u0131 sa\u011flayan kapsay\u0131c\u0131 e\u011fitim di\u011fer \u00fclkelerde oldu\u011fu gibi \u00fclkemizde de her ge\u00e7en g\u00fcn pop\u00fclaritesini art\u0131rmaktad\u0131r.   Kapsay\u0131c\u0131 e\u011fitim \u00f6zel gereksinimli bireyler i\u00e7in m\u00fcmk\u00fcn olan maksimum d\u00fczeyde \u00f6\u011frenmeye kat\u0131l\u0131m f\u0131rsatlar\u0131 yarat\u0131lmas\u0131 gerekti\u011fini vurgulamas\u0131na ra\u011fmen, \u00f6zel gereksinimli \u00f6\u011frencilerle normal geli\u015fim g\u00f6steren akranlar\u0131 aras\u0131ndaki akademik ba\u015far\u0131 fark\u0131n\u0131n her ge\u00e7en g\u00fcn artmas\u0131 s\u0131n\u0131fta etkili \u00f6\u011fretimin yeterince uygulanmamas\u0131ndan kaynaklanmaktad\u0131r.   Ara\u015ft\u0131rmalar da kapsay\u0131c\u0131 s\u0131n\u0131flarda g\u00f6rev alan \u00f6\u011fretmenlerin \u00f6zel gereksinimli \u00f6\u011frencilere \u00f6zellikle akademik becerilerin \u00f6\u011fretiminde yeterli deste\u011fi sa\u011flayamad\u0131klar\u0131, onlarla nas\u0131l \u00e7al\u0131\u015facaklar\u0131 konusunda bilgiye ihtiya\u00e7lar\u0131n\u0131n oldu\u011funu g\u00f6stermektedir.<\/p>\n","protected":false},"excerpt":{"rendered":"<p>Her \u00e7ocuk \u00f6zeldir ve her \u00e7ocu\u011fun kendine \u00f6zg\u00fc e\u015fsiz \u00f6zellikleri vard\u0131r. Bununla birlikte e\u011fitim ortamlar\u0131nda bireysel \u00f6zellikler bak\u0131m\u0131ndan pek \u00e7ok y\u00f6nden farkl\u0131la\u015fan \u00e7ocuklar bir arada \u00f6\u011frenim<span class=\"excerpt-hellip\"> [\u2026]<\/span><\/p>\n","protected":false},"featured_media":0,"template":"","meta":{"_monsterinsights_skip_tracking":false,"_monsterinsights_sitenote_active":false,"_monsterinsights_sitenote_note":"","_monsterinsights_sitenote_category":0},"product_brand":[],"product_cat":[12573,12566],"product_tag":[],"class_list":{"0":"post-745207","1":"product","2":"type-product","3":"status-publish","5":"product_cat-akademik-kitaplar","6":"product_cat-egitim","7":"pa_cilt-ciltsiz","8":"pa_tur-kitap","9":"pa_yayinevi-egiten-kitap","10":"pa_yazar-kolektif","12":"first","13":"instock","14":"sale","15":"shipping-taxable","16":"purchasable","17":"product-type-simple"},"_links":{"self":[{"href":"https:\/\/roveyayinevi.com.tr\/index.php\/wp-json\/wp\/v2\/product\/745207","targetHints":{"allow":["GET"]}}],"collection":[{"href":"https:\/\/roveyayinevi.com.tr\/index.php\/wp-json\/wp\/v2\/product"}],"about":[{"href":"https:\/\/roveyayinevi.com.tr\/index.php\/wp-json\/wp\/v2\/types\/product"}],"wp:attachment":[{"href":"https:\/\/roveyayinevi.com.tr\/index.php\/wp-json\/wp\/v2\/media?parent=745207"}],"wp:term":[{"taxonomy":"product_brand","embeddable":true,"href":"https:\/\/roveyayinevi.com.tr\/index.php\/wp-json\/wp\/v2\/product_brand?post=745207"},{"taxonomy":"product_cat","embeddable":true,"href":"https:\/\/roveyayinevi.com.tr\/index.php\/wp-json\/wp\/v2\/product_cat?post=745207"},{"taxonomy":"product_tag","embeddable":true,"href":"https:\/\/roveyayinevi.com.tr\/index.php\/wp-json\/wp\/v2\/product_tag?post=745207"}],"curies":[{"name":"wp","href":"https:\/\/api.w.org\/{rel}","templated":true}]}}