{"id":745206,"date":"2025-08-28T02:13:56","date_gmt":"2025-08-27T23:13:56","guid":{"rendered":"https:\/\/roveyayinevi.com.tr\/index.php\/urun\/tayfur-okulunu-ozluyor-farkindalik-serisi\/"},"modified":"2026-04-16T02:57:34","modified_gmt":"2026-04-15T23:57:34","slug":"tayfur-okulunu-ozluyor-farkindalik-serisi","status":"publish","type":"product","link":"https:\/\/roveyayinevi.com.tr\/index.php\/urun\/tayfur-okulunu-ozluyor-farkindalik-serisi\/","title":{"rendered":"Tayfur Okulunu \u00d6zl\u00fcyor &#8211; Fark\u0131ndal\u0131k Serisi"},"content":{"rendered":"<p>Tayfur okula gitmeyi hi\u00e7 sevmiyordu. Bir g\u00fcn, bunu ailesine s\u00f6yledi ve bir s\u00fcre evde dinlendi. Acaba Tayfur neden okula gitmek istemiyordu? Okula gitmedi\u011fi g\u00fcnler nas\u0131l vakit ge\u00e7irdi? Peki, neden okula geri d\u00f6nmek istedi? Fark\u0131ndal\u0131k Serisi, \u00e7ocuklar\u0131n ya\u015famda kar\u015f\u0131la\u015ft\u0131\u011f\u0131 sorunlar\u0131 \u00e7\u00f6zmelerine destek olmak i\u00e7in haz\u0131rlanm\u0131\u015ft\u0131r. <\/p>\n","protected":false},"excerpt":{"rendered":"<p>Tayfur okula gitmeyi hi\u00e7 sevmiyordu. Bir g\u00fcn, bunu ailesine s\u00f6yledi ve bir s\u00fcre evde dinlendi. Acaba Tayfur neden okula gitmek istemiyordu? Okula gitmedi\u011fi g\u00fcnler nas\u0131l vakit<span class=\"excerpt-hellip\"> [\u2026]<\/span><\/p>\n","protected":false},"featured_media":0,"template":"","meta":{"_monsterinsights_skip_tracking":false,"_monsterinsights_sitenote_active":false,"_monsterinsights_sitenote_note":"","_monsterinsights_sitenote_category":0},"product_brand":[],"product_cat":[12274,12518],"product_tag":[],"class_list":{"0":"post-745206","1":"product","2":"type-product","3":"status-publish","5":"product_cat-cocuk-ve-genclik-kitaplari","6":"product_cat-okul-oncesi-kitaplar","7":"pa_cilt-ciltsiz","8":"pa_tur-kitap","9":"pa_yayinevi-is-bankasi-kultur-yayinlari","10":"pa_yazar-melis-sonkaya","12":"first","13":"instock","14":"sale","15":"shipping-taxable","16":"purchasable","17":"product-type-simple"},"_links":{"self":[{"href":"https:\/\/roveyayinevi.com.tr\/index.php\/wp-json\/wp\/v2\/product\/745206","targetHints":{"allow":["GET"]}}],"collection":[{"href":"https:\/\/roveyayinevi.com.tr\/index.php\/wp-json\/wp\/v2\/product"}],"about":[{"href":"https:\/\/roveyayinevi.com.tr\/index.php\/wp-json\/wp\/v2\/types\/product"}],"wp:attachment":[{"href":"https:\/\/roveyayinevi.com.tr\/index.php\/wp-json\/wp\/v2\/media?parent=745206"}],"wp:term":[{"taxonomy":"product_brand","embeddable":true,"href":"https:\/\/roveyayinevi.com.tr\/index.php\/wp-json\/wp\/v2\/product_brand?post=745206"},{"taxonomy":"product_cat","embeddable":true,"href":"https:\/\/roveyayinevi.com.tr\/index.php\/wp-json\/wp\/v2\/product_cat?post=745206"},{"taxonomy":"product_tag","embeddable":true,"href":"https:\/\/roveyayinevi.com.tr\/index.php\/wp-json\/wp\/v2\/product_tag?post=745206"}],"curies":[{"name":"wp","href":"https:\/\/api.w.org\/{rel}","templated":true}]}}