{"id":745204,"date":"2025-08-28T02:13:54","date_gmt":"2025-08-27T23:13:54","guid":{"rendered":"https:\/\/roveyayinevi.com.tr\/index.php\/urun\/gokseli-hatasindan-ogreniyor-farkindalik-serisi\/"},"modified":"2026-04-16T02:57:34","modified_gmt":"2026-04-15T23:57:34","slug":"gokseli-hatasindan-ogreniyor-farkindalik-serisi","status":"publish","type":"product","link":"https:\/\/roveyayinevi.com.tr\/index.php\/urun\/gokseli-hatasindan-ogreniyor-farkindalik-serisi\/","title":{"rendered":"G\u00f6kseli Hatas\u0131ndan \u00d6\u011freniyor &#8211; Fark\u0131ndal\u0131k Serisi"},"content":{"rendered":"<p>G\u00f6kseli hata yapmay\u0131 hi\u00e7 sevmiyordu. Ama bir g\u00fcn hatas\u0131 y\u00fcz\u00fcnden b\u00fct\u00fcn okula rezil oldu\u011funu d\u00fc\u015f\u00fcnd\u00fc ve \u00e7ok utand\u0131. Bakal\u0131m G\u00f6kseli utan\u00e7 duygusuyla nas\u0131l ba\u015fa \u00e7\u0131kabilecek? Hata yapmak ona neler \u00f6\u011fretecek? Fark\u0131ndal\u0131k Serisi, \u00e7ocuklar\u0131n ya\u015famda kar\u015f\u0131la\u015ft\u0131\u011f\u0131 sorunlar\u0131 \u00e7\u00f6zmelerine destek olmak i\u00e7in haz\u0131rlanm\u0131\u015ft\u0131r. <\/p>\n","protected":false},"excerpt":{"rendered":"<p>G\u00f6kseli hata yapmay\u0131 hi\u00e7 sevmiyordu. Ama bir g\u00fcn hatas\u0131 y\u00fcz\u00fcnden b\u00fct\u00fcn okula rezil oldu\u011funu d\u00fc\u015f\u00fcnd\u00fc ve \u00e7ok utand\u0131. Bakal\u0131m G\u00f6kseli utan\u00e7 duygusuyla nas\u0131l ba\u015fa \u00e7\u0131kabilecek? Hata<span class=\"excerpt-hellip\"> [\u2026]<\/span><\/p>\n","protected":false},"featured_media":0,"template":"","meta":{"_monsterinsights_skip_tracking":false,"_monsterinsights_sitenote_active":false,"_monsterinsights_sitenote_note":"","_monsterinsights_sitenote_category":0},"product_brand":[],"product_cat":[12274,12518],"product_tag":[],"class_list":{"0":"post-745204","1":"product","2":"type-product","3":"status-publish","5":"product_cat-cocuk-ve-genclik-kitaplari","6":"product_cat-okul-oncesi-kitaplar","7":"pa_cilt-ciltsiz","8":"pa_tur-kitap","9":"pa_yayinevi-is-bankasi-kultur-yayinlari","10":"pa_yazar-melis-sonkaya","12":"first","13":"instock","14":"sale","15":"shipping-taxable","16":"purchasable","17":"product-type-simple"},"_links":{"self":[{"href":"https:\/\/roveyayinevi.com.tr\/index.php\/wp-json\/wp\/v2\/product\/745204","targetHints":{"allow":["GET"]}}],"collection":[{"href":"https:\/\/roveyayinevi.com.tr\/index.php\/wp-json\/wp\/v2\/product"}],"about":[{"href":"https:\/\/roveyayinevi.com.tr\/index.php\/wp-json\/wp\/v2\/types\/product"}],"wp:attachment":[{"href":"https:\/\/roveyayinevi.com.tr\/index.php\/wp-json\/wp\/v2\/media?parent=745204"}],"wp:term":[{"taxonomy":"product_brand","embeddable":true,"href":"https:\/\/roveyayinevi.com.tr\/index.php\/wp-json\/wp\/v2\/product_brand?post=745204"},{"taxonomy":"product_cat","embeddable":true,"href":"https:\/\/roveyayinevi.com.tr\/index.php\/wp-json\/wp\/v2\/product_cat?post=745204"},{"taxonomy":"product_tag","embeddable":true,"href":"https:\/\/roveyayinevi.com.tr\/index.php\/wp-json\/wp\/v2\/product_tag?post=745204"}],"curies":[{"name":"wp","href":"https:\/\/api.w.org\/{rel}","templated":true}]}}