{"id":745202,"date":"2025-08-28T02:13:51","date_gmt":"2025-08-27T23:13:51","guid":{"rendered":"https:\/\/roveyayinevi.com.tr\/index.php\/urun\/huseyin-tatmayi-deniyor-farkindalik-serisi\/"},"modified":"2026-04-16T02:57:34","modified_gmt":"2026-04-15T23:57:34","slug":"huseyin-tatmayi-deniyor-farkindalik-serisi","status":"publish","type":"product","link":"https:\/\/roveyayinevi.com.tr\/index.php\/urun\/huseyin-tatmayi-deniyor-farkindalik-serisi\/","title":{"rendered":"H\u00fcseyin Tatmay\u0131 Deniyor &#8211; Fark\u0131ndal\u0131k Serisi"},"content":{"rendered":"<p>H\u00fcseyin yeni lezzetler tatmay\u0131 hi\u00e7 sevmiyordu. Ama aile b\u00fcy\u00fcklerine son ziyaretinde daha \u00f6nce tad\u0131n\u0131 bilmedi\u011fi yemekleri denemeye karar vermi\u015fti. Acaba ailesi ne gibi \u00f6nerilerde bulunmu\u015ftu da H\u00fcseyin\u2019in tavr\u0131 de\u011fi\u015fmi\u015fti? Fark\u0131ndal\u0131k Serisi, \u00e7ocuklar\u0131n ya\u015famda kar\u015f\u0131la\u015ft\u0131\u011f\u0131 sorunlar\u0131 \u00e7\u00f6zmelerine destek olmak i\u00e7in haz\u0131rlanm\u0131\u015ft\u0131r. <\/p>\n","protected":false},"excerpt":{"rendered":"<p>H\u00fcseyin yeni lezzetler tatmay\u0131 hi\u00e7 sevmiyordu. Ama aile b\u00fcy\u00fcklerine son ziyaretinde daha \u00f6nce tad\u0131n\u0131 bilmedi\u011fi yemekleri denemeye karar vermi\u015fti. Acaba ailesi ne gibi \u00f6nerilerde bulunmu\u015ftu da<span class=\"excerpt-hellip\"> [\u2026]<\/span><\/p>\n","protected":false},"featured_media":0,"template":"","meta":{"_monsterinsights_skip_tracking":false,"_monsterinsights_sitenote_active":false,"_monsterinsights_sitenote_note":"","_monsterinsights_sitenote_category":0},"product_brand":[],"product_cat":[12274,12518],"product_tag":[],"class_list":{"0":"post-745202","1":"product","2":"type-product","3":"status-publish","5":"product_cat-cocuk-ve-genclik-kitaplari","6":"product_cat-okul-oncesi-kitaplar","7":"pa_cilt-ciltsiz","8":"pa_tur-kitap","9":"pa_yayinevi-is-bankasi-kultur-yayinlari","10":"pa_yazar-melis-sonkaya","12":"first","13":"instock","14":"sale","15":"shipping-taxable","16":"purchasable","17":"product-type-simple"},"_links":{"self":[{"href":"https:\/\/roveyayinevi.com.tr\/index.php\/wp-json\/wp\/v2\/product\/745202","targetHints":{"allow":["GET"]}}],"collection":[{"href":"https:\/\/roveyayinevi.com.tr\/index.php\/wp-json\/wp\/v2\/product"}],"about":[{"href":"https:\/\/roveyayinevi.com.tr\/index.php\/wp-json\/wp\/v2\/types\/product"}],"wp:attachment":[{"href":"https:\/\/roveyayinevi.com.tr\/index.php\/wp-json\/wp\/v2\/media?parent=745202"}],"wp:term":[{"taxonomy":"product_brand","embeddable":true,"href":"https:\/\/roveyayinevi.com.tr\/index.php\/wp-json\/wp\/v2\/product_brand?post=745202"},{"taxonomy":"product_cat","embeddable":true,"href":"https:\/\/roveyayinevi.com.tr\/index.php\/wp-json\/wp\/v2\/product_cat?post=745202"},{"taxonomy":"product_tag","embeddable":true,"href":"https:\/\/roveyayinevi.com.tr\/index.php\/wp-json\/wp\/v2\/product_tag?post=745202"}],"curies":[{"name":"wp","href":"https:\/\/api.w.org\/{rel}","templated":true}]}}