{"id":745201,"date":"2025-08-28T02:13:50","date_gmt":"2025-08-27T23:13:50","guid":{"rendered":"https:\/\/roveyayinevi.com.tr\/index.php\/urun\/cuneyt-uyumayi-basariyor\/"},"modified":"2026-04-16T02:57:34","modified_gmt":"2026-04-15T23:57:34","slug":"cuneyt-uyumayi-basariyor","status":"publish","type":"product","link":"https:\/\/roveyayinevi.com.tr\/index.php\/urun\/cuneyt-uyumayi-basariyor\/","title":{"rendered":"C\u00fcneyt Uyumay\u0131 Ba\u015far\u0131yor"},"content":{"rendered":"<p>C\u00fcneyt uyumay\u0131 hi\u00e7 sevmiyordu. Geceleri uykuya \u00e7ok zor dal\u0131yordu. Ta ki uyku oyunlar\u0131n\u0131 \u00f6\u011frenene kadar&#8230; Acaba bu oyunlar nas\u0131l oynan\u0131yor? Fark\u0131ndal\u0131k Serisi, \u00e7ocuklar\u0131n ya\u015famda kar\u015f\u0131la\u015ft\u0131\u011f\u0131 sorunlar\u0131 \u00e7\u00f6zmelerine destek olmak i\u00e7in haz\u0131rlanm\u0131\u015ft\u0131r. <\/p>\n","protected":false},"excerpt":{"rendered":"<p>C\u00fcneyt uyumay\u0131 hi\u00e7 sevmiyordu. Geceleri uykuya \u00e7ok zor dal\u0131yordu. Ta ki uyku oyunlar\u0131n\u0131 \u00f6\u011frenene kadar&#8230; Acaba bu oyunlar nas\u0131l oynan\u0131yor? Fark\u0131ndal\u0131k Serisi, \u00e7ocuklar\u0131n ya\u015famda kar\u015f\u0131la\u015ft\u0131\u011f\u0131 sorunlar\u0131<span class=\"excerpt-hellip\"> [\u2026]<\/span><\/p>\n","protected":false},"featured_media":0,"template":"","meta":{"_monsterinsights_skip_tracking":false,"_monsterinsights_sitenote_active":false,"_monsterinsights_sitenote_note":"","_monsterinsights_sitenote_category":0},"product_brand":[],"product_cat":[12274,12518],"product_tag":[],"class_list":{"0":"post-745201","1":"product","2":"type-product","3":"status-publish","5":"product_cat-cocuk-ve-genclik-kitaplari","6":"product_cat-okul-oncesi-kitaplar","7":"pa_cilt-ciltsiz","8":"pa_tur-kitap","9":"pa_yayinevi-is-bankasi-kultur-yayinlari","10":"pa_yazar-melis-sonkaya","12":"first","13":"instock","14":"sale","15":"shipping-taxable","16":"purchasable","17":"product-type-simple"},"_links":{"self":[{"href":"https:\/\/roveyayinevi.com.tr\/index.php\/wp-json\/wp\/v2\/product\/745201","targetHints":{"allow":["GET"]}}],"collection":[{"href":"https:\/\/roveyayinevi.com.tr\/index.php\/wp-json\/wp\/v2\/product"}],"about":[{"href":"https:\/\/roveyayinevi.com.tr\/index.php\/wp-json\/wp\/v2\/types\/product"}],"wp:attachment":[{"href":"https:\/\/roveyayinevi.com.tr\/index.php\/wp-json\/wp\/v2\/media?parent=745201"}],"wp:term":[{"taxonomy":"product_brand","embeddable":true,"href":"https:\/\/roveyayinevi.com.tr\/index.php\/wp-json\/wp\/v2\/product_brand?post=745201"},{"taxonomy":"product_cat","embeddable":true,"href":"https:\/\/roveyayinevi.com.tr\/index.php\/wp-json\/wp\/v2\/product_cat?post=745201"},{"taxonomy":"product_tag","embeddable":true,"href":"https:\/\/roveyayinevi.com.tr\/index.php\/wp-json\/wp\/v2\/product_tag?post=745201"}],"curies":[{"name":"wp","href":"https:\/\/api.w.org\/{rel}","templated":true}]}}