{"id":745196,"date":"2025-08-28T02:13:43","date_gmt":"2025-08-27T23:13:43","guid":{"rendered":"https:\/\/roveyayinevi.com.tr\/index.php\/urun\/kotuluk-miti\/"},"modified":"2026-04-16T02:57:34","modified_gmt":"2026-04-15T23:57:34","slug":"kotuluk-miti","status":"publish","type":"product","link":"https:\/\/roveyayinevi.com.tr\/index.php\/urun\/kotuluk-miti\/","title":{"rendered":"K\u00f6t\u00fcl\u00fck Miti"},"content":{"rendered":"<p>K\u00f6t\u00fcl\u00fck fikrinin insan davran\u0131\u015f\u0131n\u0131 anlama, ele\u015ftirme veya \u0131slah etmedeki yarar\u0131na ku\u015fkuyla yakla\u015fan Phillip Cole, k\u00f6t\u00fcl\u00fc\u011f\u00fc dini veya ahlaki de\u011fil mitolojik bir kavram olarak d\u00fc\u015f\u00fcnmeyi \u00f6neriyor. Kitab\u0131 Mukaddes\u2019teki \u015eeytan\u2019dan pop\u00fcler film ve romanlardaki \u201c\u015feytani\u201d karakterlere, cad\u0131 mahkemelerinden 18. y\u00fczy\u0131l\u0131n \u201cvampir salg\u0131n\u0131na\u201d kadar \u00e7ok \u00e7e\u015fitli felsefi, tarihi ve edebi temay\u0131 ele alan yazar, metafizik k\u00f6t\u00fcl\u00fck problemiyle u\u011fra\u015f\u0131rken bir yandan da k\u00f6t\u00fcl\u00fc\u011f\u00fcn politik felsefesini yapmay\u0131 ama\u00e7l\u0131yor. K\u00f6t\u00fcl\u00fck Miti \u00e7ok y\u00f6nl\u00fc ve katmanl\u0131 bir kitap: Tarih boyunca en b\u00fcy\u00fck k\u00f6t\u00fcl\u00fck timsalinin \u201ci\u00e7imizdeki d\u00fc\u015fman\u201d oldu\u011funu, en \u00e7ok, bizim gibi g\u00f6r\u00fcn\u00fcp konu\u015fanlar\u0131n tekinsizli\u011finden korktu\u011fumuzu savunan Cole, bu \u00f6zel korku t\u00fcr\u00fcn\u00fcn politik topluluklar\u0131n kimlik in\u015fas\u0131nda oynad\u0131\u011f\u0131 merkezi rol\u00fc tart\u0131\u015f\u0131yor. \u015eeytanla\u015ft\u0131rman\u0131n, g\u00fcn\u00fcm\u00fcz\u00fcn moda tabiriyle \u201c\u00f6tekile\u015ftirmenin\u201d politik bir taktik olarak kullan\u0131m\u0131n\u0131 sorgulamay\u0131 da ihmal etmiyor. <\/p>\n","protected":false},"excerpt":{"rendered":"<p>K\u00f6t\u00fcl\u00fck fikrinin insan davran\u0131\u015f\u0131n\u0131 anlama, ele\u015ftirme veya \u0131slah etmedeki yarar\u0131na ku\u015fkuyla yakla\u015fan Phillip Cole, k\u00f6t\u00fcl\u00fc\u011f\u00fc dini veya ahlaki de\u011fil mitolojik bir kavram olarak d\u00fc\u015f\u00fcnmeyi \u00f6neriyor. Kitab\u0131<span class=\"excerpt-hellip\"> [\u2026]<\/span><\/p>\n","protected":false},"featured_media":0,"template":"","meta":{"_monsterinsights_skip_tracking":false,"_monsterinsights_sitenote_active":false,"_monsterinsights_sitenote_note":"","_monsterinsights_sitenote_category":0},"product_brand":[],"product_cat":[12370,12304],"product_tag":[],"class_list":{"0":"post-745196","1":"product","2":"type-product","3":"status-publish","5":"product_cat-arastirma-inceleme","6":"product_cat-tarih","7":"pa_cilt-ciltsiz","8":"pa_tur-kitap","9":"pa_yayinevi-is-bankasi-kultur-yayinlari","10":"pa_yazar-phillip-cole","12":"first","13":"instock","14":"sale","15":"shipping-taxable","16":"purchasable","17":"product-type-simple"},"_links":{"self":[{"href":"https:\/\/roveyayinevi.com.tr\/index.php\/wp-json\/wp\/v2\/product\/745196","targetHints":{"allow":["GET"]}}],"collection":[{"href":"https:\/\/roveyayinevi.com.tr\/index.php\/wp-json\/wp\/v2\/product"}],"about":[{"href":"https:\/\/roveyayinevi.com.tr\/index.php\/wp-json\/wp\/v2\/types\/product"}],"wp:attachment":[{"href":"https:\/\/roveyayinevi.com.tr\/index.php\/wp-json\/wp\/v2\/media?parent=745196"}],"wp:term":[{"taxonomy":"product_brand","embeddable":true,"href":"https:\/\/roveyayinevi.com.tr\/index.php\/wp-json\/wp\/v2\/product_brand?post=745196"},{"taxonomy":"product_cat","embeddable":true,"href":"https:\/\/roveyayinevi.com.tr\/index.php\/wp-json\/wp\/v2\/product_cat?post=745196"},{"taxonomy":"product_tag","embeddable":true,"href":"https:\/\/roveyayinevi.com.tr\/index.php\/wp-json\/wp\/v2\/product_tag?post=745196"}],"curies":[{"name":"wp","href":"https:\/\/api.w.org\/{rel}","templated":true}]}}