{"id":745192,"date":"2025-08-28T02:13:37","date_gmt":"2025-08-27T23:13:37","guid":{"rendered":"https:\/\/roveyayinevi.com.tr\/index.php\/urun\/itiraf-ciltli\/"},"modified":"2026-02-03T03:10:51","modified_gmt":"2026-02-03T00:10:51","slug":"itiraf-ciltli","status":"publish","type":"product","link":"https:\/\/roveyayinevi.com.tr\/index.php\/urun\/itiraf-ciltli\/","title":{"rendered":"\u0130tiraf (Ciltli)"},"content":{"rendered":"<p>Lev Nikolayevi\u00e7 Tolstoy (1828-1910): Anna Karenina, Sava\u015f ve Bar\u0131\u015f, Dirili\u015f\u2019in b\u00fcy\u00fck yazar\u0131, ya\u015fam\u0131n\u0131n son otuz y\u0131l\u0131nda kendini insan, aile, din, devlet, toplum, \u00f6zg\u00fcrl\u00fck, boyun e\u011fme, ba\u015fkald\u0131rma, sanat ve estetik konular\u0131nda kuramsal \u00e7al\u0131\u015fmalara da verdi. Bu d\u00f6nemde yazd\u0131\u011f\u0131 roman ve \u00f6yk\u00fclerinde y\u0131llarca \u00fczerinde d\u00fc\u015f\u00fcnd\u00fc\u011f\u00fc insanl\u0131k sorunlar\u0131n\u0131 edebi bir kurguyla ele ald\u0131. Tolstoy\u2019un 1882 y\u0131l\u0131nda tamamlad\u0131\u011f\u0131 \u0130tiraf, din\u00ee sans\u00fcr nedeniyle ilk kez 1884\u2019te Cenevre\u2019de bas\u0131ld\u0131. Rusya\u2019daysa tam metin olarak ancak 1906 y\u0131l\u0131nda yay\u0131mlanabildi. Hayat\u0131n\u0131n hi\u00e7bir evresinde kendini sorgulamaktan, g\u00fcnahlar\u0131n\u0131 itiraf etmekten geri durmayan Tolstoy, \u0130tiraf\u2019\u0131 i\u00e7in bir mektubunda \u015funlar\u0131 yazar: \u201cYeni yap\u0131t\u0131m\u0131n as\u0131l hedefi, ya\u015fam\u0131ma kar\u015f\u0131 okurda tiksinti uyand\u0131rmak.\u201d \u0130tiraf, 1870\u2019lerde d\u00fcnya g\u00f6r\u00fc\u015f\u00fcnde bir k\u0131r\u0131lma ya\u015fayan Tolstoy\u2019un, kendi deyimiyle \u201cikinci do\u011fumu\u201dndan sonra yazd\u0131\u011f\u0131 ilk eserdir. <\/p>\n","protected":false},"excerpt":{"rendered":"<p>Lev Nikolayevi\u00e7 Tolstoy (1828-1910): Anna Karenina, Sava\u015f ve Bar\u0131\u015f, Dirili\u015f\u2019in b\u00fcy\u00fck yazar\u0131, ya\u015fam\u0131n\u0131n son otuz y\u0131l\u0131nda kendini insan, aile, din, devlet, toplum, \u00f6zg\u00fcrl\u00fck, boyun e\u011fme, ba\u015fkald\u0131rma,<span class=\"excerpt-hellip\"> [\u2026]<\/span><\/p>\n","protected":false},"featured_media":0,"template":"","meta":{"_monsterinsights_skip_tracking":false,"_monsterinsights_sitenote_active":false,"_monsterinsights_sitenote_note":"","_monsterinsights_sitenote_category":0},"product_brand":[],"product_cat":[12291,12711],"product_tag":[],"class_list":{"0":"post-745192","1":"product","2":"type-product","3":"status-publish","5":"product_cat-edebiyat","6":"product_cat-roman-oyku","7":"pa_cilt-ciltli","8":"pa_tur-kitap","9":"pa_yayinevi-is-bankasi-kultur-yayinlari","10":"pa_yazar-lev-nikolayevic-tolstoy","12":"first","13":"instock","14":"sale","15":"shipping-taxable","16":"purchasable","17":"product-type-simple"},"_links":{"self":[{"href":"https:\/\/roveyayinevi.com.tr\/index.php\/wp-json\/wp\/v2\/product\/745192","targetHints":{"allow":["GET"]}}],"collection":[{"href":"https:\/\/roveyayinevi.com.tr\/index.php\/wp-json\/wp\/v2\/product"}],"about":[{"href":"https:\/\/roveyayinevi.com.tr\/index.php\/wp-json\/wp\/v2\/types\/product"}],"wp:attachment":[{"href":"https:\/\/roveyayinevi.com.tr\/index.php\/wp-json\/wp\/v2\/media?parent=745192"}],"wp:term":[{"taxonomy":"product_brand","embeddable":true,"href":"https:\/\/roveyayinevi.com.tr\/index.php\/wp-json\/wp\/v2\/product_brand?post=745192"},{"taxonomy":"product_cat","embeddable":true,"href":"https:\/\/roveyayinevi.com.tr\/index.php\/wp-json\/wp\/v2\/product_cat?post=745192"},{"taxonomy":"product_tag","embeddable":true,"href":"https:\/\/roveyayinevi.com.tr\/index.php\/wp-json\/wp\/v2\/product_tag?post=745192"}],"curies":[{"name":"wp","href":"https:\/\/api.w.org\/{rel}","templated":true}]}}