{"id":745189,"date":"2025-08-28T02:13:32","date_gmt":"2025-08-27T23:13:32","guid":{"rendered":"https:\/\/roveyayinevi.com.tr\/index.php\/urun\/babamla-ormanda\/"},"modified":"2026-04-16T02:57:34","modified_gmt":"2026-04-15T23:57:34","slug":"babamla-ormanda","status":"publish","type":"product","link":"https:\/\/roveyayinevi.com.tr\/index.php\/urun\/babamla-ormanda\/","title":{"rendered":"Babamla Ormanda"},"content":{"rendered":"<p>Yarat\u0131c\u0131 drama e\u011fitmeni ve yazar Lider Hepgen\u00e7 dijitalle\u015fme ve do\u011fa karma\u015fas\u0131n\u0131 harika bir dille i\u015fleyerek bu \u00e7\u0131kmaza bir yol bulmaya \u00e7al\u0131\u015ft\u0131. G\u00fcn\u00fcm\u00fczde hangi \u00e7ocuk tabletini b\u0131rak\u0131p hi\u00e7 oyuncaks\u0131z d\u0131\u015far\u0131ya \u00e7\u0131kmak ister ki?    Lider Hepgen\u00e7 bu kitab\u0131nda, \u00e7ocu\u011funa do\u011fa sevgisi a\u015f\u0131layan bir baba ve tabletini b\u0131rakmak istemeyen bir \u00e7ocu\u011fun hik\u00e2yesini anlat\u0131yor.   Ormandaki bu e\u015fsiz deneyimi siz de ailenizle ya\u015famak istemez misiniz?   <\/p>\n","protected":false},"excerpt":{"rendered":"<p>Yarat\u0131c\u0131 drama e\u011fitmeni ve yazar Lider Hepgen\u00e7 dijitalle\u015fme ve do\u011fa karma\u015fas\u0131n\u0131 harika bir dille i\u015fleyerek bu \u00e7\u0131kmaza bir yol bulmaya \u00e7al\u0131\u015ft\u0131. G\u00fcn\u00fcm\u00fczde hangi \u00e7ocuk tabletini b\u0131rak\u0131p<span class=\"excerpt-hellip\"> [\u2026]<\/span><\/p>\n","protected":false},"featured_media":0,"template":"","meta":{"_monsterinsights_skip_tracking":false,"_monsterinsights_sitenote_active":false,"_monsterinsights_sitenote_note":"","_monsterinsights_sitenote_category":0},"product_brand":[],"product_cat":[12274,12518],"product_tag":[],"class_list":{"0":"post-745189","1":"product","2":"type-product","3":"status-publish","5":"product_cat-cocuk-ve-genclik-kitaplari","6":"product_cat-okul-oncesi-kitaplar","7":"pa_cilt-ciltsiz","8":"pa_tur-kitap","9":"pa_yayinevi-fom-kitap","10":"pa_yazar-lider-hepgenc","12":"first","13":"instock","14":"sale","15":"shipping-taxable","16":"purchasable","17":"product-type-simple"},"_links":{"self":[{"href":"https:\/\/roveyayinevi.com.tr\/index.php\/wp-json\/wp\/v2\/product\/745189","targetHints":{"allow":["GET"]}}],"collection":[{"href":"https:\/\/roveyayinevi.com.tr\/index.php\/wp-json\/wp\/v2\/product"}],"about":[{"href":"https:\/\/roveyayinevi.com.tr\/index.php\/wp-json\/wp\/v2\/types\/product"}],"wp:attachment":[{"href":"https:\/\/roveyayinevi.com.tr\/index.php\/wp-json\/wp\/v2\/media?parent=745189"}],"wp:term":[{"taxonomy":"product_brand","embeddable":true,"href":"https:\/\/roveyayinevi.com.tr\/index.php\/wp-json\/wp\/v2\/product_brand?post=745189"},{"taxonomy":"product_cat","embeddable":true,"href":"https:\/\/roveyayinevi.com.tr\/index.php\/wp-json\/wp\/v2\/product_cat?post=745189"},{"taxonomy":"product_tag","embeddable":true,"href":"https:\/\/roveyayinevi.com.tr\/index.php\/wp-json\/wp\/v2\/product_tag?post=745189"}],"curies":[{"name":"wp","href":"https:\/\/api.w.org\/{rel}","templated":true}]}}