{"id":745188,"date":"2025-08-28T02:13:31","date_gmt":"2025-08-27T23:13:31","guid":{"rendered":"https:\/\/roveyayinevi.com.tr\/index.php\/urun\/ugurbocegi-benekli-hem-guzel-hem-akilli\/"},"modified":"2026-04-16T02:57:34","modified_gmt":"2026-04-15T23:57:34","slug":"ugurbocegi-benekli-hem-guzel-hem-akilli","status":"publish","type":"product","link":"https:\/\/roveyayinevi.com.tr\/index.php\/urun\/ugurbocegi-benekli-hem-guzel-hem-akilli\/","title":{"rendered":"U\u011furb\u00f6ce\u011fi Benekli Hem G\u00fczel Hem Ak\u0131ll\u0131"},"content":{"rendered":"<p>Benekli\u2019nin annesiyle babas\u0131 onu \u201cbenim g\u00fczel k\u0131z\u0131m\u201d diye severlerdi. U\u011furb\u00f6ce\u011fi g\u00fczel olmaktan ho\u015fnuttu, ama ne faydas\u0131 vard\u0131 bunun? Onun daha pek \u00e7ok \u00f6zelli\u011fi, yetenekleri, hayalleri vard\u0131.   K\u00f6\u015feleri yuvarlak tasarlanm\u0131\u015f bu \u00e7ok \u00f6zel kitap 0-3 ya\u015f grubundaki \u00e7ocuklara \u00f6zel haz\u0131rland\u0131. <\/p>\n","protected":false},"excerpt":{"rendered":"<p>Benekli\u2019nin annesiyle babas\u0131 onu \u201cbenim g\u00fczel k\u0131z\u0131m\u201d diye severlerdi. U\u011furb\u00f6ce\u011fi g\u00fczel olmaktan ho\u015fnuttu, ama ne faydas\u0131 vard\u0131 bunun? Onun daha pek \u00e7ok \u00f6zelli\u011fi, yetenekleri, hayalleri vard\u0131.<span class=\"excerpt-hellip\"> [\u2026]<\/span><\/p>\n","protected":false},"featured_media":0,"template":"","meta":{"_monsterinsights_skip_tracking":false,"_monsterinsights_sitenote_active":false,"_monsterinsights_sitenote_note":"","_monsterinsights_sitenote_category":0},"product_brand":[],"product_cat":[15192,12274],"product_tag":[],"class_list":{"0":"post-745188","1":"product","2":"type-product","3":"status-publish","5":"product_cat-1-3-yas-kitaplari","6":"product_cat-cocuk-ve-genclik-kitaplari","7":"pa_cilt-ciltsiz","8":"pa_tur-kitap","9":"pa_yayinevi-yapi-kredi-yayinlari","10":"pa_yazar-claire-clement","12":"first","13":"instock","14":"sale","15":"shipping-taxable","16":"purchasable","17":"product-type-simple"},"_links":{"self":[{"href":"https:\/\/roveyayinevi.com.tr\/index.php\/wp-json\/wp\/v2\/product\/745188","targetHints":{"allow":["GET"]}}],"collection":[{"href":"https:\/\/roveyayinevi.com.tr\/index.php\/wp-json\/wp\/v2\/product"}],"about":[{"href":"https:\/\/roveyayinevi.com.tr\/index.php\/wp-json\/wp\/v2\/types\/product"}],"wp:attachment":[{"href":"https:\/\/roveyayinevi.com.tr\/index.php\/wp-json\/wp\/v2\/media?parent=745188"}],"wp:term":[{"taxonomy":"product_brand","embeddable":true,"href":"https:\/\/roveyayinevi.com.tr\/index.php\/wp-json\/wp\/v2\/product_brand?post=745188"},{"taxonomy":"product_cat","embeddable":true,"href":"https:\/\/roveyayinevi.com.tr\/index.php\/wp-json\/wp\/v2\/product_cat?post=745188"},{"taxonomy":"product_tag","embeddable":true,"href":"https:\/\/roveyayinevi.com.tr\/index.php\/wp-json\/wp\/v2\/product_tag?post=745188"}],"curies":[{"name":"wp","href":"https:\/\/api.w.org\/{rel}","templated":true}]}}