{"id":745187,"date":"2025-08-28T02:13:30","date_gmt":"2025-08-27T23:13:30","guid":{"rendered":"https:\/\/roveyayinevi.com.tr\/index.php\/urun\/siir-neden-onemlidir\/"},"modified":"2026-04-16T02:57:33","modified_gmt":"2026-04-15T23:57:33","slug":"siir-neden-onemlidir","status":"publish","type":"product","link":"https:\/\/roveyayinevi.com.tr\/index.php\/urun\/siir-neden-onemlidir\/","title":{"rendered":"\u015eiir Neden \u00d6nemlidir?"},"content":{"rendered":"<p>\u201cPek \u00e7ok ki\u015fi i\u00e7in \u015fiir bir \u015fey ifade etmez\u201d diyor Jay Parini kitab\u0131n\u0131n ba\u015f\u0131nda. Ama bu genellemeyi g\u00f6rmezden gelerek \u015fiir, dil, \u015fiirin anlam\u0131 ve zihinler ile hayatlar\u0131 de\u011fi\u015ftirme g\u00fcc\u00fc \u00fczerine derin bir inceleme sunuyor.   Kendisi de \u015fair olan ba\u015far\u0131l\u0131 e\u011fitmen Parini; Aristoteles, Horatius, Longinus gibi y\u00fczy\u0131llar \u00f6nce \u015fiiri savunmu\u015f insanlar\u0131 ele alarak ba\u015fl\u0131yor, sonra Wordsworth, Coleridge, Shelley, Eliot, Frost, Stevens ve daha pek \u00e7ok ba\u015far\u0131l\u0131 \u015fairin \u015fiir savunular\u0131n\u0131 inceliyor. Okurun \u015fiirsel ses, metaforun gizemi, \u00f6zg\u00fcnl\u00fck ve \u00f6zg\u00fcrl\u00fck \u00fczerine d\u00fc\u015f\u00fcnmesini sa\u011flayan yazar, gelenekle nas\u0131l bir ba\u011f kurulmas\u0131 gerekti\u011fini de ortaya koyuyor.   Parini anla\u015f\u0131lmaz terimler ve karma\u015f\u0131k yorumlardan uzak durdu\u011fu bu kitab\u0131n\u0131 \u201c\u015famatac\u0131\u201d k\u00fclt\u00fcr\u00fcn g\u00fcr\u00fclt\u00fcs\u00fc y\u00fcz\u00fcnden zaman zaman unutulan bir ger\u00e7e\u011fi g\u00fcn y\u00fcz\u00fcne \u00e7\u0131kararak bitiriyor: \u201c\u015eiir \u00f6nemlidir \u00e7\u00fcnk\u00fc yoklu\u011funda yar\u0131m ya\u015far\u0131z, ya\u015fam\u0131n sundu\u011fu olanaklar\u0131n tam anlam\u0131yla bilincinde olamay\u0131z.\u201d <\/p>\n","protected":false},"excerpt":{"rendered":"<p>\u201cPek \u00e7ok ki\u015fi i\u00e7in \u015fiir bir \u015fey ifade etmez\u201d diyor Jay Parini kitab\u0131n\u0131n ba\u015f\u0131nda. Ama bu genellemeyi g\u00f6rmezden gelerek \u015fiir, dil, \u015fiirin anlam\u0131 ve zihinler ile<span class=\"excerpt-hellip\"> [\u2026]<\/span><\/p>\n","protected":false},"featured_media":0,"template":"","meta":{"_monsterinsights_skip_tracking":false,"_monsterinsights_sitenote_active":false,"_monsterinsights_sitenote_note":"","_monsterinsights_sitenote_category":0},"product_brand":[],"product_cat":[13072,12291],"product_tag":[],"class_list":{"0":"post-745187","1":"product","2":"type-product","3":"status-publish","5":"product_cat-arastirma-inceleme-referans","6":"product_cat-edebiyat","7":"pa_cilt-ciltsiz","8":"pa_tur-kitap","9":"pa_yayinevi-yapi-kredi-yayinlari","10":"pa_yazar-jay-parini","12":"first","13":"instock","14":"sale","15":"shipping-taxable","16":"purchasable","17":"product-type-simple"},"_links":{"self":[{"href":"https:\/\/roveyayinevi.com.tr\/index.php\/wp-json\/wp\/v2\/product\/745187","targetHints":{"allow":["GET"]}}],"collection":[{"href":"https:\/\/roveyayinevi.com.tr\/index.php\/wp-json\/wp\/v2\/product"}],"about":[{"href":"https:\/\/roveyayinevi.com.tr\/index.php\/wp-json\/wp\/v2\/types\/product"}],"wp:attachment":[{"href":"https:\/\/roveyayinevi.com.tr\/index.php\/wp-json\/wp\/v2\/media?parent=745187"}],"wp:term":[{"taxonomy":"product_brand","embeddable":true,"href":"https:\/\/roveyayinevi.com.tr\/index.php\/wp-json\/wp\/v2\/product_brand?post=745187"},{"taxonomy":"product_cat","embeddable":true,"href":"https:\/\/roveyayinevi.com.tr\/index.php\/wp-json\/wp\/v2\/product_cat?post=745187"},{"taxonomy":"product_tag","embeddable":true,"href":"https:\/\/roveyayinevi.com.tr\/index.php\/wp-json\/wp\/v2\/product_tag?post=745187"}],"curies":[{"name":"wp","href":"https:\/\/api.w.org\/{rel}","templated":true}]}}