{"id":745185,"date":"2025-08-28T02:13:27","date_gmt":"2025-08-27T23:13:27","guid":{"rendered":"https:\/\/roveyayinevi.com.tr\/index.php\/urun\/astroloji-ajandasi-2023-sor-findigim-ciltli\/"},"modified":"2026-04-16T02:57:33","modified_gmt":"2026-04-15T23:57:33","slug":"astroloji-ajandasi-2023-sor-findigim-ciltli","status":"publish","type":"product","link":"https:\/\/roveyayinevi.com.tr\/index.php\/urun\/astroloji-ajandasi-2023-sor-findigim-ciltli\/","title":{"rendered":"Astroloji Ajandas\u0131 2023 \/ &#8220;Sor F\u0131nd\u0131\u011f\u0131m&#8221; (Ciltli)"},"content":{"rendered":"<p>SOSYAL MEDYANIN ETK\u0130L\u0130 \u0130S\u0130MLER\u0130NDEN EL\u0130FL\u0130 ASTROLOJ\u0130DEN 2023 YILI \u0130\u00c7\u0130N KAPSAMLI B\u0130R AJANDA   2023 y\u0131l\u0131n\u0131n her g\u00fcn\u00fc i\u00e7in size yol g\u00f6sterecek, planlar\u0131n\u0131z\u0131 g\u00f6ky\u00fcz\u00fcn\u00fcn konumunu g\u00f6re yapabilece\u011finiz k\u00fc\u00e7\u00fck ipu\u00e7lar\u0131 i\u00e7eren bu ajanda astroloji bilginiz olmasa bile size g\u00fcn\u00fcn kalitesi ve niteli\u011fi hakk\u0131nda bilgi vermek ve bu bilgiler do\u011frultusunda o g\u00fcn\u00fc en verimli \u015fekilde ge\u00e7irmeniz ad\u0131na haz\u0131rlanm\u0131\u015ft\u0131r.  <\/p>\n","protected":false},"excerpt":{"rendered":"<p>SOSYAL MEDYANIN ETK\u0130L\u0130 \u0130S\u0130MLER\u0130NDEN EL\u0130FL\u0130 ASTROLOJ\u0130DEN 2023 YILI \u0130\u00c7\u0130N KAPSAMLI B\u0130R AJANDA 2023 y\u0131l\u0131n\u0131n her g\u00fcn\u00fc i\u00e7in size yol g\u00f6sterecek, planlar\u0131n\u0131z\u0131 g\u00f6ky\u00fcz\u00fcn\u00fcn konumunu g\u00f6re yapabilece\u011finiz k\u00fc\u00e7\u00fck<span class=\"excerpt-hellip\"> [\u2026]<\/span><\/p>\n","protected":false},"featured_media":0,"template":"","meta":{"_monsterinsights_skip_tracking":false,"_monsterinsights_sitenote_active":false,"_monsterinsights_sitenote_note":"","_monsterinsights_sitenote_category":0},"product_brand":[],"product_cat":[19840,12364],"product_tag":[],"class_list":{"0":"post-745185","1":"product","2":"type-product","3":"status-publish","5":"product_cat-astroloji","6":"product_cat-genel-konular","7":"pa_cilt-ciltli","8":"pa_tur-kitap","9":"pa_yayinevi-mona-kitap","10":"pa_yazar-elif-bozkurter","12":"first","13":"instock","14":"sale","15":"shipping-taxable","16":"purchasable","17":"product-type-simple"},"_links":{"self":[{"href":"https:\/\/roveyayinevi.com.tr\/index.php\/wp-json\/wp\/v2\/product\/745185","targetHints":{"allow":["GET"]}}],"collection":[{"href":"https:\/\/roveyayinevi.com.tr\/index.php\/wp-json\/wp\/v2\/product"}],"about":[{"href":"https:\/\/roveyayinevi.com.tr\/index.php\/wp-json\/wp\/v2\/types\/product"}],"wp:attachment":[{"href":"https:\/\/roveyayinevi.com.tr\/index.php\/wp-json\/wp\/v2\/media?parent=745185"}],"wp:term":[{"taxonomy":"product_brand","embeddable":true,"href":"https:\/\/roveyayinevi.com.tr\/index.php\/wp-json\/wp\/v2\/product_brand?post=745185"},{"taxonomy":"product_cat","embeddable":true,"href":"https:\/\/roveyayinevi.com.tr\/index.php\/wp-json\/wp\/v2\/product_cat?post=745185"},{"taxonomy":"product_tag","embeddable":true,"href":"https:\/\/roveyayinevi.com.tr\/index.php\/wp-json\/wp\/v2\/product_tag?post=745185"}],"curies":[{"name":"wp","href":"https:\/\/api.w.org\/{rel}","templated":true}]}}