{"id":745183,"date":"2025-08-28T02:13:25","date_gmt":"2025-08-27T23:13:25","guid":{"rendered":"https:\/\/roveyayinevi.com.tr\/index.php\/urun\/bagimliliklar-uzerine-1\/"},"modified":"2026-04-16T02:57:33","modified_gmt":"2026-04-15T23:57:33","slug":"bagimliliklar-uzerine-1","status":"publish","type":"product","link":"https:\/\/roveyayinevi.com.tr\/index.php\/urun\/bagimliliklar-uzerine-1\/","title":{"rendered":"Ba\u011f\u0131ml\u0131l\u0131klar \u00dczerine &#8211; 1"},"content":{"rendered":"<p>BA\u011eIMLILIKLAR \u00dcZER\u0130NE-I (DAVRANI\u015eSAL BA\u011eIMLILIKLARIN \u00c7E\u015e\u0130TL\u0130 G\u00d6R\u00dcN\u00dcMLER\u0130) <\/p>\n","protected":false},"excerpt":{"rendered":"<p>BA\u011eIMLILIKLAR \u00dcZER\u0130NE-I (DAVRANI\u015eSAL BA\u011eIMLILIKLARIN \u00c7E\u015e\u0130TL\u0130 G\u00d6R\u00dcN\u00dcMLER\u0130)<\/p>\n","protected":false},"featured_media":0,"template":"","meta":{"_monsterinsights_skip_tracking":false,"_monsterinsights_sitenote_active":false,"_monsterinsights_sitenote_note":"","_monsterinsights_sitenote_category":0},"product_brand":[],"product_cat":[12573,12566],"product_tag":[],"class_list":{"0":"post-745183","1":"product","2":"type-product","3":"status-publish","5":"product_cat-akademik-kitaplar","6":"product_cat-egitim","7":"pa_cilt-ciltsiz","8":"pa_tur-kitap","9":"pa_yayinevi-soncag-akademik-kitaplar","10":"pa_yazar-kolektif","12":"first","13":"instock","14":"sale","15":"shipping-taxable","16":"purchasable","17":"product-type-simple"},"_links":{"self":[{"href":"https:\/\/roveyayinevi.com.tr\/index.php\/wp-json\/wp\/v2\/product\/745183","targetHints":{"allow":["GET"]}}],"collection":[{"href":"https:\/\/roveyayinevi.com.tr\/index.php\/wp-json\/wp\/v2\/product"}],"about":[{"href":"https:\/\/roveyayinevi.com.tr\/index.php\/wp-json\/wp\/v2\/types\/product"}],"wp:attachment":[{"href":"https:\/\/roveyayinevi.com.tr\/index.php\/wp-json\/wp\/v2\/media?parent=745183"}],"wp:term":[{"taxonomy":"product_brand","embeddable":true,"href":"https:\/\/roveyayinevi.com.tr\/index.php\/wp-json\/wp\/v2\/product_brand?post=745183"},{"taxonomy":"product_cat","embeddable":true,"href":"https:\/\/roveyayinevi.com.tr\/index.php\/wp-json\/wp\/v2\/product_cat?post=745183"},{"taxonomy":"product_tag","embeddable":true,"href":"https:\/\/roveyayinevi.com.tr\/index.php\/wp-json\/wp\/v2\/product_tag?post=745183"}],"curies":[{"name":"wp","href":"https:\/\/api.w.org\/{rel}","templated":true}]}}