{"id":745182,"date":"2025-08-28T02:13:25","date_gmt":"2025-08-27T23:13:25","guid":{"rendered":"https:\/\/roveyayinevi.com.tr\/index.php\/urun\/2023-karar\/"},"modified":"2026-04-16T02:57:33","modified_gmt":"2026-04-15T23:57:33","slug":"2023-karar","status":"publish","type":"product","link":"https:\/\/roveyayinevi.com.tr\/index.php\/urun\/2023-karar\/","title":{"rendered":"2023 Karar"},"content":{"rendered":"<p>&#8230; Gezegen hareketleri 2023\u2019\u00fcn se\u00e7ilmi\u015f bir y\u0131l oldu\u011funu iddia ediyor. &#8230; Zelenski kendine d\u00fc\u015fen rol\u00fc tamamlayacak. &#8230; Bo\u011fa bur\u00e7lar\u0131, \u201cSon G\u00fclen \u0130yi G\u00fcler\u201d diyeceksiniz. &#8230; T\u00fcrkiye, Suriye\u2019ye geni\u015fleyecek. &#8230; \u00c7in\u2019in Tayvan\u2019\u0131 nas\u0131l i\u015fgal edece\u011fini 2023\u2019te izleyece\u011fiz. &#8230; Pasifik\u2019te b\u00fcy\u00fcyen sava\u015f \u201cS\u00fcper G\u00fc\u00e7\u201d kavram\u0131n\u0131 sars\u0131nt\u0131ya u\u011fratacak. &#8230; 21. y\u00fczy\u0131l\u0131n eteklerinde zorunlu g\u00f6\u00e7 \u00e7a\u011f\u0131 kavram\u0131n\u0131 kabul edece\u011fiz. &#8230; 2023 Ekim\u2019inde d\u00fcnyan\u0131n i\u00e7erisinde bulundu\u011fu ate\u015f \u00e7emberi her ge\u00e7en g\u00fcn daha da geni\u015fleyecek. &#8230; O\u011flak bur\u00e7lar\u0131 bir \u00e7a\u011f\u0131 kapatacak! &#8230; S\u00fcvey\u015f Kanal\u0131\u2019n\u0131 geni\u015fletme \u00e7al\u0131\u015fmalar\u0131nda \u00c7in ba\u015frolde olacak. &#8230; 1984-1998 y\u0131llar\u0131 aras\u0131nda do\u011fanlar\u0131n g\u00f6lgeli y\u0131llar\u0131 bitiyor. &#8230; Sosyal medya platformlar\u0131 insanl\u0131\u011fa s\u0131n\u0131rs\u0131z alanlar a\u00e7mak i\u00e7in etik de\u011ferlerin s\u0131n\u0131rlar\u0131n\u0131 zorlayacak. &#8230; Kova bur\u00e7lar\u0131! Sizin d\u00f6neminiz ba\u015fl\u0131yor. &#8230; Yeni D\u00fcnya kad\u0131n liderlerle tan\u0131\u015facak.  &#8230;            T\u00fcrkiye \u201cKarar\u201d alacak! <\/p>\n","protected":false},"excerpt":{"rendered":"<p>&#8230; Gezegen hareketleri 2023\u2019\u00fcn se\u00e7ilmi\u015f bir y\u0131l oldu\u011funu iddia ediyor. &#8230; Zelenski kendine d\u00fc\u015fen rol\u00fc tamamlayacak. &#8230; Bo\u011fa bur\u00e7lar\u0131, \u201cSon G\u00fclen \u0130yi G\u00fcler\u201d diyeceksiniz. &#8230; T\u00fcrkiye,<span class=\"excerpt-hellip\"> [\u2026]<\/span><\/p>\n","protected":false},"featured_media":0,"template":"","meta":{"_monsterinsights_skip_tracking":false,"_monsterinsights_sitenote_active":false,"_monsterinsights_sitenote_note":"","_monsterinsights_sitenote_category":0},"product_brand":[],"product_cat":[19840,12364],"product_tag":[],"class_list":{"0":"post-745182","1":"product","2":"type-product","3":"status-publish","5":"product_cat-astroloji","6":"product_cat-genel-konular","7":"pa_cilt-ciltsiz","8":"pa_tur-kitap","9":"pa_yayinevi-inkilap-kitabevi","10":"pa_yazar-zeynep-turan","12":"first","13":"instock","14":"sale","15":"shipping-taxable","16":"purchasable","17":"product-type-simple"},"_links":{"self":[{"href":"https:\/\/roveyayinevi.com.tr\/index.php\/wp-json\/wp\/v2\/product\/745182","targetHints":{"allow":["GET"]}}],"collection":[{"href":"https:\/\/roveyayinevi.com.tr\/index.php\/wp-json\/wp\/v2\/product"}],"about":[{"href":"https:\/\/roveyayinevi.com.tr\/index.php\/wp-json\/wp\/v2\/types\/product"}],"wp:attachment":[{"href":"https:\/\/roveyayinevi.com.tr\/index.php\/wp-json\/wp\/v2\/media?parent=745182"}],"wp:term":[{"taxonomy":"product_brand","embeddable":true,"href":"https:\/\/roveyayinevi.com.tr\/index.php\/wp-json\/wp\/v2\/product_brand?post=745182"},{"taxonomy":"product_cat","embeddable":true,"href":"https:\/\/roveyayinevi.com.tr\/index.php\/wp-json\/wp\/v2\/product_cat?post=745182"},{"taxonomy":"product_tag","embeddable":true,"href":"https:\/\/roveyayinevi.com.tr\/index.php\/wp-json\/wp\/v2\/product_tag?post=745182"}],"curies":[{"name":"wp","href":"https:\/\/api.w.org\/{rel}","templated":true}]}}