{"id":745181,"date":"2025-08-28T02:13:23","date_gmt":"2025-08-27T23:13:23","guid":{"rendered":"https:\/\/roveyayinevi.com.tr\/index.php\/urun\/benim-adim-haaland\/"},"modified":"2026-04-16T02:57:33","modified_gmt":"2026-04-15T23:57:33","slug":"benim-adim-haaland","status":"publish","type":"product","link":"https:\/\/roveyayinevi.com.tr\/index.php\/urun\/benim-adim-haaland\/","title":{"rendered":"Benim Ad\u0131m Haaland"},"content":{"rendered":"<p>Gol makinesi: Erling Haaland D\u00fcnya art\u0131k Erling Haaland&#8217;\u0131n oyun alan\u0131. Norve\u00e7li gen\u00e7 oyuncu, UEFA \u015eampiyonlar Ligi&#8217;nde 20 gol baraj\u0131na, en az ma\u00e7ta ve en gen\u00e7 ya\u015fta ula\u015fan oyuncu rekorunu k\u0131rarak d\u00fcnya futbol tarihine ge\u00e7ti. Manchester City\u2019de forma giyen ve k\u0131sa s\u00fcrede ola\u011fan\u00fcst\u00fc ba\u015far\u0131lara imza atan Haaland\u2019\u0131n \u00e7ocukluktan profesyonelli\u011fe uzanan ilgin\u00e7 ya\u015fam \u00f6yk\u00fcs\u00fcn\u00fc bu kitapta okuyacaks\u0131n\u0131z. <\/p>\n","protected":false},"excerpt":{"rendered":"<p>Gol makinesi: Erling Haaland D\u00fcnya art\u0131k Erling Haaland&#8217;\u0131n oyun alan\u0131. Norve\u00e7li gen\u00e7 oyuncu, UEFA \u015eampiyonlar Ligi&#8217;nde 20 gol baraj\u0131na, en az ma\u00e7ta ve en gen\u00e7 ya\u015fta<span class=\"excerpt-hellip\"> [\u2026]<\/span><\/p>\n","protected":false},"featured_media":0,"template":"","meta":{"_monsterinsights_skip_tracking":false,"_monsterinsights_sitenote_active":false,"_monsterinsights_sitenote_note":"","_monsterinsights_sitenote_category":0},"product_brand":[],"product_cat":[12274,12631],"product_tag":[],"class_list":{"0":"post-745181","1":"product","2":"type-product","3":"status-publish","5":"product_cat-cocuk-ve-genclik-kitaplari","6":"product_cat-diger-cocuk-ve-genclik-kitaplari","7":"pa_cilt-ciltsiz","8":"pa_tur-kitap","9":"pa_yayinevi-beyaz-balina-yayinlari","10":"pa_yazar-matt-oldfield-tom-oldfield","12":"first","13":"instock","14":"sale","15":"shipping-taxable","16":"purchasable","17":"product-type-simple"},"_links":{"self":[{"href":"https:\/\/roveyayinevi.com.tr\/index.php\/wp-json\/wp\/v2\/product\/745181","targetHints":{"allow":["GET"]}}],"collection":[{"href":"https:\/\/roveyayinevi.com.tr\/index.php\/wp-json\/wp\/v2\/product"}],"about":[{"href":"https:\/\/roveyayinevi.com.tr\/index.php\/wp-json\/wp\/v2\/types\/product"}],"wp:attachment":[{"href":"https:\/\/roveyayinevi.com.tr\/index.php\/wp-json\/wp\/v2\/media?parent=745181"}],"wp:term":[{"taxonomy":"product_brand","embeddable":true,"href":"https:\/\/roveyayinevi.com.tr\/index.php\/wp-json\/wp\/v2\/product_brand?post=745181"},{"taxonomy":"product_cat","embeddable":true,"href":"https:\/\/roveyayinevi.com.tr\/index.php\/wp-json\/wp\/v2\/product_cat?post=745181"},{"taxonomy":"product_tag","embeddable":true,"href":"https:\/\/roveyayinevi.com.tr\/index.php\/wp-json\/wp\/v2\/product_tag?post=745181"}],"curies":[{"name":"wp","href":"https:\/\/api.w.org\/{rel}","templated":true}]}}