{"id":745178,"date":"2025-08-28T02:13:19","date_gmt":"2025-08-27T23:13:19","guid":{"rendered":"https:\/\/roveyayinevi.com.tr\/index.php\/urun\/2023-nesin-masa-takvimi\/"},"modified":"2026-04-16T02:57:33","modified_gmt":"2026-04-15T23:57:33","slug":"2023-nesin-masa-takvimi","status":"publish","type":"product","link":"https:\/\/roveyayinevi.com.tr\/index.php\/urun\/2023-nesin-masa-takvimi\/","title":{"rendered":"2023 Nesin Masa Takvimi"},"content":{"rendered":"<p>Bir D\u00fcnya Oyuncak ba\u015fl\u0131\u011f\u0131n\u0131 ta\u015f\u0131yan masa\u00fcst\u00fc takvimimiz, \u0130stanbul Oyuncak M\u00fczesi koleksiyonundan Sunay Ak\u0131n\u2019\u0131n se\u00e7ti\u011fi en g\u00fczel par\u00e7alar\u0131 masan\u0131za ta\u015f\u0131yacak. Y\u0131l boyu hep beraber olmak, hi\u00e7 ayr\u0131lmamak umuduyla\u2026 <\/p>\n","protected":false},"excerpt":{"rendered":"<p>Bir D\u00fcnya Oyuncak ba\u015fl\u0131\u011f\u0131n\u0131 ta\u015f\u0131yan masa\u00fcst\u00fc takvimimiz, \u0130stanbul Oyuncak M\u00fczesi koleksiyonundan Sunay Ak\u0131n\u2019\u0131n se\u00e7ti\u011fi en g\u00fczel par\u00e7alar\u0131 masan\u0131za ta\u015f\u0131yacak. Y\u0131l boyu hep beraber olmak, hi\u00e7 ayr\u0131lmamak<span class=\"excerpt-hellip\"> [\u2026]<\/span><\/p>\n","protected":false},"featured_media":0,"template":"","meta":{"_monsterinsights_skip_tracking":false,"_monsterinsights_sitenote_active":false,"_monsterinsights_sitenote_note":"","_monsterinsights_sitenote_category":0},"product_brand":[],"product_cat":[28265,15563],"product_tag":[],"class_list":{"0":"post-745178","1":"product","2":"type-product","3":"status-publish","5":"product_cat-diger-hobi","6":"product_cat-hobi","7":"pa_cilt-ciltsiz","8":"pa_tur-kitap20","9":"pa_yayinevi-nesin-yayinlari","10":"pa_yazar-kolektif","12":"first","13":"instock","14":"sale","15":"shipping-taxable","16":"purchasable","17":"product-type-simple"},"_links":{"self":[{"href":"https:\/\/roveyayinevi.com.tr\/index.php\/wp-json\/wp\/v2\/product\/745178","targetHints":{"allow":["GET"]}}],"collection":[{"href":"https:\/\/roveyayinevi.com.tr\/index.php\/wp-json\/wp\/v2\/product"}],"about":[{"href":"https:\/\/roveyayinevi.com.tr\/index.php\/wp-json\/wp\/v2\/types\/product"}],"wp:attachment":[{"href":"https:\/\/roveyayinevi.com.tr\/index.php\/wp-json\/wp\/v2\/media?parent=745178"}],"wp:term":[{"taxonomy":"product_brand","embeddable":true,"href":"https:\/\/roveyayinevi.com.tr\/index.php\/wp-json\/wp\/v2\/product_brand?post=745178"},{"taxonomy":"product_cat","embeddable":true,"href":"https:\/\/roveyayinevi.com.tr\/index.php\/wp-json\/wp\/v2\/product_cat?post=745178"},{"taxonomy":"product_tag","embeddable":true,"href":"https:\/\/roveyayinevi.com.tr\/index.php\/wp-json\/wp\/v2\/product_tag?post=745178"}],"curies":[{"name":"wp","href":"https:\/\/api.w.org\/{rel}","templated":true}]}}