{"id":745176,"date":"2025-08-28T02:13:16","date_gmt":"2025-08-27T23:13:16","guid":{"rendered":"https:\/\/roveyayinevi.com.tr\/index.php\/urun\/sayiklamalar\/"},"modified":"2026-04-16T02:57:33","modified_gmt":"2026-04-15T23:57:33","slug":"sayiklamalar","status":"publish","type":"product","link":"https:\/\/roveyayinevi.com.tr\/index.php\/urun\/sayiklamalar\/","title":{"rendered":"Say\u0131klamalar"},"content":{"rendered":"<p>Kelimeler, dile gelip yaz\u0131ya d\u00f6k\u00fcld\u00fck\u00e7e ger\u00e7eklikten uzakla\u015ft\u0131r\u0131rlar \u00e7o\u011fu zaman. En sa\u011flam, en kadim s\u00f6zler bile mutlak hakikati ifade edebilmek ba\u011flam\u0131nda sadece birtak\u0131m i\u015faretlerden, sembollerden ibarettir. Yazar, insana, topluma ait en yal\u0131n, en zengin, en a\u00e7\u0131klay\u0131c\u0131 dillerin \u00fcr\u00fcn\u00fc olan en g\u00fczel, en kudretli c\u00fcmlelerin bile evrensel ve i\u00e7sel ger\u00e7eklik kar\u015f\u0131s\u0131nda sadece ba\u015far\u0131l\u0131 bir i\u015faret, tesirli bir uyaran ya da kula\u011fa ho\u015f gelen bir say\u0131klamadan ibaret oldu\u011funa inanmas\u0131na istinaden, son y\u0131llarda, ini\u015fli \u00e7\u0131k\u0131\u015fl\u0131 hayat\u0131n\u0131n ve i\u00e7sel dalgalanmalar\u0131n\u0131n neticesi olarak  karalad\u0131\u011f\u0131 birtak\u0131m yar\u0131m yamalak \u015fiirleri,  ancak bir hezeyan ya da say\u0131klama olarak g\u00f6rmekte ve isimlendirmektedir.<\/p>\n","protected":false},"excerpt":{"rendered":"<p>Kelimeler, dile gelip yaz\u0131ya d\u00f6k\u00fcld\u00fck\u00e7e ger\u00e7eklikten uzakla\u015ft\u0131r\u0131rlar \u00e7o\u011fu zaman. En sa\u011flam, en kadim s\u00f6zler bile mutlak hakikati ifade edebilmek ba\u011flam\u0131nda sadece birtak\u0131m i\u015faretlerden, sembollerden ibarettir. Yazar,<span class=\"excerpt-hellip\"> [\u2026]<\/span><\/p>\n","protected":false},"featured_media":0,"template":"","meta":{"_monsterinsights_skip_tracking":false,"_monsterinsights_sitenote_active":false,"_monsterinsights_sitenote_note":"","_monsterinsights_sitenote_category":0},"product_brand":[],"product_cat":[12291,12509],"product_tag":[],"class_list":{"0":"post-745176","1":"product","2":"type-product","3":"status-publish","5":"product_cat-edebiyat","6":"product_cat-siir","7":"pa_cilt-ciltsiz","8":"pa_tur-kitap","9":"pa_yayinevi-platanus-publishing","10":"pa_yazar-alkan-altas","12":"first","13":"instock","14":"sale","15":"shipping-taxable","16":"purchasable","17":"product-type-simple"},"_links":{"self":[{"href":"https:\/\/roveyayinevi.com.tr\/index.php\/wp-json\/wp\/v2\/product\/745176","targetHints":{"allow":["GET"]}}],"collection":[{"href":"https:\/\/roveyayinevi.com.tr\/index.php\/wp-json\/wp\/v2\/product"}],"about":[{"href":"https:\/\/roveyayinevi.com.tr\/index.php\/wp-json\/wp\/v2\/types\/product"}],"wp:attachment":[{"href":"https:\/\/roveyayinevi.com.tr\/index.php\/wp-json\/wp\/v2\/media?parent=745176"}],"wp:term":[{"taxonomy":"product_brand","embeddable":true,"href":"https:\/\/roveyayinevi.com.tr\/index.php\/wp-json\/wp\/v2\/product_brand?post=745176"},{"taxonomy":"product_cat","embeddable":true,"href":"https:\/\/roveyayinevi.com.tr\/index.php\/wp-json\/wp\/v2\/product_cat?post=745176"},{"taxonomy":"product_tag","embeddable":true,"href":"https:\/\/roveyayinevi.com.tr\/index.php\/wp-json\/wp\/v2\/product_tag?post=745176"}],"curies":[{"name":"wp","href":"https:\/\/api.w.org\/{rel}","templated":true}]}}