{"id":745175,"date":"2025-08-28T02:13:14","date_gmt":"2025-08-27T23:13:14","guid":{"rendered":"https:\/\/roveyayinevi.com.tr\/index.php\/urun\/kamusal-alan-yabancilasma-ve-hegemonya-mucadelesi\/"},"modified":"2026-04-16T02:57:33","modified_gmt":"2026-04-15T23:57:33","slug":"kamusal-alan-yabancilasma-ve-hegemonya-mucadelesi","status":"publish","type":"product","link":"https:\/\/roveyayinevi.com.tr\/index.php\/urun\/kamusal-alan-yabancilasma-ve-hegemonya-mucadelesi\/","title":{"rendered":"Kamusal Alan, Yabanc\u0131la\u015fma ve Hegemonya M\u00fccadelesi"},"content":{"rendered":"<p>\u0130\u00e7inden ge\u00e7mekte oldu\u011fumuz \u00e7ok boyutlu ekonomik krize ra\u011fmen, AKP\u2019nin, siyasal alanda iktidar\u0131n\u0131 s\u00fcrd\u00fcrmesi; kamu kurumlar\u0131nda, kadrola\u015fmay\u0131 tamamlamas\u0131; \u00f6zel sekt\u00f6rde etki g\u00fcc\u00fc artan sermaye gruplar\u0131 arac\u0131l\u0131\u011f\u0131 ve tahakk\u00fcm\u00fcyle farkl\u0131-kendine kar\u015f\u0131t sermaye gruplar\u0131n\u0131n etkisini massetmesi; kamusal alanda, kurdu\u011fu hegemonyayla ba\u015fta yaz\u0131l\u0131 ve g\u00f6rsel medyada olmak \u00fczere farkl\u0131 seslere alan b\u0131rakmamas\u0131; kentleri uzun y\u0131llard\u0131r y\u00f6netmesinden kaynakl\u0131 kurdu\u011fu ili\u015fki a\u011flar\u0131yla siyasal g\u00fcc\u00fcn\u00fc konsolide etmesi ve nihayet muhafazakar, dindar vak\u0131flar ve cemaatler arac\u0131l\u0131\u011f\u0131yla kar\u015f\u0131l\u0131kl\u0131 i\u015fleyen bir \u00e7\u0131kar-rant a\u011f\u0131 kurmas\u0131 somut bir ger\u00e7eklik olarak kar\u015f\u0131m\u0131zda dururken; yap\u0131lan kamuoyu ara\u015ft\u0131rmalar\u0131n\u0131n sonu\u00e7lar\u0131na g\u00f6re, AKP\u2019nin, eskiye g\u00f6re oy kaybetmesine ra\u011fmen halen birinci parti olarak g\u00f6r\u00fcnmesi; toplumda Cumhurba\u015fkan\u0131 Recep Tayyip Erdo\u011fan\u2019\u0131n normal se\u00e7imler yoluyla Cumhurba\u015fkanl\u0131\u011f\u0131n\u0131 b\u0131rakmas\u0131n\u0131n m\u00fcmk\u00fcn olmad\u0131\u011f\u0131 kan\u0131s\u0131; liberal demokrat\u0131ndan sosyal demokrat\u0131na, radikal demokrat\u0131ndan sosyalistine kadar muhalif b\u00fct\u00fcn siyasal yap\u0131lanmalar\u0131n, toplumu ikna edici bir gelecek projesi sunamamas\u0131; \u00f6zellikle gen\u00e7 e\u011fitimlilerin, \u00fclkeden umudunu keserek yurt d\u0131\u015f\u0131na gitmeye \u00e7al\u0131\u015fmas\u0131 gibi durumlar, \u00f6zellikle solun ve sosyalistlerin \u00f6n\u00fcnde b\u00fcy\u00fck bir handikap olarak durmaktad\u0131r.   Bu \u00e7al\u0131\u015fmam\u0131zda \u00f6ncelikle bu handikab\u0131 a\u015fmak i\u00e7in kamusal alan, yabanc\u0131la\u015fma ve hegemonya kavramlar\u0131n\u0131n i\u00e7eri\u011fi, kapitalist sistemin ve k\u00fclt\u00fcr end\u00fcstrisinin yabanc\u0131la\u015ft\u0131r\u0131c\u0131 etkisi, sermaye birikim rejimleri ve hegemonya projeleri arac\u0131l\u0131\u011f\u0131yla burjuva  kamusal alan\u0131n nas\u0131l olu\u015fturuldu\u011fu, AKP hegemonya projesinin unsurlar\u0131, ge\u00e7mi\u015ften bug\u00fcne y\u00fcr\u00fct\u00fclen hegemonya m\u00fccadelesi, kar\u015f\u0131t hegemonya projesinin ve kar\u015f\u0131t (Proleter) kamusal alan\u0131n olu\u015fturulabilmesinin olanaklar\u0131, ipu\u00e7lar\u0131 tart\u0131\u015f\u0131lm\u0131\u015f ve alternatifler ortaya konulmaya \u00e7al\u0131\u015f\u0131lm\u0131\u015ft\u0131r.<\/p>\n","protected":false},"excerpt":{"rendered":"<p>\u0130\u00e7inden ge\u00e7mekte oldu\u011fumuz \u00e7ok boyutlu ekonomik krize ra\u011fmen, AKP\u2019nin, siyasal alanda iktidar\u0131n\u0131 s\u00fcrd\u00fcrmesi; kamu kurumlar\u0131nda, kadrola\u015fmay\u0131 tamamlamas\u0131; \u00f6zel sekt\u00f6rde etki g\u00fcc\u00fc artan sermaye gruplar\u0131 arac\u0131l\u0131\u011f\u0131 ve<span class=\"excerpt-hellip\"> [\u2026]<\/span><\/p>\n","protected":false},"featured_media":0,"template":"","meta":{"_monsterinsights_skip_tracking":false,"_monsterinsights_sitenote_active":false,"_monsterinsights_sitenote_note":"","_monsterinsights_sitenote_category":0},"product_brand":[],"product_cat":[12777,12291],"product_tag":[],"class_list":{"0":"post-745175","1":"product","2":"type-product","3":"status-publish","5":"product_cat-deneme","6":"product_cat-edebiyat","7":"pa_cilt-ciltsiz","8":"pa_tur-kitap","9":"pa_yayinevi-northern-lights","10":"pa_yazar-abdullah-damar","12":"first","13":"instock","14":"sale","15":"shipping-taxable","16":"purchasable","17":"product-type-simple"},"_links":{"self":[{"href":"https:\/\/roveyayinevi.com.tr\/index.php\/wp-json\/wp\/v2\/product\/745175","targetHints":{"allow":["GET"]}}],"collection":[{"href":"https:\/\/roveyayinevi.com.tr\/index.php\/wp-json\/wp\/v2\/product"}],"about":[{"href":"https:\/\/roveyayinevi.com.tr\/index.php\/wp-json\/wp\/v2\/types\/product"}],"wp:attachment":[{"href":"https:\/\/roveyayinevi.com.tr\/index.php\/wp-json\/wp\/v2\/media?parent=745175"}],"wp:term":[{"taxonomy":"product_brand","embeddable":true,"href":"https:\/\/roveyayinevi.com.tr\/index.php\/wp-json\/wp\/v2\/product_brand?post=745175"},{"taxonomy":"product_cat","embeddable":true,"href":"https:\/\/roveyayinevi.com.tr\/index.php\/wp-json\/wp\/v2\/product_cat?post=745175"},{"taxonomy":"product_tag","embeddable":true,"href":"https:\/\/roveyayinevi.com.tr\/index.php\/wp-json\/wp\/v2\/product_tag?post=745175"}],"curies":[{"name":"wp","href":"https:\/\/api.w.org\/{rel}","templated":true}]}}