{"id":745174,"date":"2025-08-28T02:13:12","date_gmt":"2025-08-27T23:13:12","guid":{"rendered":"https:\/\/roveyayinevi.com.tr\/index.php\/urun\/ebedi-mucize-ciltli\/"},"modified":"2026-04-13T03:03:58","modified_gmt":"2026-04-13T00:03:58","slug":"ebedi-mucize-ciltli","status":"publish","type":"product","link":"https:\/\/roveyayinevi.com.tr\/index.php\/urun\/ebedi-mucize-ciltli\/","title":{"rendered":"Ebedi Mucize (Ciltli)"},"content":{"rendered":"<p>Hayat\u0131m hen\u00fcz ilkbahar\u0131nda. Yaz aylar\u0131n\u0131 sab\u0131rs\u0131zl\u0131kla bekliyorum, sonra sonbahar y\u0131llar\u0131m\u0131n tad\u0131n\u0131 \u00e7\u0131karaca\u011f\u0131m ve \u015fimdiye kadar her konuda yakamdan d\u00fc\u015fmeyen o merakla hayat\u0131n son noktas\u0131na yakla\u015faca\u011f\u0131mdan eminim. Belki bir g\u00fcn t\u00fcm bu hayata varl\u0131\u011f\u0131m\u0131n bir sayfas\u0131 gibi bakaca\u011f\u0131m; bunu yapmam h\u00e2linde daha da fazla \u015feyi \u2013bizim bilemeyece\u011fimiz ger\u00e7eklerin oldu\u011funa dair kesin bilgiyi\u2013 \u00f6\u011frenmekle alakal\u0131 ayn\u0131 susuzlu\u011fu \u00e7ekece\u011fime eminim&#8230; Belki de b\u00fct\u00fcn mesele budur; ebedi mucize&#8230;     Nobel \u00d6d\u00fcll\u00fc Ana ve M\u00fcbarek Toprak kitaplar\u0131yla tan\u0131d\u0131\u011f\u0131m\u0131z Pearl S. Buck\u2019\u0131n yak\u0131n zamanda ke\u015ffedilen roman\u0131 Ebedi Mucize, al\u0131\u015f\u0131lmad\u0131k bir karakter olan Randolp Colfax\u2019\u0131n hayat\u0131n\u0131 anlat\u0131yor.     Anne karn\u0131ndan yeti\u015fkinlik zamanlar\u0131na kadar hayat yolculu\u011funa tan\u0131kl\u0131k etti\u011fimiz Rann, d\u00fcnyaya ve insanlara farkl\u0131 bir noktadan bakmam\u0131z\u0131 sa\u011fl\u0131yor. Do\u011fdu\u011fu g\u00fcnden bu yana bitimsiz bir merak duygusuyla \u00e7evresini anlamland\u0131rmaya ve ke\u015ffetmeye \u00e7al\u0131\u015f\u0131yor, hi\u00e7 bilmedi\u011fi hayatlar\u0131n ve hik\u00e2yelerin pe\u015fine d\u00fc\u015f\u00fcyor; her bir tecr\u00fcbeyle karakterini ve hayat\u0131n\u0131 in\u015fa ederken as\u0131l benli\u011fine ula\u015fmay\u0131 ama\u00e7l\u0131yor.         Benzersiz zek\u00e2s\u0131 ve d\u00fc\u015f\u00fcn\u00fc\u015f bi\u00e7imiyle hen\u00fcz on iki ya\u015f\u0131ndayken \u00fcniversiteye kabul edilecek kadar al\u0131\u015f\u0131lmad\u0131k bir \u00e7ocuk olan Rann, gitgide geni\u015fleyen d\u00fcnyas\u0131nda birbirinden farkl\u0131 insanlarla tan\u0131\u015f\u0131p onlar\u0131n hik\u00e2yelerinde kendine bir yer ediniyor, bir yandan da insanlar\u0131n ve d\u00fcnyan\u0131n \u00e7eli\u015fkilerle dolu s\u00fcrprizleriyle ba\u015fa \u00e7\u0131kmaya \u00e7al\u0131\u015f\u0131yor.       Nobel Edebiyat \u00d6d\u00fcl\u00fc\u2019n\u00fc kazanan ilk kad\u0131n yazar olarak tarihe ad\u0131n\u0131 yazd\u0131ran Pearl S. Buck, Ebedi Mucize\u2019de Rann\u2019\u0131n tecr\u00fcbeleri \u00fczerinden, bir insan\u0131 \u015fekillendiren ko\u015fullar\u0131 t\u00fcm \u00e7\u0131plakl\u0131\u011f\u0131yla g\u00f6zler \u00f6n\u00fcne seriyor. <\/p>\n","protected":false},"excerpt":{"rendered":"<p>Hayat\u0131m hen\u00fcz ilkbahar\u0131nda. Yaz aylar\u0131n\u0131 sab\u0131rs\u0131zl\u0131kla bekliyorum, sonra sonbahar y\u0131llar\u0131m\u0131n tad\u0131n\u0131 \u00e7\u0131karaca\u011f\u0131m ve \u015fimdiye kadar her konuda yakamdan d\u00fc\u015fmeyen o merakla hayat\u0131n son noktas\u0131na yakla\u015faca\u011f\u0131mdan eminim.<span class=\"excerpt-hellip\"> [\u2026]<\/span><\/p>\n","protected":false},"featured_media":0,"template":"","meta":{"_monsterinsights_skip_tracking":false,"_monsterinsights_sitenote_active":false,"_monsterinsights_sitenote_note":"","_monsterinsights_sitenote_category":0},"product_brand":[],"product_cat":[12291,12711],"product_tag":[],"class_list":{"0":"post-745174","1":"product","2":"type-product","3":"status-publish","5":"product_cat-edebiyat","6":"product_cat-roman-oyku","7":"pa_cilt-ciltli","8":"pa_tur-kitap","9":"pa_yayinevi-kafka-yayinevi","10":"pa_yazar-pearl-s-buck","12":"first","13":"instock","14":"sale","15":"shipping-taxable","16":"purchasable","17":"product-type-simple"},"_links":{"self":[{"href":"https:\/\/roveyayinevi.com.tr\/index.php\/wp-json\/wp\/v2\/product\/745174","targetHints":{"allow":["GET"]}}],"collection":[{"href":"https:\/\/roveyayinevi.com.tr\/index.php\/wp-json\/wp\/v2\/product"}],"about":[{"href":"https:\/\/roveyayinevi.com.tr\/index.php\/wp-json\/wp\/v2\/types\/product"}],"wp:attachment":[{"href":"https:\/\/roveyayinevi.com.tr\/index.php\/wp-json\/wp\/v2\/media?parent=745174"}],"wp:term":[{"taxonomy":"product_brand","embeddable":true,"href":"https:\/\/roveyayinevi.com.tr\/index.php\/wp-json\/wp\/v2\/product_brand?post=745174"},{"taxonomy":"product_cat","embeddable":true,"href":"https:\/\/roveyayinevi.com.tr\/index.php\/wp-json\/wp\/v2\/product_cat?post=745174"},{"taxonomy":"product_tag","embeddable":true,"href":"https:\/\/roveyayinevi.com.tr\/index.php\/wp-json\/wp\/v2\/product_tag?post=745174"}],"curies":[{"name":"wp","href":"https:\/\/api.w.org\/{rel}","templated":true}]}}