{"id":745171,"date":"2025-08-28T02:13:09","date_gmt":"2025-08-27T23:13:09","guid":{"rendered":"https:\/\/roveyayinevi.com.tr\/index.php\/urun\/dunya-iste-boyle-yonetilir-kuresel-gucun-gizli-22-stratejisi\/"},"modified":"2026-04-16T02:57:33","modified_gmt":"2026-04-15T23:57:33","slug":"dunya-iste-boyle-yonetilir-kuresel-gucun-gizli-22-stratejisi","status":"publish","type":"product","link":"https:\/\/roveyayinevi.com.tr\/index.php\/urun\/dunya-iste-boyle-yonetilir-kuresel-gucun-gizli-22-stratejisi\/","title":{"rendered":"D\u00fcnya \u0130\u015fte B\u00f6yle Y\u00f6netilir  K\u00fcresel G\u00fcc\u00fcn Gizli 22 Stratejisi"},"content":{"rendered":"<p>\u201cMerdiveni Devirmek\u201d, \u201c\u015eampanya Kadehleri Kulesi\u201d, \u201cKat\u0131r ve Eyer \u00c7antalar\u0131\u201d gibi s\u0131rad\u0131\u015f\u0131 ba\u015fl\u0131klar\u0131yla D\u00fcnya \u0130\u015fte B\u00f6yle Y\u00f6netilir y\u00fczy\u0131llar boyunca \u00fclkelerin g\u00fc\u00e7lerini koruyup g\u00fc\u00e7lendirmek i\u00e7in uygulad\u0131klar\u0131 manip\u00fclasyon stratejilerinin a\u00e7\u0131klay\u0131c\u0131 bir analizi.   K\u00fcresel siyasetten daha insafs\u0131z bir \u015fey var m\u0131? Avrupa, Rusya, \u00c7in, Kore, Suriye, Ortado\u011fu&#8230; Nereye bakarsan\u0131z bak\u0131n, k\u00fcresel jeopolitik g\u00fc\u00e7 oyunlar\u0131 \u00e7a\u011f\u0131nda ya\u015fad\u0131\u011f\u0131m\u0131z\u0131 g\u00f6receksiniz. Pedro Ba\u00f1os, bu kitapta bizi \u00fclkeler aras\u0131ndaki bu egemenlik oyunlar\u0131n\u0131n bilinmeyenlerine g\u00f6t\u00fcr\u00fcyor.   \u0130ttifaklar, manip\u00fclasyon, rekabet, psikolojik sava\u015f&#8230; Ba\u00f1os, bahisleri y\u00fcksek oldu\u011fu bu oyunu, uluslararas\u0131 alanda nas\u0131l hareket edilece\u011fine ve nas\u0131l etki yarat\u0131laca\u011f\u0131na dair 22 evrensel kuralla ifade ediyor.   Stratejik g\u00fcc\u00fcn ger\u00e7ekte nas\u0131l i\u015fledi\u011finin s\u0131rlar\u0131na dair son derece s\u00fcr\u00fckleyici bir yol haritas\u0131.   \u201cBa\u00f1os bize bilmedi\u011fimiz veya tahmin etmedi\u011fimiz bir \u015fey s\u00f6ylemiyor, ancak hepsini \u015f\u00fcpheye yer b\u0131rakmayacak \u015fekilde a\u00e7\u0131kl\u0131yor, belgeliyor ve \u00f6zetliyor. D\u00fcnya \u0130\u015fte B\u00f6yle Y\u00f6netilir, roman gibi soluksuz okunacak bir eser.\u201d   \u2013 Ima Sanch\u00eds <\/p>\n","protected":false},"excerpt":{"rendered":"<p>\u201cMerdiveni Devirmek\u201d, \u201c\u015eampanya Kadehleri Kulesi\u201d, \u201cKat\u0131r ve Eyer \u00c7antalar\u0131\u201d gibi s\u0131rad\u0131\u015f\u0131 ba\u015fl\u0131klar\u0131yla D\u00fcnya \u0130\u015fte B\u00f6yle Y\u00f6netilir y\u00fczy\u0131llar boyunca \u00fclkelerin g\u00fc\u00e7lerini koruyup g\u00fc\u00e7lendirmek i\u00e7in uygulad\u0131klar\u0131 manip\u00fclasyon stratejilerinin<span class=\"excerpt-hellip\"> [\u2026]<\/span><\/p>\n","protected":false},"featured_media":0,"template":"","meta":{"_monsterinsights_skip_tracking":false,"_monsterinsights_sitenote_active":false,"_monsterinsights_sitenote_note":"","_monsterinsights_sitenote_category":0},"product_brand":[],"product_cat":[13590,12337],"product_tag":[],"class_list":{"0":"post-745171","1":"product","2":"type-product","3":"status-publish","5":"product_cat-arastirma-inceleme-politika-siyaset","6":"product_cat-politika-siyaset","7":"pa_cilt-ciltsiz","8":"pa_tur-kitap","9":"pa_yayinevi-epsilon-yayinlari","10":"pa_yazar-pedro-banos","12":"first","13":"instock","14":"sale","15":"shipping-taxable","16":"purchasable","17":"product-type-simple"},"_links":{"self":[{"href":"https:\/\/roveyayinevi.com.tr\/index.php\/wp-json\/wp\/v2\/product\/745171","targetHints":{"allow":["GET"]}}],"collection":[{"href":"https:\/\/roveyayinevi.com.tr\/index.php\/wp-json\/wp\/v2\/product"}],"about":[{"href":"https:\/\/roveyayinevi.com.tr\/index.php\/wp-json\/wp\/v2\/types\/product"}],"wp:attachment":[{"href":"https:\/\/roveyayinevi.com.tr\/index.php\/wp-json\/wp\/v2\/media?parent=745171"}],"wp:term":[{"taxonomy":"product_brand","embeddable":true,"href":"https:\/\/roveyayinevi.com.tr\/index.php\/wp-json\/wp\/v2\/product_brand?post=745171"},{"taxonomy":"product_cat","embeddable":true,"href":"https:\/\/roveyayinevi.com.tr\/index.php\/wp-json\/wp\/v2\/product_cat?post=745171"},{"taxonomy":"product_tag","embeddable":true,"href":"https:\/\/roveyayinevi.com.tr\/index.php\/wp-json\/wp\/v2\/product_tag?post=745171"}],"curies":[{"name":"wp","href":"https:\/\/api.w.org\/{rel}","templated":true}]}}